{"id":384,"date":"2024-06-11T18:03:14","date_gmt":"2024-06-11T18:03:54","guid":{"rendered":"https:\/\/thequeenhouse.co.uk\/?post_type=product&#038;p=384"},"modified":"2025-11-13T16:30:30","modified_gmt":"2025-11-13T15:30:30","slug":"saoder-paakiu-padukai-su-hyalurono-rugstimi","status":"publish","type":"product","link":"https:\/\/thequeenhouse.co.uk\/lt\/produktas\/saoder-paakiu-padukai-su-hyalurono-rugstimi\/","title":{"rendered":",,Saoder\u2019\u2019 Paaki\u0173 Padukai su Hialurono R\u016bg\u0161timi"},"content":{"rendered":"<p>Atraskite Saoder hialurono r\u016bg\u0161ties paaki\u0173 kauki\u0173 paslapt\u012f savo odos prie\u017ei\u016bros rutinai su m\u016bs\u0173 nauja formule, sukurta specialiai aki\u0173 zonai. Praturtintos kolagenu, m\u016bs\u0173 prabangios hydrogelio paaki\u0173 kauk\u0117s veiksmingai kovoja su smulkiomis rauk\u0161lel\u0117mis, rauk\u0161l\u0117mis ir senstan\u010diomis l\u0105stel\u0117mis.<\/p>\n<p>Patirkite transformuojan\u010di\u0105 hialurono r\u016bg\u0161ties, keramid\u0173 ir kofeino gali\u0105, kai jie kartu dr\u0117kina, lygina ir atgaivina j\u016bs\u0173 od\u0105. Pasiekite spindin\u010di\u0105 ir jaunatvi\u0161k\u0105 veido spalv\u0105, nepaisant am\u017eiaus, su m\u016bs\u0173 auk\u0161\u010diausios kokyb\u0117s aki\u0173 pleistrais, skirtais atjauninti paaki\u0173 zon\u0105.<\/p>\n","protected":false},"excerpt":{"rendered":"<p>Atraskite Saoder hialurono r\u016bg\u0161ties paaki\u0173 kauki\u0173 paslapt\u012f savo odos prie\u017ei\u016bros rutinai su m\u016bs\u0173 nauja formule, sukurta specialiai aki\u0173 zonai. Praturtintos kolagenu, m\u016bs\u0173 prabangios hydrogelio paaki\u0173 kauk\u0117s veiksmingai kovoja su smulkiomis rauk\u0161lel\u0117mis, rauk\u0161l\u0117mis ir senstan\u010diomis l\u0105stel\u0117mis.<\/p>\n<p>Patirkite transformuojan\u010di\u0105 hialurono r\u016bg\u0161ties, keramid\u0173 ir kofeino gali\u0105, kai jie kartu dr\u0117kina, lygina ir atgaivina j\u016bs\u0173 od\u0105. Pasiekite spindin\u010di\u0105 ir jaunatvi\u0161k\u0105 veido spalv\u0105, nepaisant am\u017eiaus, su m\u016bs\u0173 auk\u0161\u010diausios kokyb\u0117s aki\u0173 pleistrais, skirtais atjauninti paaki\u0173 zon\u0105.<\/p>\n","protected":false},"featured_media":383,"comment_status":"open","ping_status":"closed","template":"","meta":[],"product_brand":[],"product_cat":[43,212],"product_tag":[],"class_list":{"0":"post-384","1":"product","2":"type-product","3":"status-publish","4":"has-post-thumbnail","6":"product_cat-grozis","7":"product_cat-veido-prieziuros-priemones","9":"first","10":"outofstock","11":"taxable","12":"shipping-taxable","13":"purchasable","14":"product-type-variable"},"_links":{"self":[{"href":"https:\/\/thequeenhouse.co.uk\/lt\/wp-json\/wp\/v2\/product\/384","targetHints":{"allow":["GET"]}}],"collection":[{"href":"https:\/\/thequeenhouse.co.uk\/lt\/wp-json\/wp\/v2\/product"}],"about":[{"href":"https:\/\/thequeenhouse.co.uk\/lt\/wp-json\/wp\/v2\/types\/product"}],"replies":[{"embeddable":true,"href":"https:\/\/thequeenhouse.co.uk\/lt\/wp-json\/wp\/v2\/comments?post=384"}],"wp:featuredmedia":[{"embeddable":true,"href":"https:\/\/thequeenhouse.co.uk\/lt\/wp-json\/wp\/v2\/media\/383"}],"wp:attachment":[{"href":"https:\/\/thequeenhouse.co.uk\/lt\/wp-json\/wp\/v2\/media?parent=384"}],"wp:term":[{"taxonomy":"product_brand","embeddable":true,"href":"https:\/\/thequeenhouse.co.uk\/lt\/wp-json\/wp\/v2\/product_brand?post=384"},{"taxonomy":"product_cat","embeddable":true,"href":"https:\/\/thequeenhouse.co.uk\/lt\/wp-json\/wp\/v2\/product_cat?post=384"},{"taxonomy":"product_tag","embeddable":true,"href":"https:\/\/thequeenhouse.co.uk\/lt\/wp-json\/wp\/v2\/product_tag?post=384"}],"curies":[{"name":"wp","href":"https:\/\/api.w.org\/{rel}","templated":true}]}}