{"id":391,"date":"2024-06-11T18:11:54","date_gmt":"2024-06-11T18:11:54","guid":{"rendered":"https:\/\/thequeenhouse.co.uk\/?post_type=product&#038;p=391"},"modified":"2025-06-29T12:16:47","modified_gmt":"2025-06-29T11:16:47","slug":"giliai-valancios-veido-putos-120ml","status":"publish","type":"product","link":"https:\/\/thequeenhouse.co.uk\/lt\/produktas\/giliai-valancios-veido-putos-120ml\/","title":{"rendered":"Giliai Valan\u010dios Veido Putos 120Ml"},"content":{"rendered":"<p>&#8222;Mond&#8217;sub Cleanser&#8217;s&#8221; veido prausiklis yra tinkamas pasirinkimas kasdienei prie\u017ei\u016brai.<\/p>\n<p>&#8222;Advanced Cleanser&#8221; putos efektyviai pa\u0161alina makia\u017e\u0105 ir riebal\u0173 pertekli\u0173, kad j\u016bs\u0173 oda b\u016bt\u0173 \u0161vari, gaivi ir sudr\u0117kinta bei atkurt\u0173 odos pusiausvyr\u0105.<\/p>\n<ul>\n<li>Maloniai Atsigaivina<\/li>\n<li>Tinka jautriai odai<\/li>\n<li>Apsaugo od\u0105 nuo i\u0161saus\u0117jimo<\/li>\n<li>\u0160velniai ir kruop\u0161\u010diai nuplauna vis\u0105 veid\u0105<\/li>\n<\/ul>\n<p><strong>\u00a0\u00a0\u00a0 1) M\u0117lyni\u0173 ekstrakto valomosios veido putos 120ml<\/strong><\/p>\n<ul>\n<li>Tinka vis\u0173 tip\u0173 odai<\/li>\n<li>Giliai antioksiduojanti, valanti poras<\/li>\n<li>Atstato odos balans\u0105<\/li>\n<\/ul>\n<p><strong>\u00a0\u00a0\u00a0 2) Bra\u0161ki\u0173 ekstrakto valomosios veido putos 120ml<\/strong><\/p>\n<ul>\n<li>Sausai veido odai<\/li>\n<li>Giliai maitinanti, dr\u0117kinanti<\/li>\n<\/ul>\n<p><strong>\u00a0 \u00a0 <\/strong><strong>3) \u017dali\u0173j\u0173 m\u0117t\u0173 ekstrakto valomosios veido putos 120ml<\/strong><\/p>\n<ul>\n<li>Riebiai veido odai<\/li>\n<li>Reguliuoja veido odos rieba\u0173 i\u0161siskyrim\u0105<\/li>\n<li>Puikiai i\u0161valo poras bei aliej\u0173 pertekli\u0173<\/li>\n<li>Atgaivina bei atstato veido ph<\/li>\n<\/ul>\n<p><strong>\u00a0 \u00a04) Vitaminu C praturtintos valomosios veido putos 120ml<\/strong><\/p>\n<ul>\n<li>Tinka vis\u0173 tip\u0173 odai<\/li>\n<li>Pagyvina veido od\u0105, i\u0161valo poras<\/li>\n<li>Pa\u0161viesina patams\u0117jusias veido zonas<\/li>\n<li>Primaitina bei dr\u0117kina veid\u0105<\/li>\n<\/ul>\n","protected":false},"excerpt":{"rendered":"<p>&#8222;Mond&#8217;sub Cleanser&#8217;s&#8221; veido prausiklis yra tinkamas pasirinkimas kasdienei prie\u017ei\u016brai.<\/p>\n<p>&#8222;Advanced Cleanser&#8221; putos efektyviai pa\u0161alina makia\u017e\u0105 ir riebal\u0173 pertekli\u0173, kad j\u016bs\u0173 oda b\u016bt\u0173 \u0161vari, gaivi ir sudr\u0117kinta bei atkurt\u0173 odos pusiausvyr\u0105.<\/p>\n<ul>\n<li>Maloniai Atsigaivina<\/li>\n<li>Tinka jautriai odai<\/li>\n<li>Apsaugo od\u0105 nuo i\u0161saus\u0117jimo<\/li>\n<li>\u0160velniai ir kruop\u0161\u010diai nuplauna vis\u0105 veid\u0105<\/li>\n<\/ul>\n<p><strong>\u00a0\u00a0\u00a0 1) M\u0117lyni\u0173 ekstrakto valomosios veido putos 120ml<\/strong><\/p>\n<ul>\n<li>Tinka vis\u0173 tip\u0173 odai<\/li>\n<li>Giliai antioksiduojanti, valanti poras<\/li>\n<li>Atstato odos balans\u0105<\/li>\n<\/ul>\n<p><strong>\u00a0\u00a0\u00a0 2) Bra\u0161ki\u0173 ekstrakto valomosios veido putos 120ml<\/strong><\/p>\n<ul>\n<li>Sausai veido odai<\/li>\n<li>Giliai maitinanti, dr\u0117kinanti<\/li>\n<\/ul>\n<p><strong>\u00a0 \u00a0 <\/strong><strong>3) \u017dali\u0173j\u0173 m\u0117t\u0173 ekstrakto valomosios veido putos 120ml<\/strong><\/p>\n<ul>\n<li>Riebiai veido odai<\/li>\n<li>Reguliuoja veido odos rieba\u0173 i\u0161siskyrim\u0105<\/li>\n<li>Puikiai i\u0161valo poras bei aliej\u0173 pertekli\u0173<\/li>\n<li>Atgaivina bei atstato veido ph<\/li>\n<\/ul>\n<p><strong>\u00a0 \u00a04) Vitaminu C praturtintos valomosios veido putos 120ml<\/strong><\/p>\n<ul>\n<li>Tinka vis\u0173 tip\u0173 odai<\/li>\n<li>Pagyvina veido od\u0105, i\u0161valo poras<\/li>\n<li>Pa\u0161viesina patams\u0117jusias veido zonas<\/li>\n<li>Primaitina bei dr\u0117kina veid\u0105<\/li>\n<\/ul>\n","protected":false},"featured_media":388,"comment_status":"open","ping_status":"closed","template":"","meta":[],"product_brand":[],"product_cat":[176,212],"product_tag":[],"class_list":{"0":"post-391","1":"product","2":"type-product","3":"status-publish","4":"has-post-thumbnail","6":"product_cat-deals-lt","7":"product_cat-veido-prieziuros-priemones","9":"first","10":"outofstock","11":"taxable","12":"shipping-taxable","13":"purchasable","14":"product-type-variable"},"_links":{"self":[{"href":"https:\/\/thequeenhouse.co.uk\/lt\/wp-json\/wp\/v2\/product\/391","targetHints":{"allow":["GET"]}}],"collection":[{"href":"https:\/\/thequeenhouse.co.uk\/lt\/wp-json\/wp\/v2\/product"}],"about":[{"href":"https:\/\/thequeenhouse.co.uk\/lt\/wp-json\/wp\/v2\/types\/product"}],"replies":[{"embeddable":true,"href":"https:\/\/thequeenhouse.co.uk\/lt\/wp-json\/wp\/v2\/comments?post=391"}],"wp:featuredmedia":[{"embeddable":true,"href":"https:\/\/thequeenhouse.co.uk\/lt\/wp-json\/wp\/v2\/media\/388"}],"wp:attachment":[{"href":"https:\/\/thequeenhouse.co.uk\/lt\/wp-json\/wp\/v2\/media?parent=391"}],"wp:term":[{"taxonomy":"product_brand","embeddable":true,"href":"https:\/\/thequeenhouse.co.uk\/lt\/wp-json\/wp\/v2\/product_brand?post=391"},{"taxonomy":"product_cat","embeddable":true,"href":"https:\/\/thequeenhouse.co.uk\/lt\/wp-json\/wp\/v2\/product_cat?post=391"},{"taxonomy":"product_tag","embeddable":true,"href":"https:\/\/thequeenhouse.co.uk\/lt\/wp-json\/wp\/v2\/product_tag?post=391"}],"curies":[{"name":"wp","href":"https:\/\/api.w.org\/{rel}","templated":true}]}}