{"id":396,"date":"2024-06-11T18:14:14","date_gmt":"2024-06-11T18:14:14","guid":{"rendered":"https:\/\/thequeenhouse.co.uk\/?post_type=product&#038;p=396"},"modified":"2024-10-14T11:28:43","modified_gmt":"2024-10-14T10:28:43","slug":"prabangus-ranku-kaukes-lakstai-su-vysniu-ekstraktu-ir-niacinamidu","status":"publish","type":"product","link":"https:\/\/thequeenhouse.co.uk\/lt\/produktas\/prabangus-ranku-kaukes-lakstai-su-vysniu-ekstraktu-ir-niacinamidu\/","title":{"rendered":"Rank\u0173 kauk\u0117s su vy\u0161ni\u0173 ekstraktu ir niacinamidu"},"content":{"rendered":"<p>Klinikiniai tyrimai parod\u0117, kad niacinamidas gali pagerinti senstan\u010dios odos i\u0161vaizd\u0105, suma\u017eindamas hiperpigmentacij\u0105 ir paraudim\u0105.<\/p>\n<p>Prabangi\u0173 lak\u0161tini\u0173 rank\u0173 kauki\u0173 savyb\u0117s:<\/p>\n<ul>\n<li>Suma\u017eina por\u0173 atsiradim\u0105<\/li>\n<li>Atjaunina rank\u0173 od\u0105<\/li>\n<li>Giliai maitina ir dr\u0117kina rankas<\/li>\n<li>Padeda kovoti su \u0161iurk\u0161\u010dia oda<\/li>\n<li>Mink\u0161tina rankas ir palieka \u0161ilko efekt\u0105<\/li>\n<\/ul>\n","protected":false},"excerpt":{"rendered":"<p>Klinikiniai tyrimai parod\u0117, kad niacinamidas gali pagerinti senstan\u010dios odos i\u0161vaizd\u0105, suma\u017eindamas hiperpigmentacij\u0105 ir paraudim\u0105.<\/p>\n<p>Prabangi\u0173 lak\u0161tini\u0173 rank\u0173 kauki\u0173 savyb\u0117s:<\/p>\n<ul>\n<li>Suma\u017eina por\u0173 atsiradim\u0105<\/li>\n<li>Atjaunina rank\u0173 od\u0105<\/li>\n<li>Giliai maitina ir dr\u0117kina rankas<\/li>\n<li>Padeda kovoti su \u0161iurk\u0161\u010dia oda<\/li>\n<li>Mink\u0161tina rankas ir palieka \u0161ilko efekt\u0105<\/li>\n<\/ul>\n<ul>\n<li>Mink\u0161tina rankas ir palieka \u0161ilko efekt\u0105<\/li>\n<\/ul>\n","protected":false},"featured_media":395,"comment_status":"open","ping_status":"closed","template":"","meta":[],"product_brand":[],"product_cat":[43,213],"product_tag":[],"class_list":{"0":"post-396","1":"product","2":"type-product","3":"status-publish","4":"has-post-thumbnail","6":"product_cat-grozis","7":"product_cat-ranku-prieziuros-priemones","9":"first","10":"instock","11":"taxable","12":"shipping-taxable","13":"purchasable","14":"product-type-variable"},"_links":{"self":[{"href":"https:\/\/thequeenhouse.co.uk\/lt\/wp-json\/wp\/v2\/product\/396","targetHints":{"allow":["GET"]}}],"collection":[{"href":"https:\/\/thequeenhouse.co.uk\/lt\/wp-json\/wp\/v2\/product"}],"about":[{"href":"https:\/\/thequeenhouse.co.uk\/lt\/wp-json\/wp\/v2\/types\/product"}],"replies":[{"embeddable":true,"href":"https:\/\/thequeenhouse.co.uk\/lt\/wp-json\/wp\/v2\/comments?post=396"}],"wp:featuredmedia":[{"embeddable":true,"href":"https:\/\/thequeenhouse.co.uk\/lt\/wp-json\/wp\/v2\/media\/395"}],"wp:attachment":[{"href":"https:\/\/thequeenhouse.co.uk\/lt\/wp-json\/wp\/v2\/media?parent=396"}],"wp:term":[{"taxonomy":"product_brand","embeddable":true,"href":"https:\/\/thequeenhouse.co.uk\/lt\/wp-json\/wp\/v2\/product_brand?post=396"},{"taxonomy":"product_cat","embeddable":true,"href":"https:\/\/thequeenhouse.co.uk\/lt\/wp-json\/wp\/v2\/product_cat?post=396"},{"taxonomy":"product_tag","embeddable":true,"href":"https:\/\/thequeenhouse.co.uk\/lt\/wp-json\/wp\/v2\/product_tag?post=396"}],"curies":[{"name":"wp","href":"https:\/\/api.w.org\/{rel}","templated":true}]}}