{"id":401,"date":"2024-06-11T18:16:47","date_gmt":"2024-06-11T18:17:24","guid":{"rendered":"https:\/\/thequeenhouse.co.uk\/?post_type=product&#038;p=401"},"modified":"2024-11-07T15:02:25","modified_gmt":"2024-11-07T14:02:25","slug":"saoder-jogurtinis-kuno-sveitiklis-saldzios-uogos-250gr","status":"publish","type":"product","link":"https:\/\/thequeenhouse.co.uk\/lt\/produktas\/saoder-jogurtinis-kuno-sveitiklis-saldzios-uogos-250gr\/","title":{"rendered":"Saoder Jogurtinis k\u016bno \u0161veitiklis ,,Sald\u017eios Uogos\u2019\u2019 250gr"},"content":{"rendered":"<p>Dr\u0117kinantis k\u016bno \u0161veitiklis. \u0160velnus, va\u0161ko tekst\u016bros \u0161veitiklio \u0161velniai ir delika\u010diai pa\u0161alina perteklin\u012f riebal\u0173 kiek\u012f ant odos, bei negyvasias odos l\u0105steles. Padeda pridr\u0117kinti i\u0161saus\u0117jusi\u0105 od\u0105, paliekant od\u0105 mink\u0161t\u0105, glotni\u0105 ir pridr\u0117kint\u0105 po proced\u016bros.<\/p>\n<p><strong>Tinka vis\u0173 tip\u0173 odai<\/strong><\/p>\n","protected":false},"excerpt":{"rendered":"<p>Dr\u0117kinantis k\u016bno \u0161veitiklis. \u0160velnus, va\u0161ko tekst\u016bros \u0161veitiklio \u0161velniai ir delika\u010diai pa\u0161alina perteklin\u012f riebal\u0173 kiek\u012f ant odos, bei negyvasias odos l\u0105steles. Padeda pridr\u0117kinti i\u0161saus\u0117jusi\u0105 od\u0105, paliekant od\u0105 mink\u0161t\u0105, glotni\u0105 ir pridr\u0117kint\u0105 po proced\u016bros.<\/p>\n<p><strong>Tinka vis\u0173 tip\u0173 odai<\/strong><\/p>\n","protected":false},"featured_media":400,"comment_status":"open","ping_status":"closed","template":"","meta":[],"product_brand":[],"product_cat":[43,211],"product_tag":[],"class_list":{"0":"post-401","1":"product","2":"type-product","3":"status-publish","4":"has-post-thumbnail","6":"product_cat-grozis","7":"product_cat-kuno-prieziuros-priemones","9":"first","10":"instock","11":"taxable","12":"shipping-taxable","13":"purchasable","14":"product-type-simple"},"_links":{"self":[{"href":"https:\/\/thequeenhouse.co.uk\/lt\/wp-json\/wp\/v2\/product\/401","targetHints":{"allow":["GET"]}}],"collection":[{"href":"https:\/\/thequeenhouse.co.uk\/lt\/wp-json\/wp\/v2\/product"}],"about":[{"href":"https:\/\/thequeenhouse.co.uk\/lt\/wp-json\/wp\/v2\/types\/product"}],"replies":[{"embeddable":true,"href":"https:\/\/thequeenhouse.co.uk\/lt\/wp-json\/wp\/v2\/comments?post=401"}],"wp:featuredmedia":[{"embeddable":true,"href":"https:\/\/thequeenhouse.co.uk\/lt\/wp-json\/wp\/v2\/media\/400"}],"wp:attachment":[{"href":"https:\/\/thequeenhouse.co.uk\/lt\/wp-json\/wp\/v2\/media?parent=401"}],"wp:term":[{"taxonomy":"product_brand","embeddable":true,"href":"https:\/\/thequeenhouse.co.uk\/lt\/wp-json\/wp\/v2\/product_brand?post=401"},{"taxonomy":"product_cat","embeddable":true,"href":"https:\/\/thequeenhouse.co.uk\/lt\/wp-json\/wp\/v2\/product_cat?post=401"},{"taxonomy":"product_tag","embeddable":true,"href":"https:\/\/thequeenhouse.co.uk\/lt\/wp-json\/wp\/v2\/product_tag?post=401"}],"curies":[{"name":"wp","href":"https:\/\/api.w.org\/{rel}","templated":true}]}}