{"id":406,"date":"2024-06-11T18:21:23","date_gmt":"2024-06-11T18:22:12","guid":{"rendered":"https:\/\/thequeenhouse.co.uk\/?post_type=product&#038;p=406"},"modified":"2025-06-23T19:31:35","modified_gmt":"2025-06-23T18:31:35","slug":"kuno-sveitiklis-malachite-cosmetics-salted-caramel-300gr","status":"publish","type":"product","link":"https:\/\/thequeenhouse.co.uk\/lt\/produktas\/kuno-sveitiklis-malachite-cosmetics-salted-caramel-300gr\/","title":{"rendered":"K\u016bno \u0161veitiklis MALACHITE COSMETICS &#8222;Salted Caramel&#8221;, 300gr"},"content":{"rendered":"<p>Maitinantis bei \u0161velniai \u0161vei\u010diantis aliejinis k\u016bno \u0161veitiklis, apgaubiantis maloniu sald\u017eios karamel\u0117s aromatu. Produktas su unikalia formule \u0161velniai, bet veiksmingai pa\u0161alina negyvasias odos l\u0105steles, skatina regeneracij\u0105 ir padeda i\u0161lyginti odos tekst\u016br\u0105. Druskos pagrindo \u0161veitiklis giliai valo od\u0105, apr\u016bpina j\u0105 mineralais, saugo nuo \u012faugin\u0117jan\u010di\u0173 plaukeli\u0173. Sud\u0117tyje esantis kanapi\u0173 aliejus kovoja su odos pleiskanojimu, padeda atkurti apsaugin\u012f odos barjer\u0105, ramina ir puosel\u0117ja od\u0105. Taukmed\u017eio sviestas maitina, mink\u0161tina od\u0105, saugo nuo \u012fvairi\u0173 kenksming\u0173 aplinkos veiksni\u0173, o vitaminas E veikia kaip antioksidantas, prisideda prie odos l\u0105steli\u0173 atsinaujinimo. \u00a0Minimalistin\u0117, ta\u010diau turtinga sud\u0117tis tinkama visiems odos tipams, net ir jautriai odai. Po naudojimo oda tampa maksimaliai pridr\u0117kinta, jau\u010diamas neapsakomas jos \u0161velnumas, mink\u0161tumas, o ilgainiui naudojant \u0161veitikl\u012f lyg\u0117ja odos tekst\u016bra.<\/p>\n<p>&#8211;\u00a0\u00a0J\u016bros druska\u00a0\u2013 viena i\u0161 pagrindini\u0173 sudedam\u0173j\u0173 med\u017eiag\u0173, kuri giliai valo od\u0105, apr\u016bpina j\u0105 vertingais i\u0161 j\u016bros gelmi\u0173 i\u0161gautais mineralais, skatina odos atsinaujinim\u0105 spartinant negyv\u0173 l\u0105steli\u0173 pasi\u0161alinim\u0105 nuo odos, o tai suteikia odai lygumo, \u0161velnumo, taip pat saugo nuo \u012faugin\u0117jan\u010di\u0173 plaukeli\u0173.<\/p>\n<p>&#8211;\u00a0\u00a0Abrikos\u0173 kauliuk\u0173 milteliai (pudra) &#8211;\u00a0atlieka \u0161veitimo funkcij\u0105, \u0161velniai pa\u0161alina negyvas odos l\u0105steles, stimuliuoja odos atsinaujinim\u0105, lygina odos tekst\u016bros netolygumus, padeda kovoti su pigmentin\u0117mis d\u0117mel\u0117mis ir suteikia odai neapsakomo \u0161ilko \u0161velnumo. Be to, didina skvarbum\u0105 kit\u0173 kosmetikos priemoni\u0173, tepam\u0173 po \u0161veitimo.<\/p>\n<p>&#8211;\u00a0\u00a0Kanapi\u0173 aliejus &#8211;\u00a0paskutiniu metu itin da\u017enai randamas kosmetikos priemon\u0117se ir ypa\u010d vertinamas d\u0117l savo raminan\u010di\u0173, atkurian\u010di\u0173 savybi\u0173. Kanapi\u0173 aliejus gausus vitaminais, omega r\u016bg\u0161timis ir kitais mikroelementais, kurie maitina od\u0105, ma\u017eina odos sudirgim\u0105, skatina regeneracinius procesus ir stiprina odos apsaugin\u012f barjer\u0105. Puikiai tinkamas naudoti po depiliacijos.<\/p>\n<p>&#8211;\u00a0\u00a0Sald\u017ei\u0173j\u0173 migdol\u0173, simondsij\u0173, makadamij\u0173 augaliniai aliejai \u2013\u00a0auk\u0161tos kokyb\u0117s nerafinuoti aliejai prisotina od\u0105 lipidais, kurie stiprina odos apsaugin\u012f barjer\u0105, saugo nuo i\u0161saus\u0117jimo, padeda pagerinti sausos, pa\u017eeistos odos b\u016bkl\u0119 ir suteikia odai jau\u010diamo \u0161velnumo, mink\u0161tumo.<\/p>\n<p>&#8211;\u00a0\u00a0Taukmed\u017eio sviestas\u00a0&#8211;\u00a0 intensyviai maitina, saugo nuo aplinkos \u017ealing\u0173 odai veiksni\u0173 (\u0161altis, v\u0117jas, kar\u0161tis ir kt.), stiprina apsauginio barjero veikl\u0105, suteikia odai neapsakomo \u0161velnumo, mink\u0161tumo, kovoja su \u0161erpetojimu ir pleiskanojimu.<\/p>\n<p>&#8211;\u00a0\u00a0Vitaminas E\u00a0\u2013 antioksidantas, apsaugo od\u0105 nuo laisv\u0173j\u0173 radikal\u0173 poveikio, padeda odai grei\u010diau atsistatyti.<\/p>\n<p>Naudojimas: U\u017etepkite \u0161veitiklio ant sudr\u0117kintos odos (pageidautina \u2013 i\u0161simaud\u017eius vonioje arba nusiprausus po du\u0161u, kai odos poros yra \u0161iek tiek atsiv\u0117rusios). Zonas, ant kuri\u0173 yra u\u017etepta \u0161veitiklio, sukamaisiais judesiais pamasa\u017euokite, didesn\u012f d\u0117mes\u012f skirkite problemin\u0117ms vietoms. Po to \u0161iltu vandeniu nuplaukite \u0161veitiklio liku\u010dius ir nu\u0161luostykite rank\u0161luos\u010diu.<\/p>\n","protected":false},"excerpt":{"rendered":"<p>Maitinantis bei \u0161velniai \u0161vei\u010diantis aliejinis k\u016bno \u0161veitiklis, apgaubiantis maloniu sald\u017eios karamel\u0117s aromatu. Produktas su unikalia formule \u0161velniai, bet veiksmingai pa\u0161alina negyvasias odos l\u0105steles, skatina regeneracij\u0105 ir padeda i\u0161lyginti odos tekst\u016br\u0105. Druskos pagrindo \u0161veitiklis giliai valo od\u0105, apr\u016bpina j\u0105 mineralais, saugo nuo \u012faugin\u0117jan\u010di\u0173 plaukeli\u0173. Sud\u0117tyje esantis kanapi\u0173 aliejus kovoja su odos pleiskanojimu, padeda atkurti apsaugin\u012f odos barjer\u0105, ramina ir puosel\u0117ja od\u0105. Taukmed\u017eio sviestas maitina, mink\u0161tina od\u0105, saugo nuo \u012fvairi\u0173 kenksming\u0173 aplinkos veiksni\u0173, o vitaminas E veikia kaip antioksidantas, prisideda prie odos l\u0105steli\u0173 atsinaujinimo. \u00a0Minimalistin\u0117, ta\u010diau turtinga sud\u0117tis tinkama visiems odos tipams, net ir jautriai odai. Po naudojimo oda tampa maksimaliai pridr\u0117kinta, jau\u010diamas neapsakomas jos \u0161velnumas, mink\u0161tumas, o ilgainiui naudojant \u0161veitikl\u012f lyg\u0117ja odos tekst\u016bra.<\/p>\n","protected":false},"featured_media":405,"comment_status":"open","ping_status":"closed","template":"","meta":[],"product_brand":[],"product_cat":[43,211],"product_tag":[],"class_list":{"0":"post-406","1":"product","2":"type-product","3":"status-publish","4":"has-post-thumbnail","6":"product_cat-grozis","7":"product_cat-kuno-prieziuros-priemones","9":"first","10":"outofstock","11":"taxable","12":"shipping-taxable","13":"purchasable","14":"product-type-simple"},"_links":{"self":[{"href":"https:\/\/thequeenhouse.co.uk\/lt\/wp-json\/wp\/v2\/product\/406","targetHints":{"allow":["GET"]}}],"collection":[{"href":"https:\/\/thequeenhouse.co.uk\/lt\/wp-json\/wp\/v2\/product"}],"about":[{"href":"https:\/\/thequeenhouse.co.uk\/lt\/wp-json\/wp\/v2\/types\/product"}],"replies":[{"embeddable":true,"href":"https:\/\/thequeenhouse.co.uk\/lt\/wp-json\/wp\/v2\/comments?post=406"}],"wp:featuredmedia":[{"embeddable":true,"href":"https:\/\/thequeenhouse.co.uk\/lt\/wp-json\/wp\/v2\/media\/405"}],"wp:attachment":[{"href":"https:\/\/thequeenhouse.co.uk\/lt\/wp-json\/wp\/v2\/media?parent=406"}],"wp:term":[{"taxonomy":"product_brand","embeddable":true,"href":"https:\/\/thequeenhouse.co.uk\/lt\/wp-json\/wp\/v2\/product_brand?post=406"},{"taxonomy":"product_cat","embeddable":true,"href":"https:\/\/thequeenhouse.co.uk\/lt\/wp-json\/wp\/v2\/product_cat?post=406"},{"taxonomy":"product_tag","embeddable":true,"href":"https:\/\/thequeenhouse.co.uk\/lt\/wp-json\/wp\/v2\/product_tag?post=406"}],"curies":[{"name":"wp","href":"https:\/\/api.w.org\/{rel}","templated":true}]}}