{"id":410,"date":"2024-06-11T18:26:36","date_gmt":"2024-06-11T18:27:28","guid":{"rendered":"https:\/\/thequeenhouse.co.uk\/?post_type=product&#038;p=410"},"modified":"2025-06-23T19:31:22","modified_gmt":"2025-06-23T18:31:22","slug":"kuno-sviestas-malachite-cosmetics-cream-caramel-200ml","status":"publish","type":"product","link":"https:\/\/thequeenhouse.co.uk\/lt\/produktas\/kuno-sviestas-malachite-cosmetics-cream-caramel-200ml\/","title":{"rendered":"K\u016bno sviestas MALACHITE COSMETICS &#8222;cream caramel&#8221;, 200ml"},"content":{"rendered":"<p>Karamelinis malonumas Tavo odai! \u0160ilkinis k\u016bno kremas su viliojan\u010diu aromatu pamaitins ir pagra\u017eins saus\u0105 od\u0105. Kremas intensyviai dr\u0117kina net ir gilesnius odos sluoksnius, suteikdamas neapsakomo \u0161ilko \u0161velnumo bei mink\u0161tumo poj\u016bt\u012f. Produktas turi lengv\u0105, greitai \u012fsigerian\u010di\u0105 tekst\u016br\u0105, o beveik 96% nat\u016brali formul\u0117 u\u017etikrina saug\u0173 ir veiksming\u0105 poveik\u012f. Sud\u0117tyje esantis botanini\u0173 aliej\u0173 kompleksas maitina ir saugo od\u0105, pantenolis kartu su stearino r\u016bg\u0161timi pasi\u017eymi atkurian\u010diu, odos barjer\u0105 stiprinan\u010diu poveikiu. Lecitinas pasi\u017eymi antioksidaciniu, dr\u0117kinan\u010diu poveikiu. Multifunkcionalus vitaminas C \u0161viesina od\u0105, lygina odos spalv\u0105, prisideda prie kolageno sintezes, tad ilgainiui naudojant oda tampa skaistesn\u0117, stangresn\u0117, elastingesn\u0117 bei lygesn\u0117. Kremas puikiai tinka visiems odos tipams puosel\u0117ti, ypa\u010d i\u0161saus\u0117jusiai, netolygiai, pleiskanojan\u010diai odos b\u016bklei gerinti.<\/p>\n<p><strong>Aktyvieji ingredientai:<\/strong><\/p>\n<p>&#8211; Trigliceridai \u2013 intensyviai dr\u0117kina od\u0105, neleid\u017eia jai i\u0161saus\u0117ti, kovoja su odos \u0161erpetojimu, pleiskanojimu.<\/p>\n<p>&#8211; Kakavmed\u017eio s\u0117kl\u0173 sviestas \u2013 hipoalergin\u0117 med\u017eiaga, tinkanti net pa\u010diai jautriausiai, pa\u017eeistai odai (aktualu turint egzem\u0105). Kakavmed\u017eio sviestas suteikia odai elastingumo, kovoja su odos \u0161iurk\u0161tumu, taip pat suteikia apsaug\u0105 nuo strij\u0173 atsiradimo.<\/p>\n<p>&#8211; Pantenolis \u2013 skatina regeneracij\u0105, gr\u0105\u017eina odai komforto jausm\u0105, dr\u0117kina bei ramina jautri\u0105, sudirgusi\u0105 od\u0105, taip pat kovoja su odos pleiskanojimu, \u0161erpetojimu, ma\u017eina nie\u017e\u0117jim\u0105.<\/p>\n<p>&#8211; Stearino riebioji r\u016bg\u0161tis \u2013 multifunkcinis ingredientas, padedantis atstatyti odos barjero pa\u017eeidimus, suteikiantis odai glotnumo, intensyvaus dr\u0117kinimo bei saugo nuo<br \/>\ni\u0161saus\u0117jimo.<\/p>\n<p>&#8211; Vitaminas C \u2013 plataus spektro med\u017eiaga, veikianti kaip stiprus antioksidantas. Tyrimai rodo, jog vitaminas C padeda pagerinti odos b\u016bkl\u0119 skatinant nauj\u0173 l\u0105steli\u0173 susidarym\u0105. Jis taip pat ma\u017eina skys\u010di\u0173 kaupim\u0105si, gerina kolageno gamyb\u0105, kovoja su laisvaisiais radikalais, dalyvauja raginio sluoksnio formavime (stimuliuoja keramid\u0173 sintez\u0119), o tai paveikia odos geb\u0117jim\u0105 apsisaugoti nuo transepidermalinio vandens praradimo, skaistina.<\/p>\n<p>&#8211; Lecitinas \u2013 veikia kaip emolientas, saugo od\u0105 nuo dehidratacijos, be to padeda pagerinti odos elastingum\u0105, stangrum\u0105.<\/p>\n<p>&#8211; Augalini\u0173 avokado, alyvuogi\u0173, abrikos\u0173 kauliuk\u0173, saul\u0117gr\u0105\u017e\u0173 bei argano aliej\u0173 kompleksas \u2013 auk\u0161tos kokyb\u0117s nerafinuoti aliejai prisotina od\u0105 lipidais, kurie stiprina odos apsaugin\u012f barjer\u0105, atkuria komforto jausm\u0105, saugo nuo i\u0161saus\u0117jimo, padeda pagerinti sausos, pa\u017eeistos odos b\u016bkl\u0119 ir akimirksniu suteikia odai jau\u010diamo \u0161velnumo, mink\u0161tumo<\/p>\n<p>&#8211; Vitaminas E &#8211; antioksidantas, apsaugo od\u0105 nuo laisv\u0173j\u0173 radikal\u0173 poveikio, padeda odai grei\u010diau atsistatyti.<\/p>\n<p>&nbsp;<\/p>\n","protected":false},"excerpt":{"rendered":"<p>Karamelinis malonumas Tavo odai! \u0160ilkinis k\u016bno kremas su viliojan\u010diu aromatu pamaitins ir pagra\u017eins saus\u0105 od\u0105. Kremas intensyviai dr\u0117kina net ir gilesnius odos sluoksnius, suteikdamas neapsakomo \u0161ilko \u0161velnumo bei mink\u0161tumo poj\u016bt\u012f. Produktas turi lengv\u0105, greitai \u012fsigerian\u010di\u0105 tekst\u016br\u0105, o beveik 96% nat\u016brali formul\u0117 u\u017etikrina saug\u0173 ir veiksming\u0105 poveik\u012f. Sud\u0117tyje esantis botanini\u0173 aliej\u0173 kompleksas maitina ir saugo od\u0105, pantenolis kartu su stearino r\u016bg\u0161timi pasi\u017eymi atkurian\u010diu, odos barjer\u0105 stiprinan\u010diu poveikiu. Lecitinas pasi\u017eymi antioksidaciniu, dr\u0117kinan\u010diu poveikiu. Multifunkcionalus vitaminas C \u0161viesina od\u0105, lygina odos spalv\u0105, prisideda prie kolageno sintezes, tad ilgainiui naudojant oda tampa skaistesn\u0117, stangresn\u0117, elastingesn\u0117 bei lygesn\u0117. Kremas puikiai tinka visiems odos tipams puosel\u0117ti, ypa\u010d i\u0161saus\u0117jusiai, netolygiai, pleiskanojan\u010diai odos b\u016bklei gerinti.<\/p>\n","protected":false},"featured_media":409,"comment_status":"open","ping_status":"closed","template":"","meta":[],"product_brand":[],"product_cat":[43,211],"product_tag":[],"class_list":{"0":"post-410","1":"product","2":"type-product","3":"status-publish","4":"has-post-thumbnail","6":"product_cat-grozis","7":"product_cat-kuno-prieziuros-priemones","9":"first","10":"outofstock","11":"taxable","12":"shipping-taxable","13":"purchasable","14":"product-type-simple"},"_links":{"self":[{"href":"https:\/\/thequeenhouse.co.uk\/lt\/wp-json\/wp\/v2\/product\/410","targetHints":{"allow":["GET"]}}],"collection":[{"href":"https:\/\/thequeenhouse.co.uk\/lt\/wp-json\/wp\/v2\/product"}],"about":[{"href":"https:\/\/thequeenhouse.co.uk\/lt\/wp-json\/wp\/v2\/types\/product"}],"replies":[{"embeddable":true,"href":"https:\/\/thequeenhouse.co.uk\/lt\/wp-json\/wp\/v2\/comments?post=410"}],"wp:featuredmedia":[{"embeddable":true,"href":"https:\/\/thequeenhouse.co.uk\/lt\/wp-json\/wp\/v2\/media\/409"}],"wp:attachment":[{"href":"https:\/\/thequeenhouse.co.uk\/lt\/wp-json\/wp\/v2\/media?parent=410"}],"wp:term":[{"taxonomy":"product_brand","embeddable":true,"href":"https:\/\/thequeenhouse.co.uk\/lt\/wp-json\/wp\/v2\/product_brand?post=410"},{"taxonomy":"product_cat","embeddable":true,"href":"https:\/\/thequeenhouse.co.uk\/lt\/wp-json\/wp\/v2\/product_cat?post=410"},{"taxonomy":"product_tag","embeddable":true,"href":"https:\/\/thequeenhouse.co.uk\/lt\/wp-json\/wp\/v2\/product_tag?post=410"}],"curies":[{"name":"wp","href":"https:\/\/api.w.org\/{rel}","templated":true}]}}