{"id":415,"date":"2024-06-11T18:29:41","date_gmt":"2024-06-11T18:29:41","guid":{"rendered":"https:\/\/thequeenhouse.co.uk\/?post_type=product&#038;p=415"},"modified":"2024-10-14T11:28:42","modified_gmt":"2024-10-14T10:28:42","slug":"savaiminio-idegio-kuno-losjonas-malachite-cosmetics-bronzing-balm-200-ml","status":"publish","type":"product","link":"https:\/\/thequeenhouse.co.uk\/lt\/produktas\/savaiminio-idegio-kuno-losjonas-malachite-cosmetics-bronzing-balm-200-ml\/","title":{"rendered":"Savaiminio \u012fdegio k\u016bno losjonas MALACHITE COSMETICS \u201eBronzing balm\u201d, 200ml"},"content":{"rendered":"<p>M\u0117gaukites gra\u017eiai \u012fdegusia oda visais sezonais kartu su Malachite savaiminio \u012fdegio losjonu! Sald\u017ei\u0173 persik\u0173 aromato losjonas pasi\u017eymi itin lengva tekst\u016bra, kuri palengvina priemon\u0117s tepim\u0105. Nat\u016bralus cukraus dihidroksiacetonas (DHA) suteikia lygiai ir \u0161velniai \u012fdeg\u0119 be odai kenksmingo poveikio, u\u017etikrindamas jos ilgalaik\u012f i\u0161liekamum\u0105 iki 10 dien\u0173. Sud\u0117tyje esantis skvalenas, taukmed\u017eio sviestas bei pantenolis intensyviai dr\u0117kina, mink\u0161tina od\u0105, kovoja su pleiskanojimu ir i\u0161saus\u0117jimu. D\u0117ka unikalios formul\u0117s j\u016bs\u0173 oda ne tik bus gra\u017eiai ir lygiai \u012fdegusi, bet ir maitinta bei dr\u0117kinama!<\/p>\n<p>Tinka naudoti visiems odos tipams.<\/p>\n","protected":false},"excerpt":{"rendered":"<p>M\u0117gaukites gra\u017eiai \u012fdegusia oda visais sezonais kartu su Malachite savaiminio \u012fdegio losjonu! Sald\u017ei\u0173 persik\u0173 aromato losjonas pasi\u017eymi itin lengva tekst\u016bra, kuri palengvina priemon\u0117s tepim\u0105. Nat\u016bralus cukraus dihidroksiacetonas (DHA) suteikia lygiai ir \u0161velniai \u012fdeg\u0119 be odai kenksmingo poveikio, u\u017etikrindamas jos ilgalaik\u012f i\u0161liekamum\u0105 iki 10 dien\u0173. Sud\u0117tyje esantis skvalenas, taukmed\u017eio sviestas bei pantenolis intensyviai dr\u0117kina, mink\u0161tina od\u0105, kovoja su pleiskanojimu ir i\u0161saus\u0117jimu. D\u0117ka unikalios formul\u0117s j\u016bs\u0173 oda ne tik bus gra\u017eiai ir lygiai \u012fdegusi, bet ir maitinta bei dr\u0117kinama!<\/p>\n<p>Tinka naudoti visiems odos tipams.<\/p>\n","protected":false},"featured_media":414,"comment_status":"open","ping_status":"closed","template":"","meta":[],"product_brand":[],"product_cat":[43,211],"product_tag":[],"class_list":{"0":"post-415","1":"product","2":"type-product","3":"status-publish","4":"has-post-thumbnail","6":"product_cat-grozis","7":"product_cat-kuno-prieziuros-priemones","9":"first","10":"outofstock","11":"taxable","12":"shipping-taxable","13":"purchasable","14":"product-type-simple"},"_links":{"self":[{"href":"https:\/\/thequeenhouse.co.uk\/lt\/wp-json\/wp\/v2\/product\/415","targetHints":{"allow":["GET"]}}],"collection":[{"href":"https:\/\/thequeenhouse.co.uk\/lt\/wp-json\/wp\/v2\/product"}],"about":[{"href":"https:\/\/thequeenhouse.co.uk\/lt\/wp-json\/wp\/v2\/types\/product"}],"replies":[{"embeddable":true,"href":"https:\/\/thequeenhouse.co.uk\/lt\/wp-json\/wp\/v2\/comments?post=415"}],"wp:featuredmedia":[{"embeddable":true,"href":"https:\/\/thequeenhouse.co.uk\/lt\/wp-json\/wp\/v2\/media\/414"}],"wp:attachment":[{"href":"https:\/\/thequeenhouse.co.uk\/lt\/wp-json\/wp\/v2\/media?parent=415"}],"wp:term":[{"taxonomy":"product_brand","embeddable":true,"href":"https:\/\/thequeenhouse.co.uk\/lt\/wp-json\/wp\/v2\/product_brand?post=415"},{"taxonomy":"product_cat","embeddable":true,"href":"https:\/\/thequeenhouse.co.uk\/lt\/wp-json\/wp\/v2\/product_cat?post=415"},{"taxonomy":"product_tag","embeddable":true,"href":"https:\/\/thequeenhouse.co.uk\/lt\/wp-json\/wp\/v2\/product_tag?post=415"}],"curies":[{"name":"wp","href":"https:\/\/api.w.org\/{rel}","templated":true}]}}