{"id":419,"date":"2024-06-12T06:40:15","date_gmt":"2024-06-12T06:41:26","guid":{"rendered":"https:\/\/thequeenhouse.co.uk\/?post_type=product&#038;p=419"},"modified":"2024-08-07T13:37:02","modified_gmt":"2024-08-07T12:37:02","slug":"7days-my-beauty-week-anticeliulitinis-vesinantis-kuno-gelis-su-masazo-funkcija-mentolis-2-juros-dumbliai-1-ice-ice-130-ml5","status":"publish","type":"product","link":"https:\/\/thequeenhouse.co.uk\/lt\/produktas\/7days-my-beauty-week-anticeliulitinis-vesinantis-kuno-gelis-su-masazo-funkcija-mentolis-2-juros-dumbliai-1-ice-ice-130-ml5\/","title":{"rendered":"7DAYS My Beauty Week anticeliulitinis v\u0117sinantis k\u016bno gelis su masa\u017eo funkcija, mentolis 2% + j\u016bros dumbliai 1% Ice Ice, 130ml"},"content":{"rendered":"<p>Modeliuojantis kriogelis + masa\u017einis volelis 2in1 7DAYS ICEICE \u2013 tai 3D masa\u017eas + kor\u0117jieti\u0161ka kosmetika su aktyviais komponentais: mentoliu, dumbliais.<\/p>\n<p>Gelis + volelis efektyviai kovai su celiulitu per v\u0117sinant\u012f poveik\u012f. Mentolis gerina mikrocirkuliacij\u0105, padeda sudeginti riebal\u0173 sankaupas ir vizualiai i\u0161lygina od\u0105. Dumbliai dr\u0117kina j\u016bs\u0173 od\u0105, padaro j\u0105 elasting\u0105 ir pakelia j\u0105. \u201eSKIN WORKOUT\u201c masa\u017einis volelis patogiai ir neskausmingai apdoroja problemines vietas, stiprina anticeliulitin\u012f poveik\u012f ir u\u017etikrina gil\u0173 aktyvi\u0173 komponent\u0173 \u012fsiskverbim\u0105.<\/p>\n<p>Masa\u017euokl\u012f galite naudoti atskirai arba derinti su kitomis MY BEAUTY WEEK odos prie\u017ei\u016bros priemon\u0117mis.\u00a0Jis veikia kaip SMART odos prie\u017ei\u016bra 24 valandas per par\u0105, 7 dienas per savait\u0119.\u00a0Ilgalaikis rezultatas vos 10 minu\u010di\u0173 per dien\u0105.<\/p>\n","protected":false},"excerpt":{"rendered":"<p>Modeliuojantis kriogelis + masa\u017einis volelis 2in1 7DAYS ICEICE \u2013 tai 3D masa\u017eas + kor\u0117jieti\u0161ka kosmetika su aktyviais komponentais: mentoliu, dumbliais.<\/p>\n<p>Gelis + volelis efektyviai kovai su celiulitu per v\u0117sinant\u012f poveik\u012f. Mentolis gerina mikrocirkuliacij\u0105, padeda sudeginti riebal\u0173 sankaupas ir vizualiai i\u0161lygina od\u0105. Dumbliai dr\u0117kina j\u016bs\u0173 od\u0105, padaro j\u0105 elasting\u0105 ir pakelia j\u0105. \u201eSKIN WORKOUT\u201c masa\u017einis volelis patogiai ir neskausmingai apdoroja problemines vietas, stiprina anticeliulitin\u012f poveik\u012f ir u\u017etikrina gil\u0173 aktyvi\u0173 komponent\u0173 \u012fsiskverbim\u0105.<\/p>\n<p>Masa\u017euokl\u012f galite naudoti atskirai arba derinti su kitomis MY BEAUTY WEEK odos prie\u017ei\u016bros priemon\u0117mis.\u00a0Jis veikia kaip SMART odos prie\u017ei\u016bra 24 valandas per par\u0105, 7 dienas per savait\u0119.\u00a0Ilgalaikis rezultatas vos 10 minu\u010di\u0173 per dien\u0105.<\/p>\n","protected":false},"featured_media":1004,"comment_status":"open","ping_status":"closed","template":"","meta":[],"product_brand":[],"product_cat":[43,211],"product_tag":[],"class_list":{"0":"post-419","1":"product","2":"type-product","3":"status-publish","4":"has-post-thumbnail","6":"product_cat-grozis","7":"product_cat-kuno-prieziuros-priemones","9":"first","10":"outofstock","11":"taxable","12":"shipping-taxable","13":"purchasable","14":"product-type-simple"},"_links":{"self":[{"href":"https:\/\/thequeenhouse.co.uk\/lt\/wp-json\/wp\/v2\/product\/419","targetHints":{"allow":["GET"]}}],"collection":[{"href":"https:\/\/thequeenhouse.co.uk\/lt\/wp-json\/wp\/v2\/product"}],"about":[{"href":"https:\/\/thequeenhouse.co.uk\/lt\/wp-json\/wp\/v2\/types\/product"}],"replies":[{"embeddable":true,"href":"https:\/\/thequeenhouse.co.uk\/lt\/wp-json\/wp\/v2\/comments?post=419"}],"wp:featuredmedia":[{"embeddable":true,"href":"https:\/\/thequeenhouse.co.uk\/lt\/wp-json\/wp\/v2\/media\/1004"}],"wp:attachment":[{"href":"https:\/\/thequeenhouse.co.uk\/lt\/wp-json\/wp\/v2\/media?parent=419"}],"wp:term":[{"taxonomy":"product_brand","embeddable":true,"href":"https:\/\/thequeenhouse.co.uk\/lt\/wp-json\/wp\/v2\/product_brand?post=419"},{"taxonomy":"product_cat","embeddable":true,"href":"https:\/\/thequeenhouse.co.uk\/lt\/wp-json\/wp\/v2\/product_cat?post=419"},{"taxonomy":"product_tag","embeddable":true,"href":"https:\/\/thequeenhouse.co.uk\/lt\/wp-json\/wp\/v2\/product_tag?post=419"}],"curies":[{"name":"wp","href":"https:\/\/api.w.org\/{rel}","templated":true}]}}