{"id":423,"date":"2024-06-12T06:42:58","date_gmt":"2024-06-12T06:43:24","guid":{"rendered":"https:\/\/thequeenhouse.co.uk\/?post_type=product&#038;p=423"},"modified":"2024-08-07T13:37:51","modified_gmt":"2024-08-07T12:37:51","slug":"7days-my-beauty-week-anticeliulitinis-sildantis-kuno-kremas-su-masazo-funkcija-pipirai-1-imbieras-2-chile-130-ml","status":"publish","type":"product","link":"https:\/\/thequeenhouse.co.uk\/lt\/produktas\/7days-my-beauty-week-anticeliulitinis-sildantis-kuno-kremas-su-masazo-funkcija-pipirai-1-imbieras-2-chile-130-ml\/","title":{"rendered":"7DAYS My Beauty Week anticeliulitinis \u0161ildantis k\u016bno kremas su masa\u017eo funkcija, pipirai 1% + imbieras 2% Chile, 130ml"},"content":{"rendered":"<p>Modeliuojantis kremas + masa\u017einis volelis 2in1 7DAYS CHILE \u2013 tai 3D masa\u017eas + kor\u0117jieti\u0161ka kosmetika su aktyviais komponentais: pipirais, imbieru.<\/p>\n<p>Kremas + volelis efektyviai kovai su celiulitu naudojant \u0161ilum\u0105. Pipir\u0173 ekstraktas gerina mikrocirkuliacij\u0105, padeda sudeginti riebal\u0173 sankaupas ir pa\u0161alinti i\u0161 organizmo skys\u010di\u0173 pertekli\u0173. Imbiero ekstraktas turi liftingo efekt\u0105 ir gerina odos stangrum\u0105. \u201eSKIN WORKOUT\u201c masa\u017einis volelis patogiai ir neskausmingai apdoroja problemines vietas, stiprina anticeliulitin\u012f poveik\u012f ir u\u017etikrina gil\u0173 aktyvi\u0173 komponent\u0173 \u012fsiskverbim\u0105.<\/p>\n<p>Masa\u017euokl\u012f galite naudoti atskirai arba derinti su kitomis MY BEAUTY WEEK odos prie\u017ei\u016bros priemon\u0117mis.\u00a0Jis veikia kaip SMART odos prie\u017ei\u016bra 24 valandas per par\u0105, 7 dienas per savait\u0119.\u00a0Ilgalaikis rezultatas vos 10 minu\u010di\u0173 per dien\u0105.<\/p>\n","protected":false},"excerpt":{"rendered":"<p>Modeliuojantis kremas + masa\u017einis volelis 2in1 7DAYS CHILE \u2013 tai 3D masa\u017eas + kor\u0117jieti\u0161ka kosmetika su aktyviais komponentais: pipirais, imbieru.<\/p>\n<p>Kremas + volelis efektyviai kovai su celiulitu naudojant \u0161ilum\u0105. Pipir\u0173 ekstraktas gerina mikrocirkuliacij\u0105, padeda sudeginti riebal\u0173 sankaupas ir pa\u0161alinti i\u0161 organizmo skys\u010di\u0173 pertekli\u0173. Imbiero ekstraktas turi liftingo efekt\u0105 ir gerina odos stangrum\u0105. \u201eSKIN WORKOUT\u201c masa\u017einis volelis patogiai ir neskausmingai apdoroja problemines vietas, stiprina anticeliulitin\u012f poveik\u012f ir u\u017etikrina gil\u0173 aktyvi\u0173 komponent\u0173 \u012fsiskverbim\u0105.<\/p>\n<p>Masa\u017euokl\u012f galite naudoti atskirai arba derinti su kitomis MY BEAUTY WEEK odos prie\u017ei\u016bros priemon\u0117mis.\u00a0Jis veikia kaip SMART odos prie\u017ei\u016bra 24 valandas per par\u0105, 7 dienas per savait\u0119.\u00a0Ilgalaikis rezultatas vos 10 minu\u010di\u0173 per dien\u0105.<\/p>\n","protected":false},"featured_media":959,"comment_status":"open","ping_status":"closed","template":"","meta":[],"product_brand":[],"product_cat":[43,211],"product_tag":[],"class_list":{"0":"post-423","1":"product","2":"type-product","3":"status-publish","4":"has-post-thumbnail","6":"product_cat-grozis","7":"product_cat-kuno-prieziuros-priemones","9":"first","10":"outofstock","11":"taxable","12":"shipping-taxable","13":"purchasable","14":"product-type-simple"},"_links":{"self":[{"href":"https:\/\/thequeenhouse.co.uk\/lt\/wp-json\/wp\/v2\/product\/423","targetHints":{"allow":["GET"]}}],"collection":[{"href":"https:\/\/thequeenhouse.co.uk\/lt\/wp-json\/wp\/v2\/product"}],"about":[{"href":"https:\/\/thequeenhouse.co.uk\/lt\/wp-json\/wp\/v2\/types\/product"}],"replies":[{"embeddable":true,"href":"https:\/\/thequeenhouse.co.uk\/lt\/wp-json\/wp\/v2\/comments?post=423"}],"wp:featuredmedia":[{"embeddable":true,"href":"https:\/\/thequeenhouse.co.uk\/lt\/wp-json\/wp\/v2\/media\/959"}],"wp:attachment":[{"href":"https:\/\/thequeenhouse.co.uk\/lt\/wp-json\/wp\/v2\/media?parent=423"}],"wp:term":[{"taxonomy":"product_brand","embeddable":true,"href":"https:\/\/thequeenhouse.co.uk\/lt\/wp-json\/wp\/v2\/product_brand?post=423"},{"taxonomy":"product_cat","embeddable":true,"href":"https:\/\/thequeenhouse.co.uk\/lt\/wp-json\/wp\/v2\/product_cat?post=423"},{"taxonomy":"product_tag","embeddable":true,"href":"https:\/\/thequeenhouse.co.uk\/lt\/wp-json\/wp\/v2\/product_tag?post=423"}],"curies":[{"name":"wp","href":"https:\/\/api.w.org\/{rel}","templated":true}]}}