{"id":427,"date":"2024-06-12T06:48:11","date_gmt":"2024-06-12T06:48:59","guid":{"rendered":"https:\/\/thequeenhouse.co.uk\/?post_type=product&#038;p=427"},"modified":"2025-06-29T23:40:14","modified_gmt":"2025-06-29T22:40:14","slug":"svytintis-kuno-sveitiklis-malachite-cosmetics-strawberry-ice-cream-scrub-200-g","status":"publish","type":"product","link":"https:\/\/thequeenhouse.co.uk\/lt\/produktas\/svytintis-kuno-sveitiklis-malachite-cosmetics-strawberry-ice-cream-scrub-200-g\/","title":{"rendered":"K\u016bno \u0161veitiklis MALACHITE COSMETICS \u201eStrawberry ice cream\u201d, 200gr"},"content":{"rendered":"<p>Bra\u0161k\u0117mis kvepiantis malonumas j\u016bs\u0173 odai! Kvapnus \u0161vie\u017ei\u0173 bra\u0161ki\u0173 led\u0173 aromatas, druskos pagrindu pagamintas \u0161veitiklis puikiai pa\u0161alina negyvasias odos l\u0105steles. Unikali formul\u0117 lygina odos tekst\u016br\u0105, kovoja su nelygia odos spalva, bei \u012faugin\u0117jan\u010diais plaukeliais ir suteikia nuostab\u0173 spind\u0117si. Sud\u0117tyje esantis botanini\u0173 aliej\u0173 kompleksas mink\u0161tina ir maitina od\u0105, o vitaminas C padeda suvienodinti odos ton\u0105, pasi\u017eymi \u0161viesinan\u010diu, skaistinan\u010diu poveikiu.Vitaminas C taip pat \u017einomas d\u0117l savo kolageno sintez\u0117s skatinimo, tod\u0117l ilgainiui padidinsite odos stangrum\u0105 ir elastingum\u0105. Glicerinas kartu su sorbitoliu ir lecitinu intensyviai dr\u0117kina ir mink\u0161tina od\u0105, apsaugo nuo prie\u0161laikinio sen\u0117jimo ir gerina odos apsaugin\u0117s barjero b\u016bkl\u0119. Po naudojimo oda ne tik subtiliai spindi, bet ir jau\u010diasi maloniai \u0161velni ir glotni.<\/p>\n<p><strong>Aktyviosios med\u017eiagos:<\/strong><\/p>\n<p>&#8211; Vitaminas C \u2013 plataus spektro med\u017eiaga, veikianti kaip stiprus antioksidantas. Tyrimai rodo, jog vitaminas C padeda pagerinti odos b\u016bkl\u0119 skatinant nauj\u0173 l\u0105steli\u0173 susidarym\u0105. Jis taip pat ma\u017eina skys\u010di\u0173 kaupim\u0105si, gerina kolageno gamyb\u0105, kovoja su laisvaisiais radikalais, dalyvauja raginio sluoksnio formavime (stimuliuoja keramid\u0173 sintez\u0119), o tai paveikia odos geb\u0117jim\u0105 apsisaugoti nuo transepidermalinio vandens praradimo, skaistina.<br \/>\n&#8211; Glicerinas &#8211; dr\u0117kina, mink\u0161tina od\u0105, u\u017etikrina normal\u0173 odos l\u0105steli\u0173 atsinaujinim\u0105 ir stiprina apsaugin\u012f odos barjer\u0105.<br \/>\n&#8211; Sorbitolis \u2013 dr\u0117kina, ramina od\u0105, padeda pritraukti dr\u0117gm\u0119.<br \/>\n&#8211; Avokado, saul\u0117gr\u0105\u017e\u0173 augaliniai aliejai \u2013 auk\u0161tos kokyb\u0117s nerafinuoti aliejai prisotina od\u0105 lipidais, kurie stiprina odos apsaugin\u012f barjer\u0105, saugo nuo i\u0161saus\u0117jimo, padeda pagerinti sausos, pa\u017eeistos odos b\u016bkl\u0119 \u2013 tai ypa\u010d aktualu, jei kovojate su odos \u0161erpetojimu, atopinio dermatito pasekm\u0117mis, jau\u010diamas diskomfortas (ypatingai po du\u0161o). Taip pat, aliejai puik\u016bs pagalbininkai norint akimirksniu suteikti odai mink\u0161tumo, \u0161velnumo bei lygumo.<br \/>\n&#8211; Lecitinas \u2013 veikia kaip emolientas, saugo od\u0105 nuo dehidratacijos, be to padeda pagerinti odos elastingum\u0105, stangrum\u0105.<br \/>\n&#8211; Vitaminas E &#8211; antioksidantas, apsaugo od\u0105 nuo laisv\u0173j\u0173 radikal\u0173 poveikio, padeda odai grei\u010diau atsistatyti.<\/p>\n<p><strong>Naudojimas:<\/strong><br \/>\nU\u017etepkite \u0161veitiklio ant sudr\u0117kintos odos (pageidautina \u2013 i\u0161simaud\u017eius vonioje arba nusiprausus po du\u0161u, kai odos poros yra \u0161iek tiek atsiv\u0117rusios). Zonas, ant kuri\u0173 yra u\u017etepta \u0161veitiklio, sukamaisiais judesiais pamasa\u017euokite, didesn\u012f d\u0117mes\u012f skirkite problemin\u0117ms vietoms. Po to \u0161iltu vandeniu nuplaukite \u0161veitiklio liku\u010dius ir nu\u0161luostykite rank\u0161luos\u010diu<\/p>\n<p><strong>Kontraindikacijos:<\/strong><br \/>\nIndividualus sudedam\u0173j\u0173 dali\u0173 netoleravimas. Nenaudokite ant pa\u017eeistos odos.<\/p>\n<p><strong>Sud\u0117tis:<\/strong><br \/>\nSodium Chloride, Glycerin, Aqua, Sodium Cocoyl Isethionate, Sorbitol, Parfum, Disodium Lauryl Sulfosuccinate, Propylene Glycol, Persea Gratissima Oil, Phenoxyethanol, Denatonium Benzoate, Tetrasodium EDTA, Lecithin, Ascorbyl Palmitate, Helianthus Annuus Seed Oil, Tocopherol, Amyl Cinnamal, CI 16255, Mica, CI 77891.<br \/>\nIngredient of natural origin: 97.48%<\/p>\n","protected":false},"excerpt":{"rendered":"<p>Bra\u0161k\u0117mis kvepiantis malonumas j\u016bs\u0173 odai! Kvapnus \u0161vie\u017ei\u0173 bra\u0161ki\u0173 led\u0173 aromatas, druskos pagrindu pagamintas \u0161veitiklis puikiai pa\u0161alina negyvasias odos l\u0105steles. Unikali formul\u0117 lygina odos tekst\u016br\u0105, kovoja su nelygia odos spalva, bei \u012faugin\u0117jan\u010diais plaukeliais ir suteikia nuostab\u0173 spind\u0117si. Sud\u0117tyje esantis botanini\u0173 aliej\u0173 kompleksas mink\u0161tina ir maitina od\u0105, o vitaminas C padeda suvienodinti odos ton\u0105, pasi\u017eymi \u0161viesinan\u010diu, skaistinan\u010diu poveikiu.Vitaminas C taip pat \u017einomas d\u0117l savo kolageno sintez\u0117s skatinimo, tod\u0117l ilgainiui padidinsite odos stangrum\u0105 ir elastingum\u0105. Glicerinas kartu su sorbitoliu ir lecitinu intensyviai dr\u0117kina ir mink\u0161tina od\u0105, apsaugo nuo prie\u0161laikinio sen\u0117jimo ir gerina odos apsaugin\u0117s barjero b\u016bkl\u0119. Po naudojimo oda ne tik subtiliai spindi, bet ir jau\u010diasi maloniai \u0161velni ir glotni.<\/p>\n","protected":false},"featured_media":426,"comment_status":"open","ping_status":"closed","template":"","meta":[],"product_brand":[],"product_cat":[43,211],"product_tag":[],"class_list":{"0":"post-427","1":"product","2":"type-product","3":"status-publish","4":"has-post-thumbnail","6":"product_cat-grozis","7":"product_cat-kuno-prieziuros-priemones","9":"first","10":"outofstock","11":"taxable","12":"shipping-taxable","13":"purchasable","14":"product-type-simple"},"_links":{"self":[{"href":"https:\/\/thequeenhouse.co.uk\/lt\/wp-json\/wp\/v2\/product\/427","targetHints":{"allow":["GET"]}}],"collection":[{"href":"https:\/\/thequeenhouse.co.uk\/lt\/wp-json\/wp\/v2\/product"}],"about":[{"href":"https:\/\/thequeenhouse.co.uk\/lt\/wp-json\/wp\/v2\/types\/product"}],"replies":[{"embeddable":true,"href":"https:\/\/thequeenhouse.co.uk\/lt\/wp-json\/wp\/v2\/comments?post=427"}],"wp:featuredmedia":[{"embeddable":true,"href":"https:\/\/thequeenhouse.co.uk\/lt\/wp-json\/wp\/v2\/media\/426"}],"wp:attachment":[{"href":"https:\/\/thequeenhouse.co.uk\/lt\/wp-json\/wp\/v2\/media?parent=427"}],"wp:term":[{"taxonomy":"product_brand","embeddable":true,"href":"https:\/\/thequeenhouse.co.uk\/lt\/wp-json\/wp\/v2\/product_brand?post=427"},{"taxonomy":"product_cat","embeddable":true,"href":"https:\/\/thequeenhouse.co.uk\/lt\/wp-json\/wp\/v2\/product_cat?post=427"},{"taxonomy":"product_tag","embeddable":true,"href":"https:\/\/thequeenhouse.co.uk\/lt\/wp-json\/wp\/v2\/product_tag?post=427"}],"curies":[{"name":"wp","href":"https:\/\/api.w.org\/{rel}","templated":true}]}}