{"id":4301,"date":"2024-06-28T08:55:18","date_gmt":"2024-06-28T08:55:22","guid":{"rendered":"https:\/\/thequeenhouse.co.uk\/?post_type=product&#038;p=4301"},"modified":"2024-10-14T11:18:16","modified_gmt":"2024-10-14T10:18:16","slug":"fire-pit-matt-black-candle-15kg-copy","status":"publish","type":"product","link":"https:\/\/thequeenhouse.co.uk\/lt\/produktas\/fire-pit-matt-black-candle-15kg-copy\/","title":{"rendered":"Fire-Pit \u2013 Olive green Candle 1,5kg"},"content":{"rendered":"<p id=\"tw-target-text\" class=\"tw-data-text tw-text-large tw-ta\" dir=\"ltr\" data-placeholder=\"Vertimas\" aria-label=\"I\u0161verstas tekstas\" data-ved=\"2ahUKEwi9_Ozt9f2GAxXLVPEDHSZUBW0Q3ewLegQIDxAU\"><span class=\"Y2IQFc\" lang=\"lt\">,,Fire-pit&#8221; Eleganti\u0161ko dizaino, didelio dyd\u017eio \u017evak\u0117, sverianti 1500g. \u017dvak\u0117 turi tris tolygiai i\u0161d\u0117stytas dagtis, u\u017etikrinan\u010dias tolyg\u0173 degim\u0105 ir optimal\u0173 kvapo pasiskirstym\u0105. Keraminis indas turi minimalistin\u0119, bet stiling\u0105 estetik\u0105. D\u0117l \u0161io dizaino jis yra vizualiai patrauklus bet kokio modernaus nam\u0173 dekoro priedas, ypa\u010d tinkantis aplinkai, kuri teikia pirmenyb\u0119 \u0161iuolaiki\u0161kam ir rafinuotam vaizdui. <\/span><\/p>\n<p class=\"tw-data-text tw-text-large tw-ta\" dir=\"ltr\" data-placeholder=\"Vertimas\" aria-label=\"I\u0161verstas tekstas\" data-ved=\"2ahUKEwi9_Ozt9f2GAxXLVPEDHSZUBW0Q3ewLegQIDxAU\"><span class=\"Y2IQFc\" lang=\"lt\">Galite rinktis i\u0161 trij\u0173 spalv\u0173, tod\u0117l bet kuriai erdvei suteikia elegancijos. <\/span><\/p>\n<p class=\"tw-data-text tw-text-large tw-ta\" dir=\"ltr\" data-placeholder=\"Vertimas\" aria-label=\"I\u0161verstas tekstas\" data-ved=\"2ahUKEwi9_Ozt9f2GAxXLVPEDHSZUBW0Q3ewLegQIDxAU\"><span class=\"Y2IQFc\" lang=\"lt\">Pageidaujant galima \u012fsigyti dovan\u0173 magnetin\u0117s d\u0117\u017eut\u0117s.<\/span><\/p>\n<p class=\"p1\"><span class=\"s1\">1. Pasinerkite \u012f prabangi\u0105 \u201cSalted Caramel &amp; Cashmere Vanilla\u201d aromato kompozicij\u0105. \u0160is kerintis kvapas jungia tikrosios vanil\u0117s \u0161ilum\u0105 su rafinuotu s\u016bdyto karamel\u0117s saldumu, sukuriant nenugalim\u0105 sald\u0173 ir viliojant\u012f aromat\u0105. Pridedant turting\u0173 tonka pupeli\u0173, kvapas tampa kremingas ir svajingas, suteikdamas j\u016bs\u0173 erdvei jauki\u0105 elegancij\u0105. Puikiai tinka tiems, kurie nori \u0161iek tiek rafinuotumo ir saldumo savo namuose, \u0161is kvapas yra komforto ir \u017eavesio \u012fsik\u016bnijimas.<\/span><\/p>\n<p class=\"p1\"><span class=\"s1\">2. Patirkite dekadenti\u0161k\u0105 \u201cChocolate Truffle &amp; Luxury Honey\u201d aromato vilion\u0119, kvap\u0105, kuris puikiai balansuoja turtingas, kremingas \u0161okolado natas su prabangiu medaus pos\u016bkiu. \u0160is kerintis kvapas primena \u0161ilum\u0105 ir gardum\u0105 gurmani\u0161ko deserto, sukuriant prabangos ir saldumo atmosfer\u0105 j\u016bs\u0173 namuose. Idealiai tinka tiems, kurie trok\u0161ta prabangos ir komforto, \u0161is kvapas transformuoja bet kuri\u0105 erdv\u0119 \u012f gurmani\u0161ko malonumo oaz\u0119.<\/span><\/p>\n<p class=\"p1\"><span class=\"s1\">3. Pristatome \u201cGood Lady\u201d, kvap\u0105, kuris i\u0161rei\u0161kia elegancij\u0105 ir rafinuotum\u0105 per turting\u0173 ir egzoti\u0161k\u0173 nat\u0173 harmonij\u0105. Vir\u0161utin\u0117s natos su\u017eavi su viliojan\u010diu migdol\u0173 ir kavos deriniu, sukuriant \u012fsp\u016bding\u0105 prad\u017ei\u0105, o \u0161irdies natos pra\u017eysta su nuostabiu jazmino sambac ir tuberoz\u0117s deriniu. \u0160is kerintis kvapas u\u017ebaigiamas pagrindin\u0117mis natomis i\u0161 jausming\u0173 tonka pupeli\u0173 ir kakavos, sukuriant intriguojant\u012f aromat\u0105. \u012ekv\u0117ptas Carolina Herrera Good Girl, m\u016bs\u0173 analogas kvapas \u012fk\u016bnija rafinuot\u0105 elegancij\u0105 ir laiko nepa\u017eeist\u0105 stili\u0173. <\/span><\/p>\n<p class=\"p1\"><span class=\"s1\">4. Atraskite neabejotin\u0105 \u201cLemongrass\u201d firmin\u012f kvap\u0105, gaiv\u0173 ir atgaivinant\u012f aromat\u0105 su stipriomis kvap\u0173 neutralizavimo savyb\u0117mis. \u0160is atgaivinantis aromatas sujungia ry\u0161kias citrin\u017eol\u0117s citrusines natas su gaiviu laimo ir citrinos \u017eieve, visa tai subalansuota mink\u0161tomis g\u0117li\u0173 natomis. Puikiai tinka kuriant \u0161var\u0173 ir pakili\u0105 atmosfer\u0105, \u0161is kvapas ne tik atgaivina j\u016bs\u0173 erdv\u0119, bet ir efektyviai neutralizuoja nepageidaujamus kvapus.<\/span><\/p>\n<p class=\"p1\"><span class=\"s1\">5. Patirkite raminan\u010dio \u201cLuxury Lavender Calm\u201d aromato ramyb\u0119 ir \u0161velnum\u0105, kur \u0161alavij\u0173 ir levand\u0173 natos \u0161velniai ramina siel\u0105. \u0160is raminantis kvapas yra puikiai i\u0161laikomas gaivaus kadagio vandens esencijos, sukuriant \u0161vie\u017ei\u0105 ir ram\u0173 atmosfer\u0105. Puikiai tinka atsipalaidavimui ir raminan\u010diai aplinkai sukurti, apgaubia j\u016bs\u0173 erdv\u0119 \u0161velniu ramyb\u0117s ir gaivos apkabinimu.<\/span><\/p>\n<p class=\"p1\"><span class=\"s1\">6. Pasinerkite \u012f pilnaverti\u0161k\u0105 \u201cLost Cherry\u201d vilion\u0119, kerint\u012f kvap\u0105, kuriame sodri juodoji vy\u0161nia ir likeris skland\u017eiai susilieja su viliojan\u010diu migdolu ir subtiliu g\u0117li\u0173 pagrindu. \u0160is saldus, putlus kvapas si\u016blo malon\u0173 saldaini\u0173 pos\u016bk\u012f, sukuriant aromat\u0105, kuris yra ir ry\u0161kus, ir nenugalimas. Puikiai tinka prid\u0117ti \u017eaismingo rafinuotumo bet kuriai erdvei.<\/span><\/p>\n<p class=\"p1\"><span class=\"s1\">7. Pasinerkite \u012f prabang\u0173 \u201cPosh Marzipan\u201d paprastum\u0105, kvap\u0105, kuris yra migdolinis nuo prad\u017eios iki galo. \u0160is saldus ir rafinuotas kvapas turi turting\u0173, lazdyno rie\u0161ut\u0173 nat\u0173, gra\u017eiai pagardint\u0173 sutrintomis vanil\u0117s ank\u0161timis. Puikiai tinka tiems, kurie vertina elegancij\u0105, \u201cPosh Marzipan\u201d apgaubia j\u016bs\u0173 erdv\u0119 \u0161iltu, kvie\u010dian\u010diu apkabinimu, kuris yra ir komforti\u0161kas, ir stilingas.<\/span><\/p>\n<p class=\"p1\"><span class=\"s1\">8. M\u0117gaukit\u0117s nuostabiu \u201cMulled Wine &amp; Spices\u201d aromatu, kerin\u010diu mi\u0161iniu, kuris primena \u0161ilum\u0105 ir \u0161ventes. \u0160is aromatingas kvapas sujungia prieskoniuotus vaisius, sodr\u0173 raudon\u0105 vyn\u0105 ir prinokusius slyvas, sluoksniuotas su komforti\u0161ku d\u017eiovint\u0173 vaisi\u0173 ir serbent\u0173 saldumu. Puikiai tinka kuriant jauki\u0105 ir kvie\u010dian\u010di\u0105 atmosfer\u0105, \u0161is kvapas primena brangius \u0161ventinius susib\u016brimus ir \u017eiemos \u0161ventes.<\/span><\/p>\n<p class=\"p1\"><span class=\"s1\">9. Pristatome \u201cPosh Olimpia\u201d, kvap\u0105, \u012fkv\u0117pt\u0105 dievi\u0161ko ir galingo Paco Rabanne Olympia. Kvapas, kuris prideda rafinuotumo prisilietim\u0105 bet kuriai erdvei ar asmeninei kvap\u0173 kolekcijai. Pasinerkite \u012f jo viliojan\u010di\u0105 derin\u012f ir patirkite kvap\u0105, kuris \u012fk\u016bnija tiek gaivum\u0105, tiek prabang\u0105, darant kiekvien\u0105 akimirk\u0105 ypating\u0105.<\/span><\/p>\n<p class=\"p1\"><span class=\"s1\">10. Leiskit\u0117s \u012f egzoti\u0161k\u0105 \u201cOUD Wood\u201d vilion\u0119, kvap\u0105, \u012fkv\u0117pt\u0105 d\u016bmini\u0173, smilkalais u\u017epildyt\u0173 \u0161ventykl\u0173. \u0160is novatori\u0161kas derinys sujungia gil\u0173, medienos turtingum\u0105 su prieskoni\u0173 mi\u0161iniu, sukuriant aromat\u0105, kuris yra tiek dr\u0105sus, tiek kerintis. Puikiai tinka tiems, kurie vertina ret\u0173 ingredient\u0173 mistik\u0105, kvapas apgaubia j\u016bs\u0173 erdv\u0119 prabangia ir egzoti\u0161ka atmosfera. Pasinerkite \u012f jo evokacin\u0119 esencij\u0105 ir m\u0117gaukit\u0117s prabangiais, prieskoniais turtingais niuansais, kurie apib\u016bdina \u0161\u012f i\u0161skirtin\u012f kvap\u0105.<\/span><\/p>\n<p class=\"p1\"><span class=\"s1\">11. Nerkite \u012f \u017eemi\u0161k\u0105 \u201cPatchouli + Peppercorns\u201d vilion\u0119, \u017eaisming\u0105 ir kerint\u012f derin\u012f, kuris harmoningai sujungia \u017eoleli\u0173 pa\u010diuli\u0173 natas su dr\u0105sia pipir\u0173 ir juod\u0173j\u0173 pipir\u0173 prieskonio nata. \u0160is intriguojantis kvapas yra praturtintas \u0161velnaus vanil\u0117s absoliutaus saldumu, sukuriant unikal\u0173 gaivumo ir \u0161ilumos balans\u0105. Puikiai tinka tiems, kurie vertina aromatin\u0119 nuotyki\u0173 dvasi\u0105.<\/span><\/p>\n<p class=\"p1\"><span class=\"s1\">12. Patirkite prabang\u0173 \u201cPeony Blush\u201d elegancij\u0105, \u0161vie\u017ei\u0105 kvap\u0105, kuris prasideda vir\u0161utin\u0117mis sultingo raudono obuolio ir citrusini\u0173 niuans\u0173 natomis. \u0160is \u017eavingas aromatas veda \u012f g\u0117li\u0173 \u0161ird\u012f su bij\u016bn\u0173 \u017eiedlapiais, jazminu, ro\u017e\u0117mis ir gvazdikais, sukuriant \u0161veln\u0173 ir romanti\u0161k\u0105 kvap\u0173 puok\u0161t\u0119. Pagrindin\u0117s natos su pa\u010diuliu, gintaru, vanile ir muskusais prideda gylio ir \u0161ilumos, darant \u0161\u012f kvap\u0105 rafinuot\u0105 ir kerint\u012f pasirinkim\u0105 bet kuriai erdvei. <\/span><\/p>\n<p class=\"p1\"><span class=\"s1\">13. Priimkite karali\u0161k\u0105 \u201cQueen &#8211; Pomegranate Noir\u201d vilion\u0119, aromatin\u012f ir pilnaver\u010di\u0105 kvap\u0105, kuris kerina savo egzoti\u0161ku \u017eavesiu. \u0160is prabangus kvapas turi sodrios, sultingos granato esencijos, susipynusios su eleganti\u0161komis \u017eydin\u010diomis lelijomis, sukuriant gyv\u0105 ir prabangi\u0105 \u0161ird\u012f. D\u016bmin\u0117s, prieskoni\u0173 turtingos medienos prideda gili\u0105, paslapting\u0105 sluoksn\u012f, sudarant tobulai subalansuot\u0105 saldaus ir prieskoni\u0173 derin\u012f. Idealiai tinka tiems, kurie ie\u0161ko kvapo, kuris spinduliuoja rafinuotum\u0105 ir paslapt\u012f.<\/span><\/p>\n<p class=\"p1\"><span class=\"s1\">14. M\u0117gaukit\u0117s prabangiu \u201cPosh &#8211; Roasted Coffee\u201d aromatu, turtingu ir rie\u0161utiniu kvapu, kuris pa\u017eadina poj\u016b\u010dius. \u0160is prabangus kvapas turi gili\u0173, sodri\u0173 tamsios kavos nat\u0173, skland\u017eiai susiliejan\u010di\u0173 su \u0161iltais, komforti\u0161kais ka\u0161ton\u0173 ir lazdyno rie\u0161ut\u0173 kvapais. Subtil\u016bs prieskoniai prideda intriguojan\u010di\u0105 sud\u0117tingum\u0105, o saldus pudros pagrindas suteikia \u0161veln\u0173, harmoning\u0105 u\u017ebaigim\u0105. Puikiai tinka kuriant jauki\u0105 ir kvie\u010dian\u010di\u0105 atmosfer\u0105.<\/span><\/p>\n<p class=\"p1\"><span class=\"s1\">15. Atraskite rafinuot\u0105 \u201cLuxury Powder Rose\u201d elegancij\u0105, \u0161vie\u017ei\u0105 ir tra\u0161k\u0173 kvap\u0105, kuris u\u017efiksuoja rafinuotumo esm\u0119. \u0160is \u017eavingas kvapas yra praturtintas \u0161velni\u0173 medviln\u0117s \u017eied\u0173 aromatu, harmoningai susiliejusiu su \u0161velniomis g\u0117li\u0173 natomis. \u0160iltas muskusas prideda gylio ir komforto, sukuriant subalansuot\u0105 ir kvie\u010dian\u010di\u0105 atmosfer\u0105. Puikiai tinka tiems, kurie vertina \u0161var\u0173 ir eleganti\u0161k\u0105 aplink\u0105.<\/span><\/p>\n<p class=\"p1\"><span class=\"s1\">16. Patirkite magnetin\u0119 \u201cSuavage MEN\u2019S\u201d vilion\u0119, kvap\u0173 aliej\u0173, sukurt\u0105 i\u0161skirtiniam vyrui. Prasideda su sultingai gaiviu Kalabrijos bergamotu, \u0161is kvapas vystosi su unikaliomis, \u0161iek tiek pipiringomis ir gaiviomis natomis. \u0160irdyje atsiskleid\u017eia harmonija tarp geraniumo, pipir\u0173 ir levandos, sukuriant gaiv\u0173 ir subalansuot\u0105 aromat\u0105. Pagrindin\u0117s natos su vetiveriu, pa\u010diuliu ir ambroksanu sukuria gili\u0105, derving\u0105 ir muskusin\u0119 pabaig\u0105, i\u0161rei\u0161kian\u010di\u0105 pasitik\u0117jim\u0105 ir rafinuotum\u0105.<\/span><\/p>\n<p class=\"p1\"><span class=\"s1\">17. M\u0117gaukit\u0117s ry\u0161kiu \u201cSweet Oranges &amp; Raspberries\u201d saldumu, vaisiniu ir citrusiniu kvapu, kuris kerina poj\u016b\u010dius. Prasideda su sultingomis vir\u0161utin\u0117mis apelsin\u0173, citrin\u0173, avie\u010di\u0173 ir cukraus natomis, \u0161is kvapas vilioja savo \u0161vie\u017eiu ir pakiliu aromatu. \u0160irdyje atsiskleid\u017eia nenugalimas apelsin\u0173, rabarbar\u0173 ir bra\u0161ki\u0173 derinys, sustiprintas subtiliais jazmino, \u017eibuokli\u0173 ir \u0161vie\u017ei\u0173 eukalipt\u0173 u\u017euominomis. Pagrindin\u0117s vanil\u0117s ir gintaro natos prideda gylio ir turtingumo, u\u017ebaigdamos \u0161\u012f gard\u017eiai sald\u0173 kvap\u0105. Puikiai tinka tiems, kurie trok\u0161ta vaisin\u0117s gaivos su saldaus pasilepinimo u\u017euomina.<\/span><\/p>\n<p class=\"p1\"><span class=\"s1\">18. Pasinerkite \u012f gaivinant\u012f \u201cLuxury Watermelon Slice &amp; Kiwi\u201d esencijos gaivum\u0105, kvap\u0105, kuris \u012fk\u016bnija vasaros dvasi\u0105 ir gaivi\u0173j\u0173 g\u0117rim\u0173 malonum\u0105. \u0160is kvapas u\u017efiksuoja sulting\u0105 arb\u016bzo saldum\u0105, puikiai papildyt\u0105 gaiviu kivi\u0173 \u0161vie\u017eumu. Idealiai tinka kuriant gyv\u0105 ir gaivinan\u010di\u0105 atmosfer\u0105, \u0161is kvapas primena saul\u0117tas dienas ir \u0161altus g\u0117rimus. Pajuskite gaivias ir r\u016bg\u0161\u010dias natas ir leiskite jo linksmam aromatui ap\u0161viesti j\u016bs\u0173 erdv\u0119 su vasaros d\u017eiaugsmu.<\/span><\/p>\n<p class=\"p1\"><span class=\"s1\">19. Patirkite nenugalim\u0105 \u201cLuxury Blueberry &amp; Vanilla\u201d vilion\u0119, sald\u0173 ir gaiv\u0173 kvap\u0105, kuris u\u017efiksuoja vasaros palaimos esm\u0119. \u0160is \u017eavingas kvapas prasideda su sultingomis m\u0117lyni\u0173 ir sald\u017ei\u0173j\u0173 bra\u0161ki\u0173 vir\u0161utin\u0117mis natomis, sukuriant sprogim\u0105 vaisinio saldumo. Lengvos g\u0117li\u0173 vidurin\u0117s natos su jazminu prideda elegancijos ir gaivumo, puikiai papildan\u010dios m\u0117lyni\u0173 derin\u012f. Prabangios vanil\u0117s pagrindin\u0117s natos suteikia turting\u0105 ir pudring\u0105 pabaig\u0105, primindamos k\u0105 tik i\u0161keptus m\u0117lyni\u0173 ir vanil\u0117s pyragai\u010dius.<\/span><\/p>\n<p class=\"p1\"><span class=\"s1\">20. \u012e\u017eengkite \u012f \u201cCuban Tobacco \u2013 Like a Sexy Man\u201d vilion\u0119, kvap\u0105, kuris \u012fk\u016bnija rafinuotum\u0105 ir \u017eaves\u012f Havanos nakt\u0173. \u0160is d\u016bminis ir med\u017eio kvapas prasideda su gaiviais vir\u0161utiniais citrin\u0173, laimo, m\u0117t\u0173 ir konjako natomis, sukuriant gaivinant\u012f ir gyv\u0105 \u012fvad\u0105. Pagrindin\u0117s \u0105\u017euolo, smilkal\u0173, tabako ir muskuso natos suteikia d\u016bmin\u0119 ir muskusin\u0119 pabaig\u0105, paliekant ilgai i\u0161liekant\u012f \u012fsp\u016bd\u012f, kuris yra ir kerintis, ir vyri\u0161kas. Puikiai tinka atsipalaidavusioms ir malonioms nuotaikom.<\/span><\/p>\n<p class=\"p1\"><span class=\"s1\">21. Patirkite kerin\u010di\u0105 \u201cFrankincense\u201d vilion\u0119, medin\u012f ir rafinuot\u0105 kvap\u0105, kuris su\u017eadina elegancijos ir \u0161vent\u0117s poj\u016bt\u012f. \u0160is kvap\u0173 aliejus sujungia laiko i\u0161bandytus smilkal\u0173 ir miros aromatus, sukuriant nuostab\u0173 ir pakyl\u0117jant\u012f kvap\u0105, idealiai tinkant\u012f prabangiai, \u0161ventinei nuotaikai. Kvapas prasideda ry\u0161kia bergamote, vedan\u010dia \u012f vidurines pakalnu\u010di\u0173 ir vaisini\u0173 niuans\u0173 natas, kurios prideda \u0161vie\u017eumo ir sud\u0117tingumo. Pagrindin\u0117s medin\u0117s, sald\u017eios ir muskusin\u0117s natos u\u017etikrina turting\u0105 ir \u012fsimintin\u0105 u\u017ebaigim\u0105.<\/span><\/p>\n<p class=\"p1\"><span class=\"s1\">22. Pasinerkite \u012f \u0161var\u0173 ir gaiv\u0173 \u201cFresh Cotton\u201d kvap\u0105, kuris u\u017efiksuoja tyrumo ir komforto esm\u0119. \u0160is \u017eavingas derinys prasideda su baltuoju musku ir eukalipto natomis, sukuriant tra\u0161k\u0173 ir gaivinant\u012f \u0161vie\u017eum\u0105. J\u016bros dumbliai prideda j\u016brin\u012f niuans\u0105, o jazminai ir mimozos prisideda prie subtilaus g\u0117li\u0173 saldumo, subalansuojant bendr\u0105 aromat\u0105 su \u0161velniu, ta\u010diau pakyl\u0117jan\u010diu puok\u0161te. Puikiai tinka tiems, kurie m\u0117gsta \u0161vari\u0105 ir rami\u0105 \u0161vie\u017eiai i\u0161skalbto skalbini\u0173 atmosfer\u0105.<\/span><\/p>\n<p class=\"p1\"><span class=\"s1\">23. Patirkite egzoti\u0161k\u0105 \u201cBlack Orchid\u201d vilion\u0119, prieskoniuot\u0105 ir rafinuot\u0105 kvap\u0105, kuris kerina poj\u016b\u010dius savo prabangiu deriniu. Prasideda su vir\u0161utin\u0117mis ylang-ylang ir bergamot\u0117s natomis, \u0161is kvapas atsiskleid\u017eia \u012f turting\u0105 ir paslapting\u0105 orchid\u0117jos ir lotuso med\u017eio \u0161ird\u012f, pridedant gylio ir intrigos. Pagrindin\u0117s vanil\u0117s, vetiverio, sandalmed\u017eio ir tamsaus \u0161okolado natos suteikia jausming\u0105 ir prabang\u0173 u\u017ebaigim\u0105, sukuriant kerin\u010di\u0105 aromat\u0105, kuris yra ir dr\u0105sus, ir viliojantis.<\/span><\/p>\n<p class=\"p1\"><span class=\"s1\">24. M\u0117gaukit\u0117s prabangiu \u201cCreamy Musk and Sandalwood\u201d kvapu, maloniai kremi\u0161ku ir muskusiniu kvapu, kuris si\u016blo juslin\u0119 kelion\u0119. Prasideda su karamelizuoto gintaro ir sald\u017ei\u0173j\u0173 balt\u0173j\u0173 muskus\u0173 vir\u0161utin\u0117mis natomis, \u0161is kvapas apgaubia jus \u0161iltu ir kvie\u010dian\u010diu apkabinimu. Pagrindin\u0117s \u0161ilto pa\u010diulio ir sviestini\u0173 Madagaskaro vanil\u0117s ank\u0161\u010di\u0173 natos suteikia komforti\u0161k\u0105 ir prabangi\u0105 pabaig\u0105, paliekant ilgai i\u0161liekant\u012f aromat\u0105, kuris yra ir \u0161vie\u017eias, ir medinis, ir saldus. Puikiai tinka tiems, kurie vertina prabang\u0173 ir rafinuot\u0105 kvap\u0173 patyrim\u0105.<\/span><\/p>\n<p class=\"p1\"><span class=\"s1\">25. Kvietimas visiems kavos myl\u0117tojams! M\u0117gaukit\u0117s rafinuotu \u201cEspresso Martini\u201d aromatu, kvapu, sukurtu pa\u017eadinti j\u016bs\u0173 poj\u016b\u010dius. \u0160is viliojantis kvapas prasideda stipriomis espreso natomis, puikiai susiliejan\u010diomis su turtingu kavos likeriu, gard\u017eiu romu ir prabangiu \u0161okoladu. \u012ekv\u0117ptas mylimo kokteilio, \u201cEspresso Martini\u201d si\u016blo \u017eav\u0173 patyrim\u0105 i\u0161skirtiniam nosiai, primindamas pra\u0161matnaus kavin\u0117s ar kokteili\u0173 baro atmosfer\u0105. Idealiai tinka tiems, kurie vertina gili\u0105 ir aromatin\u0119 kavos esm\u0119, \u0161is kvapas \u017eada pa\u017eadinti j\u016bs\u0173 poj\u016b\u010dius ir su\u017eav\u0117ti j\u016bs\u0173 uosl\u0117s palet\u0119 su savo dr\u0105siu ir nenugalimu \u017eavesiu.<\/span><\/p>\n<p class=\"p1\"><span class=\"s1\">26. Perkelkite save \u012f tropin\u012f roj\u0173 su \u201cSweet Pina Colada\u201d, gaiviu ir maloniu kvapu, kuris u\u017efiksuoja \u0161io ikoni\u0161ko kokteilio esm\u0119. \u012esivaizduokite sald\u0173 kokos\u0173 kremo, baltojo romo ir \u0161vie\u017eiai spaustos ananas\u0173 sultys derin\u012f, sukuriant\u012f burnoje tirpstant\u012f aromat\u0105, kuris su\u017eadina atsipalaidavimo ir malonumo dvasi\u0105. \u0160is kvapas yra kaip puikiai suplakta \u201cPina Colada\u201d, su susmulkintu ledu ir papuo\u0161ta ananaso gabal\u0117liu.<\/span><\/p>\n","protected":false},"excerpt":{"rendered":"<p id=\"tw-target-text\" class=\"tw-data-text tw-text-large tw-ta\" dir=\"ltr\" data-placeholder=\"Vertimas\" aria-label=\"I\u0161verstas tekstas\" data-ved=\"2ahUKEwi9_Ozt9f2GAxXLVPEDHSZUBW0Q3ewLegQIDxAU\"><span class=\"Y2IQFc\" lang=\"lt\">,,Fire-pit&#8221; Eleganti\u0161ko dizaino, didelio dyd\u017eio \u017evak\u0117, sverianti 1500g. \u017dvak\u0117 turi tris tolygiai i\u0161d\u0117stytas dagtis, u\u017etikrinan\u010dias tolyg\u0173 degim\u0105 ir optimal\u0173 kvapo pasiskirstym\u0105. Keraminis indas turi minimalistin\u0119, bet stiling\u0105 estetik\u0105. D\u0117l \u0161io dizaino jis yra vizualiai patrauklus bet kokio modernaus nam\u0173 dekoro priedas, ypa\u010d tinkantis aplinkai, kuri teikia pirmenyb\u0119 \u0161iuolaiki\u0161kam ir rafinuotam vaizdui. <\/span><\/p>\n<p class=\"tw-data-text tw-text-large tw-ta\" dir=\"ltr\" data-placeholder=\"Vertimas\" aria-label=\"I\u0161verstas tekstas\" data-ved=\"2ahUKEwi9_Ozt9f2GAxXLVPEDHSZUBW0Q3ewLegQIDxAU\"><span class=\"Y2IQFc\" lang=\"lt\">Galite rinktis i\u0161 trij\u0173 spalv\u0173, tod\u0117l bet kuriai erdvei suteikia elegancijos. <\/span><\/p>\n<p class=\"tw-data-text tw-text-large tw-ta\" dir=\"ltr\" data-placeholder=\"Vertimas\" aria-label=\"I\u0161verstas tekstas\" data-ved=\"2ahUKEwi9_Ozt9f2GAxXLVPEDHSZUBW0Q3ewLegQIDxAU\"><span class=\"Y2IQFc\" lang=\"lt\">Pageidaujant galima \u012fsigyti dovan\u0173 magnetin\u0117s d\u0117\u017eut\u0117s.<\/span><\/p>\n","protected":false},"featured_media":820,"comment_status":"open","ping_status":"closed","template":"","meta":[],"product_brand":[],"product_cat":[219,52],"product_tag":[],"class_list":{"0":"post-4301","1":"product","2":"type-product","3":"status-publish","4":"has-post-thumbnail","6":"product_cat-fire-pit-kolekcija-15kg-2kg","7":"product_cat-zvakes","9":"first","10":"instock","11":"taxable","12":"shipping-taxable","13":"purchasable","14":"product-type-variable"},"_links":{"self":[{"href":"https:\/\/thequeenhouse.co.uk\/lt\/wp-json\/wp\/v2\/product\/4301","targetHints":{"allow":["GET"]}}],"collection":[{"href":"https:\/\/thequeenhouse.co.uk\/lt\/wp-json\/wp\/v2\/product"}],"about":[{"href":"https:\/\/thequeenhouse.co.uk\/lt\/wp-json\/wp\/v2\/types\/product"}],"replies":[{"embeddable":true,"href":"https:\/\/thequeenhouse.co.uk\/lt\/wp-json\/wp\/v2\/comments?post=4301"}],"wp:featuredmedia":[{"embeddable":true,"href":"https:\/\/thequeenhouse.co.uk\/lt\/wp-json\/wp\/v2\/media\/820"}],"wp:attachment":[{"href":"https:\/\/thequeenhouse.co.uk\/lt\/wp-json\/wp\/v2\/media?parent=4301"}],"wp:term":[{"taxonomy":"product_brand","embeddable":true,"href":"https:\/\/thequeenhouse.co.uk\/lt\/wp-json\/wp\/v2\/product_brand?post=4301"},{"taxonomy":"product_cat","embeddable":true,"href":"https:\/\/thequeenhouse.co.uk\/lt\/wp-json\/wp\/v2\/product_cat?post=4301"},{"taxonomy":"product_tag","embeddable":true,"href":"https:\/\/thequeenhouse.co.uk\/lt\/wp-json\/wp\/v2\/product_tag?post=4301"}],"curies":[{"name":"wp","href":"https:\/\/api.w.org\/{rel}","templated":true}]}}