{"id":433,"date":"2024-06-12T06:51:46","date_gmt":"2024-06-12T06:53:32","guid":{"rendered":"https:\/\/thequeenhouse.co.uk\/?post_type=product&#038;p=433"},"modified":"2024-10-14T11:28:42","modified_gmt":"2024-10-14T10:28:42","slug":"malachite-cosmetics-drekinamasis-alavijo-gelis-sweet-sunny-100ml-200ml","status":"publish","type":"product","link":"https:\/\/thequeenhouse.co.uk\/lt\/produktas\/malachite-cosmetics-drekinamasis-alavijo-gelis-sweet-sunny-100ml-200ml\/","title":{"rendered":"MALACHITE COSMETICS dr\u0117kinamasis Aloe Vera gelis \u201eSWEET SUNNY\u201c, 100ml-200ml"},"content":{"rendered":"<p>Lepinkite savo od\u0105 su Malachite Aloe Vera geliu! Lengvas ir gaivus, gelis akimirksniu nuramina ir dr\u0117kina od\u0105. Alavijo ekstraktas skatina odos regeneracij\u0105, mal\u0161ina sudirgim\u0105 ir paraudim\u0105. Makadamijos aliejus kartu su taukmed\u017eio sviestu mink\u0161tina ir maitina od\u0105, apsaugodamas j\u0105 nuo i\u0161saus\u0117jimo. Daugiaveiksmis vitaminas C \u0161viesina ir lygina odos tekst\u016br\u0105 bei gerina odos elastingum\u0105. \u0160is gelis idealiai tinka vis\u0173 tip\u0173 odai kasdieniam naudojimui, ypa\u010d po saul\u0117s voni\u0173. Jis palieka od\u0105 \u0161velni\u0105, glotni\u0105 ir nuostabiai spindin\u010di\u0105.<\/p>\n<p>&#8211; Avokad\u0173, makadamijos, bal\u017e\u0173, saul\u0117gr\u0105\u017e\u0173, Babassu palmi\u0173 s\u0117kl\u0173 ir sviestmed\u017ei\u0173 aliej\u0173 kompleksas \u2013 dr\u0117kina, maitina, ramina net sudirgusi\u0105 od\u0105 bei apsaugo od\u0105 nuo \u017ealing\u0173 aplinkos veiksni\u0173 (v\u0117jas, \u0161altis, saul\u0117s spinduliai). \u0160ie aliejai puikiai veikia kaip antioksidantas, kuris padeda kovoti su sen\u0117jimo po\u017eymiais ir stiprina odos apsaugin\u012f barjer\u0105, skatina audini\u0173 regeneracij\u0105, gerina odos elastingum\u0105 ir suteikia sveik\u0105 spindes\u012f bei padeda kovoti su jautrios, sausos ir \u0161erpetojan\u010dios odos problemomis.<br \/>\n&#8211; Trigliceridai \u2013 intensyviai dr\u0117kina od\u0105, neleid\u017eia jai i\u0161saus\u0117ti, kovoja su odos \u0161erpetojimu, pleiskanojimu, ramina sudirgimus.<br \/>\n&#8211; Glicerinas ir pantenolis &#8211; dr\u0117kina od\u0105, u\u017etikrina normal\u0173 odos l\u0105steli\u0173 atsinaujinim\u0105, didina elastingum\u0105 ir stiprina apsaugin\u012f odos barjer\u0105.<br \/>\n&#8211; Alavijo ekstraktas \u2013 stiprus odos dr\u0117kiklis, pasi\u017eymintis raminan\u010diu ir prie\u0161u\u017edegiminiu poveikiu, ypa\u010d tinkamas jautriai ir sudirgintai odai, ma\u017eina raudon\u012f.<br \/>\n&#8211; Vitaminas C &#8211; galingas antioksidantas, kuris padeda apsaugoti od\u0105 nuo laisv\u0173j\u0173 radikal\u0173 poveikio, skatina kolageno sintez\u0119, suma\u017eina UV spinduli\u0173 sukeltus pa\u017eeidimus bei veikia kaip od\u0105 skaistinantis ingredientas, suteikiant sveik\u0105 ir vienod\u0105 odos atspalv\u012f.<br \/>\n&#8211; Lecitinas &#8211; veikia kaip emolientas, saugo od\u0105 nuo dehidratacijos, be to padeda pagerinti odos elastingum\u0105, stangrum\u0105.<br \/>\n&#8211; Vitaminas E \u2013 antioksidantas, skatina l\u0105steli\u0173 atsinaujinim\u0105 ir regeneracij\u0105, dr\u0117kina bei turi prie\u0161u\u017edegimini\u0173 savybi\u0173.<\/p>\n<p><strong>Sudedamosios dalys (INCI):<\/strong><br \/>\nGlicerinas, PPG-1-PEG-9 laurilo glikolio eteris, Aloe Barbadensis ekstraktas, kalcio natrio borosilikatas, sacharido izomeratas, glicerilo poliakrilatas, Spirulina Platensis ekstraktas, parfumas, pantenolis, citrinos r\u016bg\u0161tis, natrio citratas, fenoksietanolis, chlorfenezinas, etilheksilglicerinas, kalio sorbatas, natrio benzoatas, benzilo salicilatas, limonenas, hidroksicitronelalas, alavo oksidas, CI 77891.<\/p>\n","protected":false},"excerpt":{"rendered":"<p>Lepinkite savo od\u0105 su Malachite Aloe Vera geliu! Lengvas ir gaivus, gelis akimirksniu nuramina ir dr\u0117kina od\u0105. Alavijo ekstraktas skatina odos regeneracij\u0105, mal\u0161ina sudirgim\u0105 ir paraudim\u0105. Makadamijos aliejus kartu su taukmed\u017eio sviestu mink\u0161tina ir maitina od\u0105, apsaugodamas j\u0105 nuo i\u0161saus\u0117jimo. Daugiaveiksmis vitaminas C \u0161viesina ir lygina odos tekst\u016br\u0105 bei gerina odos elastingum\u0105. \u0160is gelis idealiai tinka vis\u0173 tip\u0173 odai kasdieniam naudojimui, ypa\u010d po saul\u0117s voni\u0173. Jis palieka od\u0105 \u0161velni\u0105, glotni\u0105 ir nuostabiai spindin\u010di\u0105.<\/p>\n","protected":false},"featured_media":430,"comment_status":"open","ping_status":"closed","template":"","meta":[],"product_brand":[],"product_cat":[43,211],"product_tag":[],"class_list":{"0":"post-433","1":"product","2":"type-product","3":"status-publish","4":"has-post-thumbnail","6":"product_cat-grozis","7":"product_cat-kuno-prieziuros-priemones","9":"first","10":"outofstock","11":"taxable","12":"shipping-taxable","13":"purchasable","14":"product-type-variable"},"_links":{"self":[{"href":"https:\/\/thequeenhouse.co.uk\/lt\/wp-json\/wp\/v2\/product\/433","targetHints":{"allow":["GET"]}}],"collection":[{"href":"https:\/\/thequeenhouse.co.uk\/lt\/wp-json\/wp\/v2\/product"}],"about":[{"href":"https:\/\/thequeenhouse.co.uk\/lt\/wp-json\/wp\/v2\/types\/product"}],"replies":[{"embeddable":true,"href":"https:\/\/thequeenhouse.co.uk\/lt\/wp-json\/wp\/v2\/comments?post=433"}],"wp:featuredmedia":[{"embeddable":true,"href":"https:\/\/thequeenhouse.co.uk\/lt\/wp-json\/wp\/v2\/media\/430"}],"wp:attachment":[{"href":"https:\/\/thequeenhouse.co.uk\/lt\/wp-json\/wp\/v2\/media?parent=433"}],"wp:term":[{"taxonomy":"product_brand","embeddable":true,"href":"https:\/\/thequeenhouse.co.uk\/lt\/wp-json\/wp\/v2\/product_brand?post=433"},{"taxonomy":"product_cat","embeddable":true,"href":"https:\/\/thequeenhouse.co.uk\/lt\/wp-json\/wp\/v2\/product_cat?post=433"},{"taxonomy":"product_tag","embeddable":true,"href":"https:\/\/thequeenhouse.co.uk\/lt\/wp-json\/wp\/v2\/product_tag?post=433"}],"curies":[{"name":"wp","href":"https:\/\/api.w.org\/{rel}","templated":true}]}}