{"id":443,"date":"2024-06-12T07:03:01","date_gmt":"2024-06-12T07:03:01","guid":{"rendered":"https:\/\/thequeenhouse.co.uk\/?post_type=product&#038;p=443"},"modified":"2026-02-12T08:40:13","modified_gmt":"2026-02-12T07:40:13","slug":"persiku-sveitiklis-malachite-cosmetics-peach-passion-scrub-300-g","status":"publish","type":"product","link":"https:\/\/thequeenhouse.co.uk\/lt\/produktas\/persiku-sveitiklis-malachite-cosmetics-peach-passion-scrub-300-g\/","title":{"rendered":"Persik\u0173 \u0161veitiklis MALACHITE COSMETICS \u201ePeach Passion\u201c, 300gr"},"content":{"rendered":"<p>Cukraus k\u016bno \u0161veitiklis, u\u017eburiantis sulting\u0173 persik\u0173 aromatu, pasir\u016bpins k\u016bno odos lygumu, mink\u0161tumu ir \u0161velnumu. Nat\u016bralios \u0161vei\u010diamosios dalel\u0117s efektyviai pa\u0161alina negyvasias odos l\u0105steles ir puosel\u0117ja odos lygum\u0105, sveik\u0105 spind\u0117s\u012f. Cukrus kaip eksfoliantas tinka visiems odos tipams, pasi\u017eymi \u0161velniu poveikiu, nedirgina, tad tinka ir jautresnei odai pri\u017ei\u016br\u0117ti. Augaliniai aliejai kartu su vitaminu C dr\u0117kina, mink\u0161tina bei \u0161viesina od\u0105, kovoja su \u0161erpetojimu, gerina odos elastingum\u0105 bei stangrum\u0105. Taukmed\u017eio sviestas \u017eymus d\u0117l savo puiki\u0173 mink\u0161tinan\u010di\u0173 savybi\u0173, stiprina odos apsaugin\u012f barjer\u0105, neleid\u017eia odai i\u0161saus\u0117ti. Reguliariai naudojamas k\u016bno \u0161veitiklis gerina odos tonus\u0105, geb\u0117jim\u0105 pasisavinti naudingas med\u017eiagas, u\u017etikrina lygi\u0105, mink\u0161t\u0105 od\u0105, padeda kovoti su \u012faugin\u0117jan\u010diais plaukeliais bei tekst\u016bros netobulumais. Po naudojimo oda akimirksniu tampa spindinti, lygi ir \u0161velni it persikas!<\/p>\n<p>&nbsp;<\/p>\n<p><strong>Aktyviosios med\u017eiagos:<\/strong><\/p>\n<p>&#8211; Cukrus \u2013 nat\u016bralus \u0161veitiklis, tinkantis visiems odos tipams. D\u0117l savo \u0161velnaus nedirginan\u010dio veikimo tinka ir jautriai k\u016bno odai pri\u017ei\u016br\u0117ti. Masa\u017euojant \u0161veitikl\u012f cukrus skatina negyv\u0173 l\u0105steli\u0173 pasi\u0161alinim\u0105, kovoja su odos netolygumais, lygina tekst\u016br\u0105, padeda apsisaugoti nuo \u012faugin\u0117jan\u010di\u0173 plaukeli\u0173.<br \/>\n&#8211; Taukmed\u017eio sviestas \u2013 intensyviai maitina, saugo nuo aplinkos \u017ealing\u0173 odai veiksni\u0173 (\u0161altis, v\u0117jas, kar\u0161tis ir kt.), stiprina apsauginio barjero veikl\u0105, suteikia odai neapsakomo \u0161velnumo, mink\u0161tumo, kovoja su \u0161erpetojimu ir pleiskanojimu.<br \/>\n&#8211; Glicerinas \u2013 dr\u0117kina, mink\u0161tina od\u0105, u\u017etikrina normal\u0173 odos l\u0105steli\u0173 atsinaujinim\u0105 ir stiprina apsaugin\u012f odos barjer\u0105.<br \/>\n&#8211; Lecitinas \u2013 veikia kaip emolientas, saugo od\u0105 nuo dehidratacijos, be to padeda pagerinti odos elastingum\u0105, stangrum\u0105.<br \/>\n&#8211; Vynuogi\u0173 kauliuk\u0173, saul\u0117gr\u0105\u017e\u0173 augaliniai aliejai \u2013 auk\u0161tos kokyb\u0117s nerafinuoti aliejai prisotina od\u0105 lipidais, kurie stiprina odos apsaugin\u012f barjer\u0105, atkuria komforto jausm\u0105, saugo nuo i\u0161saus\u0117jimo, padeda pagerinti sausos, pa\u017eeistos odos b\u016bkl\u0119 ir akimirksniu suteikia odai jau\u010diamo \u0161velnumo, mink\u0161tumo.<br \/>\n&#8211; Simondsij\u0173 (jojobos) aliejus \u2013 vienas i\u0161 vertingiausi\u0173 aliej\u0173, itin m\u0117gstamas vis\u0173 odos tip\u0173 d\u0117l savo unikalios sud\u0117ties, kurioje gausu lipid\u0173, vitamin\u0173, omega r\u016bg\u0161\u010di\u0173 bei antioksidant\u0173. Jo strukt\u016bra labai pana\u0161i \u012f nat\u016braliai odos gaminamo sebumo, tad \u0161is aliejus yra puikiai toleruojamas vis\u0173 odos tip\u0173. Jojobos aliejus padeda palaikyti normali\u0105 odos b\u016bkl\u0119, padeda spr\u0119sti sausos odos problemas kovojant su odos pleiskanojimu, i\u0161saus\u0117jimu, \u0161erpetojimu, be to suteikia odai nepakartojamo spindesio.<\/p>\n<p>&#8211; Vitaminas C \u2013 plataus spektro med\u017eiaga, veikianti kaip stiprus antioksidantas. Tyrimai rodo, jog vitaminas C padeda pagerinti odos b\u016bkl\u0119 skatinant nauj\u0173 l\u0105steli\u0173 susidarym\u0105. Jis taip pat ma\u017eina skys\u010di\u0173 kaupim\u0105si, gerina kolageno gamyb\u0105, kovoja su laisvaisiais radikalais, dalyvauja raginio sluoksnio formavime (stimuliuoja keramid\u0173 sintez\u0119), o tai paveikia odos geb\u0117jim\u0105 apsisaugoti nuo transepidermalinio vandens praradimo, skaistina.<br \/>\n&#8211; Vitaminas E &#8211; antioksidantas, apsaugo od\u0105 nuo laisv\u0173j\u0173 radikal\u0173 poveikio, padeda odai grei\u010diau atsistatyti.<\/p>\n<p><strong>Naudojimas:<\/strong><\/p>\n<p>U\u017etepkite \u0161veitiklio ant sudr\u0117kintos odos (pageidautina \u2013 i\u0161simaud\u017eius vonioje arba nusiprausus po du\u0161u, kai odos poros yra \u0161iek tiek atsiv\u0117rusios). Zonas, ant kuri\u0173 yra u\u017etepta \u0161veitiklio, sukamaisiais judesiais pamasa\u017euokite, didesn\u012f d\u0117mes\u012f skirkite problemin\u0117ms vietoms. Po to \u0161iltu vandeniu nuplaukite \u0161veitiklio liku\u010dius ir nu\u0161luostykite rank\u0161luos\u010diu<\/p>\n","protected":false},"excerpt":{"rendered":"<p>Cukraus k\u016bno \u0161veitiklis, u\u017eburiantis sulting\u0173 persik\u0173 aromatu, pasir\u016bpins k\u016bno odos lygumu, mink\u0161tumu ir \u0161velnumu. Nat\u016bralios \u0161vei\u010diamosios dalel\u0117s efektyviai pa\u0161alina negyvasias odos l\u0105steles ir puosel\u0117ja odos lygum\u0105, sveik\u0105 spind\u0117s\u012f. Cukrus kaip eksfoliantas tinka visiems odos tipams, pasi\u017eymi \u0161velniu poveikiu, nedirgina, tad tinka ir jautresnei odai pri\u017ei\u016br\u0117ti. Augaliniai aliejai kartu su vitaminu C dr\u0117kina, mink\u0161tina bei \u0161viesina od\u0105, kovoja su \u0161erpetojimu, gerina odos elastingum\u0105 bei stangrum\u0105. Taukmed\u017eio sviestas \u017eymus d\u0117l savo puiki\u0173 mink\u0161tinan\u010di\u0173 savybi\u0173, stiprina odos apsaugin\u012f barjer\u0105, neleid\u017eia odai i\u0161saus\u0117ti. Reguliariai naudojamas k\u016bno \u0161veitiklis gerina odos tonus\u0105, geb\u0117jim\u0105 pasisavinti naudingas med\u017eiagas, u\u017etikrina lygi\u0105, mink\u0161t\u0105 od\u0105, padeda kovoti su \u012faugin\u0117jan\u010diais plaukeliais bei tekst\u016bros netobulumais. Po naudojimo oda akimirksniu tampa spindinti, lygi ir \u0161velni it persikas!<\/p>\n","protected":false},"featured_media":440,"comment_status":"open","ping_status":"closed","template":"","meta":[],"product_brand":[],"product_cat":[43,211],"product_tag":[],"class_list":{"0":"post-443","1":"product","2":"type-product","3":"status-publish","4":"has-post-thumbnail","6":"product_cat-grozis","7":"product_cat-kuno-prieziuros-priemones","9":"first","10":"instock","11":"taxable","12":"shipping-taxable","13":"purchasable","14":"product-type-simple"},"_links":{"self":[{"href":"https:\/\/thequeenhouse.co.uk\/lt\/wp-json\/wp\/v2\/product\/443","targetHints":{"allow":["GET"]}}],"collection":[{"href":"https:\/\/thequeenhouse.co.uk\/lt\/wp-json\/wp\/v2\/product"}],"about":[{"href":"https:\/\/thequeenhouse.co.uk\/lt\/wp-json\/wp\/v2\/types\/product"}],"replies":[{"embeddable":true,"href":"https:\/\/thequeenhouse.co.uk\/lt\/wp-json\/wp\/v2\/comments?post=443"}],"wp:featuredmedia":[{"embeddable":true,"href":"https:\/\/thequeenhouse.co.uk\/lt\/wp-json\/wp\/v2\/media\/440"}],"wp:attachment":[{"href":"https:\/\/thequeenhouse.co.uk\/lt\/wp-json\/wp\/v2\/media?parent=443"}],"wp:term":[{"taxonomy":"product_brand","embeddable":true,"href":"https:\/\/thequeenhouse.co.uk\/lt\/wp-json\/wp\/v2\/product_brand?post=443"},{"taxonomy":"product_cat","embeddable":true,"href":"https:\/\/thequeenhouse.co.uk\/lt\/wp-json\/wp\/v2\/product_cat?post=443"},{"taxonomy":"product_tag","embeddable":true,"href":"https:\/\/thequeenhouse.co.uk\/lt\/wp-json\/wp\/v2\/product_tag?post=443"}],"curies":[{"name":"wp","href":"https:\/\/api.w.org\/{rel}","templated":true}]}}