{"id":508,"date":"2024-06-12T11:09:03","date_gmt":"2024-06-12T11:09:24","guid":{"rendered":"https:\/\/thequeenhouse.co.uk\/?post_type=product&#038;p=508"},"modified":"2024-07-11T14:45:16","modified_gmt":"2024-07-11T13:45:16","slug":"lorem-ipsum","status":"publish","type":"product","link":"https:\/\/thequeenhouse.co.uk\/lt\/produktas\/lorem-ipsum\/","title":{"rendered":"IVYBEARS guminukai"},"content":{"rendered":"<p>IVYBEARS\u00ae MOTERIMS PLAUK\u0172 PRIE\u017dI\u016aRA<\/p>\n<p>IVYBEARS\u00ae sud\u0117tyje yra daug biotino, folio r\u016bg\u0161ties ir verting\u0173 vitamin\u0173, toki\u0173 kaip vitaminas C, kurie u\u017etikrina gra\u017eius, \u017evilgan\u010dius ir stiprius plaukus.<\/p>\n<p>IVYBEARS\u00ae yra naujos kartos gro\u017eio vitaminai. Vaisiniai guminukai suteikia skani\u0105 vitamino doz\u0119. Papras\u010diausiai gra\u017e\u016bs u\u017ekand\u017eiai!<\/p>\n<p>IVYBEARS\u00ae gro\u017eio vitaminai yra vaisiniai guminukai, supakuoti su didel\u0117mis vitamino kompleks\u0173 doz\u0117mis. Inovatyv\u016bs vitamininiai me\u0161kiukai nat\u016braliai palaiko gro\u017e\u012f ir gerov\u0119 i\u0161 vidaus ir yra nepaprastai skan\u016bs.<\/p>\n<p>IVYBEARS\u00ae buvo sukurti palaikyti sveik\u0105 ir vitamin\u0173 turting\u0105 mityb\u0105 \u012ftemptame kasdieniniame gyvenime ir papras\u010diausiai padaryti jus dar gra\u017eesnius. Ir geriausia yra tai, kad jie yra tokie skan\u016bs valgyti, nes kas gi nem\u0117gsta guminuk\u0173 vietoj table\u010di\u0173? Du vaisiniai me\u0161kiukai per dien\u0105 padeda kompensuoti vitamin\u0173 tr\u016bkumus ir, priklausomai nuo varianto, u\u017etikrina gra\u017eius plaukus, spindin\u010di\u0105 od\u0105 arba padidina gerov\u0119, taip u\u017etikrindami gro\u017e\u012f i\u0161 vidaus.<\/p>\n","protected":false},"excerpt":{"rendered":"<p>### IVYBEARS\u00ae MOTERIMS PLAUK\u0172 PRIE\u017dI\u016aRA<\/p>\n<p>IVYBEARS\u00ae MOTER\u0172 PLAUK\u0172 PRIE\u017dI\u016aROS sud\u0117tyje yra daug biotino, folio r\u016bg\u0161ties ir verting\u0173 vitamin\u0173, toki\u0173 kaip vitaminas C, kurie u\u017etikrina gra\u017eius, \u017evilgan\u010dius ir stiprius plaukus.<\/p>\n<p>IVYBEARS\u00ae yra naujos kartos gro\u017eio vitaminai. Vaisiniai guminukai suteikia skani\u0105 vitamino doz\u0119. Papras\u010diausiai gra\u017e\u016bs u\u017ekand\u017eiai!<\/p>\n<p>IVYBEARS\u00ae gro\u017eio vitaminai yra vaisiniai guminukai, supakuoti su didel\u0117mis vitamino kompleks\u0173 doz\u0117mis. Inovatyv\u016bs vitamininiai me\u0161kiukai nat\u016braliai palaiko gro\u017e\u012f ir gerov\u0119 i\u0161 vidaus ir yra nepaprastai skan\u016bs.<\/p>\n<p>IVYBEARS\u00ae buvo sukurti palaikyti sveik\u0105 ir vitamin\u0173 turting\u0105 mityb\u0105 \u012ftemptame kasdieniniame gyvenime ir papras\u010diausiai padaryti jus dar gra\u017eesnius. Ir geriausia yra tai, kad jie yra tokie skan\u016bs valgyti, nes kas gi nem\u0117gsta guminuk\u0173 vietoj table\u010di\u0173? Du vaisiniai me\u0161kiukai per dien\u0105 padeda kompensuoti vitamin\u0173 tr\u016bkumus ir, priklausomai nuo varianto, u\u017etikrina gra\u017eius plaukus, spindin\u010di\u0105 od\u0105 arba padidina gerov\u0119, taip u\u017etikrindami gro\u017e\u012f i\u0161 vidaus.<\/p>\n","protected":false},"featured_media":507,"comment_status":"open","ping_status":"closed","template":"","meta":[],"product_brand":[],"product_cat":[43,215],"product_tag":[],"class_list":{"0":"post-508","1":"product","2":"type-product","3":"status-publish","4":"has-post-thumbnail","6":"product_cat-grozis","7":"product_cat-vitaminai-ir-papildai","9":"first","10":"outofstock","11":"taxable","12":"shipping-taxable","13":"purchasable","14":"product-type-simple"},"_links":{"self":[{"href":"https:\/\/thequeenhouse.co.uk\/lt\/wp-json\/wp\/v2\/product\/508","targetHints":{"allow":["GET"]}}],"collection":[{"href":"https:\/\/thequeenhouse.co.uk\/lt\/wp-json\/wp\/v2\/product"}],"about":[{"href":"https:\/\/thequeenhouse.co.uk\/lt\/wp-json\/wp\/v2\/types\/product"}],"replies":[{"embeddable":true,"href":"https:\/\/thequeenhouse.co.uk\/lt\/wp-json\/wp\/v2\/comments?post=508"}],"wp:featuredmedia":[{"embeddable":true,"href":"https:\/\/thequeenhouse.co.uk\/lt\/wp-json\/wp\/v2\/media\/507"}],"wp:attachment":[{"href":"https:\/\/thequeenhouse.co.uk\/lt\/wp-json\/wp\/v2\/media?parent=508"}],"wp:term":[{"taxonomy":"product_brand","embeddable":true,"href":"https:\/\/thequeenhouse.co.uk\/lt\/wp-json\/wp\/v2\/product_brand?post=508"},{"taxonomy":"product_cat","embeddable":true,"href":"https:\/\/thequeenhouse.co.uk\/lt\/wp-json\/wp\/v2\/product_cat?post=508"},{"taxonomy":"product_tag","embeddable":true,"href":"https:\/\/thequeenhouse.co.uk\/lt\/wp-json\/wp\/v2\/product_tag?post=508"}],"curies":[{"name":"wp","href":"https:\/\/api.w.org\/{rel}","templated":true}]}}