{"id":6446,"date":"2024-07-01T11:47:11","date_gmt":"2024-07-01T11:47:56","guid":{"rendered":"https:\/\/thequeenhouse.co.uk\/?post_type=product&#038;p=6446"},"modified":"2024-10-14T11:13:04","modified_gmt":"2024-10-14T10:13:04","slug":"dreams-in-the-night","status":"publish","type":"product","link":"https:\/\/thequeenhouse.co.uk\/lt\/produktas\/dreams-in-the-night\/","title":{"rendered":"Dreams in the Night"},"content":{"rendered":"<p>Rank\u0173 darbo dervos pad\u0117klas yra nuostabus meno ir prakti\u0161kumo derinys, pasi\u017eymintis unikaliu tamsi\u0173, d\u016bmini\u0173 atspalvi\u0173 s\u016bkuri\u0173 ra\u0161tu, suteikian\u010diu \u012fdomi\u0105 vizualin\u0119 gelm\u0119. Pad\u0117klas yra dekoruotas ry\u0161kiais, gyvybingais sukulentais ir spalvingomis g\u0117l\u0117mis, kurios suteikia gaiv\u0173 nat\u016bralumo akcent\u0105.<\/p>\n<p>\u012er\u0117mintas \u012f eleganti\u0161k\u0105 auksin\u012f r\u0117m\u0105, \u0161is pad\u0117klas ne tik padeda tvarkingai susitvarkyti erdv\u0119, bet ir tampa i\u0161skirtiniu interjero detale, bei puikiai prideda\u00a0elegancijos bet kuriam kambariui.<\/p>\n","protected":false},"excerpt":{"rendered":"<p>Rank\u0173 darbo dervos pad\u0117klas yra nuostabus meno ir prakti\u0161kumo derinys, pasi\u017eymintis unikaliu tamsi\u0173, d\u016bmini\u0173 atspalvi\u0173 s\u016bkuri\u0173 ra\u0161tu, suteikian\u010diu \u012fdomi\u0105 vizualin\u0119 gelm\u0119. Pad\u0117klas yra dekoruotas ry\u0161kiais, gyvybingais sukulentais ir spalvingomis g\u0117l\u0117mis, kurios suteikia gaiv\u0173 nat\u016bralumo akcent\u0105.<\/p>\n<p>\u012er\u0117mintas \u012f eleganti\u0161k\u0105 auksin\u012f r\u0117m\u0105, \u0161is pad\u0117klas ne tik padeda tvarkingai susitvarkyti erdv\u0119, bet ir tampa i\u0161skirtiniu interjero detale, bei puikiai prideda\u00a0elegancijos bet kuriam kambariui.<\/p>\n","protected":false},"featured_media":6441,"comment_status":"open","ping_status":"closed","template":"","meta":[],"product_brand":[],"product_cat":[44,48,49],"product_tag":[],"class_list":{"0":"post-6446","1":"product","2":"type-product","3":"status-publish","4":"has-post-thumbnail","6":"product_cat-namams","7":"product_cat-padeklai","8":"product_cat-padeklai-su-kojelemis","10":"first","11":"outofstock","12":"taxable","13":"shipping-taxable","14":"purchasable","15":"product-type-simple"},"_links":{"self":[{"href":"https:\/\/thequeenhouse.co.uk\/lt\/wp-json\/wp\/v2\/product\/6446","targetHints":{"allow":["GET"]}}],"collection":[{"href":"https:\/\/thequeenhouse.co.uk\/lt\/wp-json\/wp\/v2\/product"}],"about":[{"href":"https:\/\/thequeenhouse.co.uk\/lt\/wp-json\/wp\/v2\/types\/product"}],"replies":[{"embeddable":true,"href":"https:\/\/thequeenhouse.co.uk\/lt\/wp-json\/wp\/v2\/comments?post=6446"}],"wp:featuredmedia":[{"embeddable":true,"href":"https:\/\/thequeenhouse.co.uk\/lt\/wp-json\/wp\/v2\/media\/6441"}],"wp:attachment":[{"href":"https:\/\/thequeenhouse.co.uk\/lt\/wp-json\/wp\/v2\/media?parent=6446"}],"wp:term":[{"taxonomy":"product_brand","embeddable":true,"href":"https:\/\/thequeenhouse.co.uk\/lt\/wp-json\/wp\/v2\/product_brand?post=6446"},{"taxonomy":"product_cat","embeddable":true,"href":"https:\/\/thequeenhouse.co.uk\/lt\/wp-json\/wp\/v2\/product_cat?post=6446"},{"taxonomy":"product_tag","embeddable":true,"href":"https:\/\/thequeenhouse.co.uk\/lt\/wp-json\/wp\/v2\/product_tag?post=6446"}],"curies":[{"name":"wp","href":"https:\/\/api.w.org\/{rel}","templated":true}]}}