{"id":6462,"date":"2024-07-01T11:51:40","date_gmt":"2024-07-01T11:56:20","guid":{"rendered":"https:\/\/thequeenhouse.co.uk\/?post_type=product&#038;p=6462"},"modified":"2024-10-14T11:13:04","modified_gmt":"2024-10-14T10:13:04","slug":"emerald-green-elegance","status":"publish","type":"product","link":"https:\/\/thequeenhouse.co.uk\/lt\/produktas\/emerald-green-elegance\/","title":{"rendered":"Emerald Green Elegance"},"content":{"rendered":"<p>Rank\u0173 darbo dervos pad\u0117klas spinduliuoja elegancija ir k\u016brybi\u0161kumu. Unikali gili\u0173 \u017eali\u0173 ir auksini\u0173 atspalvi\u0173 sintez\u0117, papuo\u0161ta gyvybingais sukulentais ir ry\u0161kiomis geltonomis g\u0117l\u0117mis, suteikia nat\u016bralumo poj\u016bt\u012f.<\/p>\n<p>Puikiai tinka j\u016bs\u0173 nam\u0173 dekorui praturtinti stilingu ir meni\u0161ku elementu, \u0161is pad\u0117klas harmoningai derina funkcionalum\u0105 ir estetin\u012f patrauklum\u0105.<\/p>\n","protected":false},"excerpt":{"rendered":"<p>Rank\u0173 darbo dervos pad\u0117klas spinduliuoja elegancija ir k\u016brybi\u0161kumu. Unikali gili\u0173 \u017eali\u0173 ir auksini\u0173 atspalvi\u0173 sintez\u0117, papuo\u0161ta gyvybingais sukulentais ir ry\u0161kiomis geltonomis g\u0117l\u0117mis, suteikia nat\u016bralumo poj\u016bt\u012f.<\/p>\n<p>Puikiai tinka j\u016bs\u0173 nam\u0173 dekorui praturtinti stilingu ir meni\u0161ku elementu, \u0161is pad\u0117klas harmoningai derina funkcionalum\u0105 ir estetin\u012f patrauklum\u0105.<\/p>\n","protected":false},"featured_media":6449,"comment_status":"open","ping_status":"closed","template":"","meta":[],"product_brand":[],"product_cat":[44,48,49],"product_tag":[],"class_list":{"0":"post-6462","1":"product","2":"type-product","3":"status-publish","4":"has-post-thumbnail","6":"product_cat-namams","7":"product_cat-padeklai","8":"product_cat-padeklai-su-kojelemis","10":"first","11":"outofstock","12":"taxable","13":"shipping-taxable","14":"purchasable","15":"product-type-simple"},"_links":{"self":[{"href":"https:\/\/thequeenhouse.co.uk\/lt\/wp-json\/wp\/v2\/product\/6462","targetHints":{"allow":["GET"]}}],"collection":[{"href":"https:\/\/thequeenhouse.co.uk\/lt\/wp-json\/wp\/v2\/product"}],"about":[{"href":"https:\/\/thequeenhouse.co.uk\/lt\/wp-json\/wp\/v2\/types\/product"}],"replies":[{"embeddable":true,"href":"https:\/\/thequeenhouse.co.uk\/lt\/wp-json\/wp\/v2\/comments?post=6462"}],"wp:featuredmedia":[{"embeddable":true,"href":"https:\/\/thequeenhouse.co.uk\/lt\/wp-json\/wp\/v2\/media\/6449"}],"wp:attachment":[{"href":"https:\/\/thequeenhouse.co.uk\/lt\/wp-json\/wp\/v2\/media?parent=6462"}],"wp:term":[{"taxonomy":"product_brand","embeddable":true,"href":"https:\/\/thequeenhouse.co.uk\/lt\/wp-json\/wp\/v2\/product_brand?post=6462"},{"taxonomy":"product_cat","embeddable":true,"href":"https:\/\/thequeenhouse.co.uk\/lt\/wp-json\/wp\/v2\/product_cat?post=6462"},{"taxonomy":"product_tag","embeddable":true,"href":"https:\/\/thequeenhouse.co.uk\/lt\/wp-json\/wp\/v2\/product_tag?post=6462"}],"curies":[{"name":"wp","href":"https:\/\/api.w.org\/{rel}","templated":true}]}}