{"id":6474,"date":"2024-07-01T12:02:49","date_gmt":"2024-07-01T12:03:22","guid":{"rendered":"https:\/\/thequeenhouse.co.uk\/?post_type=product&#038;p=6474"},"modified":"2024-10-14T11:13:04","modified_gmt":"2024-10-14T10:13:04","slug":"touch-of-marble","status":"publish","type":"product","link":"https:\/\/thequeenhouse.co.uk\/lt\/produktas\/touch-of-marble\/","title":{"rendered":"Touch of Marble"},"content":{"rendered":"<p>Rank\u0173 darbo dervos pad\u0117klas yra i\u0161skirtinis meno ir prakti\u0161kumo derinys. Jame susipina juodi, balti ir auksiniai ra\u0161tai, sukuriantys eleganti\u0161k\u0105 marmuro efekt\u0105. Pad\u0117klas dekoruotas ry\u0161kiais, gyvybingais sukulentais ir raudonomis g\u0117l\u0117mis, kurios suteikia gaiv\u0173 nat\u016bralumo akcent\u0105.<\/p>\n<p>Tobulai tinka pagyvinti bet koki\u0105 erdv\u0119, \u0161is pad\u0117klas\u00a0derina funkcionalum\u0105 ir i\u0161skirtin\u012f vizualin\u012f patrauklum\u0105, tod\u0117l jis taps unikaliu j\u016bs\u0173 nam\u0173 dekoro elementu.<\/p>\n","protected":false},"excerpt":{"rendered":"<p>Rank\u0173 darbo dervos pad\u0117klas yra i\u0161skirtinis meno ir prakti\u0161kumo derinys. Jame susipina juodi, balti ir auksiniai ra\u0161tai, sukuriantys eleganti\u0161k\u0105 marmuro efekt\u0105. Pad\u0117klas dekoruotas ry\u0161kiais, gyvybingais sukulentais ir raudonomis g\u0117l\u0117mis, kurios suteikia gaiv\u0173 nat\u016bralumo akcent\u0105.<\/p>\n<p>Tobulai tinka pagyvinti bet koki\u0105 erdv\u0119, \u0161is pad\u0117klas\u00a0derina funkcionalum\u0105 ir i\u0161skirtin\u012f vizualin\u012f patrauklum\u0105, tod\u0117l jis taps unikaliu j\u016bs\u0173 nam\u0173 dekoro elementu.<\/p>\n","protected":false},"featured_media":6471,"comment_status":"open","ping_status":"closed","template":"","meta":[],"product_brand":[],"product_cat":[44,48,49],"product_tag":[],"class_list":{"0":"post-6474","1":"product","2":"type-product","3":"status-publish","4":"has-post-thumbnail","6":"product_cat-namams","7":"product_cat-padeklai","8":"product_cat-padeklai-su-kojelemis","10":"first","11":"outofstock","12":"taxable","13":"shipping-taxable","14":"purchasable","15":"product-type-simple"},"_links":{"self":[{"href":"https:\/\/thequeenhouse.co.uk\/lt\/wp-json\/wp\/v2\/product\/6474","targetHints":{"allow":["GET"]}}],"collection":[{"href":"https:\/\/thequeenhouse.co.uk\/lt\/wp-json\/wp\/v2\/product"}],"about":[{"href":"https:\/\/thequeenhouse.co.uk\/lt\/wp-json\/wp\/v2\/types\/product"}],"replies":[{"embeddable":true,"href":"https:\/\/thequeenhouse.co.uk\/lt\/wp-json\/wp\/v2\/comments?post=6474"}],"wp:featuredmedia":[{"embeddable":true,"href":"https:\/\/thequeenhouse.co.uk\/lt\/wp-json\/wp\/v2\/media\/6471"}],"wp:attachment":[{"href":"https:\/\/thequeenhouse.co.uk\/lt\/wp-json\/wp\/v2\/media?parent=6474"}],"wp:term":[{"taxonomy":"product_brand","embeddable":true,"href":"https:\/\/thequeenhouse.co.uk\/lt\/wp-json\/wp\/v2\/product_brand?post=6474"},{"taxonomy":"product_cat","embeddable":true,"href":"https:\/\/thequeenhouse.co.uk\/lt\/wp-json\/wp\/v2\/product_cat?post=6474"},{"taxonomy":"product_tag","embeddable":true,"href":"https:\/\/thequeenhouse.co.uk\/lt\/wp-json\/wp\/v2\/product_tag?post=6474"}],"curies":[{"name":"wp","href":"https:\/\/api.w.org\/{rel}","templated":true}]}}