{"id":6486,"date":"2024-07-01T12:09:40","date_gmt":"2024-07-01T12:10:06","guid":{"rendered":"https:\/\/thequeenhouse.co.uk\/?post_type=product&#038;p=6486"},"modified":"2024-10-14T11:13:04","modified_gmt":"2024-10-14T10:13:04","slug":"queen-marble-luxury-rinkinys","status":"publish","type":"product","link":"https:\/\/thequeenhouse.co.uk\/lt\/produktas\/queen-marble-luxury-rinkinys\/","title":{"rendered":"Queen Marble Luxury rinkinys"},"content":{"rendered":"<p>\u0160is rank\u0173 darbo dervos pad\u0117klas pasi\u017eymi rafinuotu balto, aukso ir pilkos spalvos marmuro efektu, sukurian\u010diu prabangi\u0105 ir nesenstan\u010di\u0105 i\u0161vaizd\u0105. Besisukantys ra\u0161tai imituoja nat\u016brali\u0105 marmuro elegancij\u0105 ir si\u016blo rafinuot\u0105 estetik\u0105, kuri papildo bet kok\u012f dekoro stili\u0173.<br \/>\n\u012ed\u0117tas \u012f eleganti\u0161k\u0105 r\u0117m\u0105, jis yra funkcionalus elementas daiktams tvarkyti ir kaip stulbinantis dekoratyvinis akcentas, puikiai tinkantis bet kokios erdv\u0117s elegancijai.<\/p>\n","protected":false},"excerpt":{"rendered":"<p>\u0160is rank\u0173 darbo dervos pad\u0117klas pasi\u017eymi rafinuotu balto, aukso ir pilkos spalvos marmuro efektu, sukurian\u010diu prabangi\u0105 ir nesenstan\u010di\u0105 i\u0161vaizd\u0105. Besisukantys ra\u0161tai imituoja nat\u016brali\u0105 marmuro elegancij\u0105 ir si\u016blo rafinuot\u0105 estetik\u0105, kuri papildo bet kok\u012f dekoro stili\u0173.<br \/>\n\u012ed\u0117tas \u012f eleganti\u0161k\u0105 r\u0117m\u0105, jis yra funkcionalus elementas daiktams tvarkyti ir kaip stulbinantis dekoratyvinis akcentas, puikiai tinkantis bet kokios erdv\u0117s elegancijai.<\/p>\n","protected":false},"featured_media":6483,"comment_status":"open","ping_status":"closed","template":"","meta":[],"product_brand":[],"product_cat":[44,178],"product_tag":[],"class_list":{"0":"post-6486","1":"product","2":"type-product","3":"status-publish","4":"has-post-thumbnail","6":"product_cat-namams","7":"product_cat-sets-lt","9":"first","10":"outofstock","11":"taxable","12":"shipping-taxable","13":"purchasable","14":"product-type-simple"},"_links":{"self":[{"href":"https:\/\/thequeenhouse.co.uk\/lt\/wp-json\/wp\/v2\/product\/6486","targetHints":{"allow":["GET"]}}],"collection":[{"href":"https:\/\/thequeenhouse.co.uk\/lt\/wp-json\/wp\/v2\/product"}],"about":[{"href":"https:\/\/thequeenhouse.co.uk\/lt\/wp-json\/wp\/v2\/types\/product"}],"replies":[{"embeddable":true,"href":"https:\/\/thequeenhouse.co.uk\/lt\/wp-json\/wp\/v2\/comments?post=6486"}],"wp:featuredmedia":[{"embeddable":true,"href":"https:\/\/thequeenhouse.co.uk\/lt\/wp-json\/wp\/v2\/media\/6483"}],"wp:attachment":[{"href":"https:\/\/thequeenhouse.co.uk\/lt\/wp-json\/wp\/v2\/media?parent=6486"}],"wp:term":[{"taxonomy":"product_brand","embeddable":true,"href":"https:\/\/thequeenhouse.co.uk\/lt\/wp-json\/wp\/v2\/product_brand?post=6486"},{"taxonomy":"product_cat","embeddable":true,"href":"https:\/\/thequeenhouse.co.uk\/lt\/wp-json\/wp\/v2\/product_cat?post=6486"},{"taxonomy":"product_tag","embeddable":true,"href":"https:\/\/thequeenhouse.co.uk\/lt\/wp-json\/wp\/v2\/product_tag?post=6486"}],"curies":[{"name":"wp","href":"https:\/\/api.w.org\/{rel}","templated":true}]}}