{"id":7243,"date":"2024-06-26T12:47:04","date_gmt":"2024-07-04T09:25:19","guid":{"rendered":"https:\/\/thequeenhouse.co.uk\/?post_type=product&#038;p=7243"},"modified":"2024-10-31T09:59:25","modified_gmt":"2024-10-31T08:59:25","slug":"bohemian-queen-chameleon-pink","status":"publish","type":"product","link":"https:\/\/thequeenhouse.co.uk\/lt\/produktas\/bohemian-queen-chameleon-pink\/","title":{"rendered":"Bohemian Queen &#8211; Chameleon &#038; Pink"},"content":{"rendered":"<p class=\"p1\"><span class=\"s1\">Nam\u0173 kvapas \u201eBohemian Queen\u201c yra pagamintas i\u0161 ekologi\u0161ko nat\u016bralaus augalinio aliejaus, kuris yra vegani\u0161kas, be GMO ir alergen\u0173. Jo ilgalaik\u0117 formul\u0117 i\u0161laiko kvap\u0105 j\u016bs\u0173 namuose nuo 5 iki 10 m\u0117nesi\u0173. 250 ml bohemi\u0161ko stiliaus stiklinis indelis suteiks j\u016bs\u0173 namams autenti\u0161ko dekoro. Nat\u016bralios bambuko lazdel\u0117s padeda intensyviau skleisti kvap\u0105, o j\u016bs galite reguliuoti intensyvum\u0105, prid\u0117dami ma\u017eiau arba daugiau lazdeli\u0173. Visi prabang\u016bs kvapai yra sukurti Australijoje naudojant auk\u0161tos kokyb\u0117s koncentratus, kad j\u016bs\u0173 \u017evak\u0117 ar nam\u0173 kvapas b\u016bt\u0173 pa\u010dios auk\u0161\u010diausios kokyb\u0117s.<\/span><\/p>\n<p class=\"p1\"><span class=\"s1\">#1 M\u0117gaukit\u0117s savo poj\u016b\u010diais su prabangiu \u201e<\/span><span class=\"s2\">Salted Caramel &amp; Cashmere Vanilla<\/span><span class=\"s1\">\u201c mi\u0161iniu. \u0160is kerintis kvapas susipina su tikros vanil\u0117s \u0161iluma ir rafinuotu s\u016brios karamel\u0117s saldumu, sukuriant nepaprastai sald\u0173 ir viliojant\u012f aromat\u0105. Turtingos tonka pupel\u0117s suteikia kvapui gilumo, si\u016blant kremin\u012f, svajing\u0105 aromat\u0105, kuris apgaubia j\u016bs\u0173 erdv\u0119 jaukumu ir elegancija. Tobulas pasirinkimas tiems, kurie trok\u0161ta rafinuotumo ir saldumo savo namuose, \u0161is kvapas \u012fk\u016bnija komfort\u0105 ir \u017eaves\u012f.<\/span><\/p>\n<p class=\"p1\"><span class=\"s1\">#2 Atraskite prabangi\u0105 \u201e<\/span><span class=\"s2\">Luxury Powder Rose<\/span><span class=\"s1\">\u201c elegancij\u0105, gaiv\u0173 ir \u0161var\u0173 kvap\u0105, kuris perteikia rafinuotumo esm\u0119. \u0160is malonus aromatas yra praturtintas \u0161velniu medviln\u0117s \u017eied\u0173 kvapu, harmoningai susipynusiu su subtiliomis g\u0117li\u0173 natomis. \u0160iltas muskuso prisilietimas suteikia gylumo ir komforto, sukuriant subalansuot\u0105 ir jauki\u0105 atmosfer\u0105. Puikiai tinka tiems, kurie vertina \u0161vari\u0105 ir eleganti\u0161k\u0105 aplink\u0105, \u201eLuxury Powder Rose\u201c apgaubia j\u016bs\u0173 erdv\u0119 \u0161velniu g\u0117li\u0173 gl\u0117biu.<\/span><\/p>\n<p class=\"p1\"><span class=\"s1\">#3 Panirkite \u012f gaiv\u0173 \u201e<\/span><span class=\"s2\">Luxury Watermelon Slice &amp; Kiwi<\/span><span class=\"s1\">\u201c kvap\u0105, kuris \u012fk\u016bnija vasaros dvasi\u0105 ir gaivi\u0173 g\u0117rim\u0173 malonum\u0105. \u0160is aromatas perteikia sulting\u0105 arb\u016bz\u0173 saldum\u0105, puikiai papildyt\u0105 gaiviu kivio skonio \u0161vie\u017eumu. Idealus pasirinkimas gyvai ir gaivinan\u010diai atmosferai sukurti, \u0161is kvapas primena saul\u0117tas dienas ir v\u0117sius g\u0117rimus. Pasinerkite \u012f \u201eLuxury Watermelon Slice &amp; Kiwi\u201c \u0161vie\u017eumo ir r\u016bg\u0161tumo natas ir leiskite \u0161iam linksmiam aromatui nu\u0161viesti j\u016bs\u0173 erdv\u0119 vasari\u0161ku d\u017eiaugsmu.<\/span><\/p>\n<p class=\"p1\"><span class=\"s1\">#4 Pristatome \u201e<\/span><span class=\"s2\">Good Lady<\/span><span class=\"s1\">\u201c \u2013 kvap\u0105, kuris perteikia elegancij\u0105 ir rafinuotum\u0105 per harmoning\u0105 turting\u0173 ir egzoti\u0161k\u0173 nat\u0173 derin\u012f. Vir\u0161utin\u0117s natos su\u017eavi viliojan\u010diu migdol\u0173 ir kavos mi\u0161iniu, atverian\u010diu keli\u0105 \u0161ird\u017eiai, kurioje \u017eydi jazminas sambakas ir tuberoz\u0117. \u0160is kerintis aromatas pagr\u012fstas jausmingomis tonka pupel\u0117mis ir kakava, sukuriant \u012ftaig\u0173 ir paslapting\u0105 kvap\u0105. \u012ekv\u0117ptas \u201eCarolina Herrera Good Girl\u201c, m\u016bs\u0173 analoginis kvap\u0173 aliejus \u012fk\u016bnija rafinuotumo ir am\u017eino stiliaus parei\u0161kim\u0105. Pasinerkite \u012f kerin\u010di\u0105 \u201eGood Lady\u201c vilion\u0119 ir leiskite \u0161iam u\u017eburiant\u012f aromatui pakyl\u0117ti j\u016bs\u0173 poj\u016b\u010dius.<\/span><\/p>\n<p class=\"p1\"><span class=\"s1\">#5 Patirkite nenugalim\u0105 \u201e<\/span><span class=\"s2\">Luxury Blueberry &amp; Vanilla<\/span><span class=\"s1\">\u201c trauk\u0105 \u2013 sald\u0173 ir gaiv\u0173 kvap\u0105, kuris perteikia vasaros palaim\u0105. \u0160is malonus aromatas prasideda nuo sulting\u0173 m\u0117lyni\u0173 ir sald\u017ei\u0173 bra\u0161ki\u0173 nat\u0173, sukuriant vaisi\u0173 saldumo sprogim\u0105. \u0160velnios jazmino vidurin\u0117s natos prideda elegancijos ir gaivumo, puikiai deran\u010dios su sultingu m\u0117lyni\u0173 akordu. Prabangios vanil\u0117s bazin\u0117s natos suteikia turting\u0105 ir pudrin\u012f u\u017ebaigim\u0105, primindamos \u0161vie\u017eiai i\u0161kept\u0173 m\u0117lyni\u0173 ir vanil\u0117s keksiuk\u0173 kvap\u0105. Tobulas pasirinkimas \u017eaismingai ir laimingai nuotaikai sukurti, \u201eLuxury Blueberry &amp; Vanilla\u201c \u017eada ilgalaik\u0119, skani\u0105 kvapo patirt\u012f, kuri su\u017eav\u0117s j\u016bs\u0173 poj\u016b\u010dius.<\/span><\/p>\n<p class=\"p1\"><span class=\"s1\">#6 Atraskite nepakartojam\u0105 \u201c<\/span><span class=\"s2\">Lemongrass<\/span><span class=\"s1\">\u201d kvap\u0105 \u2013 gaiv\u0173 ir gaivinant\u012f aromat\u0105 su stipriomis kvap\u0173 \u0161alinimo savyb\u0117mis. \u0160is atgaivinantis aromatas sujungia ry\u0161kias citrin\u017eol\u0117s natas su \u017eaismingomis laimo ir citrinos \u017eiev\u0117s natomis, visk\u0105 subalansuoja \u0161velnus g\u0117li\u0173 prisilietimas. Puikiai tinka \u0161variai ir gaivinan\u010diai atmosferai sukurti, \u0161is kvapas ne tik atgaivina j\u016bs\u0173 erdv\u0119, bet ir efektyviai neutralizuoja nepageidaujamus kvapus. Pasinerkite \u012f gaiv\u0173 citrin\u017eol\u0117s aromat\u0105 ir paverskite savo namus gaivumo ir \u0161varos oaze.<\/span><\/p>\n<p class=\"p1\"><span class=\"s1\">#7 Panirkite \u012f prabangi\u0105 \u201e<\/span><span class=\"s2\">Posh Marzipan<\/span><span class=\"s1\">\u201c paprastum\u0105 \u2013 kvap\u0105, kuriame dominuoja migdolai. \u0160is saldus ir rafinuotas aromatas pasi\u017eymi turtingomis, medin\u0117mis rie\u0161ut\u0173 natomis, gra\u017eiai saldintomis smulkintais vanil\u0117s ank\u0161timis. Puikiai tinka tiems, kurie vertina gerai sukurto aromato elegancij\u0105, \u201ePosh Marzipan\u201c apgaubia j\u016bs\u0173 erdv\u0119 \u0161iltu, kvie\u010dian\u010diu gl\u0117biu, kuris yra ir jaukus, ir pra\u0161matnus.<\/span><\/p>\n<p class=\"p1\"><span class=\"s1\">#8 Pristatome \u201e<\/span><span class=\"s2\">Posh Olimpia<\/span><span class=\"s1\">\u201c \u2013 kvap\u0105, \u012fkv\u0117pt\u0105 dievi\u0161ko ir galingo Paco Rabanne Olympia. \u0160is universalus aromatas derina gaivum\u0105 su saldumu, si\u016blydamas kerint\u012f kvap\u0105, kuris perteikia elegancij\u0105 ir prabang\u0105. Tobulas pasirinkimas \u017evak\u0117ms, va\u0161kams, difuzoriams, kambario pur\u0161kalams ir kvepalams, \u201ePosh Olimpia\u201c prideda rafinuotumo bet kuriai erdvei ar asmenini\u0173 kvepal\u0173 kolekcijai. Pasinerkite \u012f jo viliojant\u012f mi\u0161in\u012f ir patirkite kvap\u0105, kuris perteikia tiek gaivum\u0105, tiek prabang\u0105, leisdamas kiekvienam momentui jaustis ypatingam ir prabangiam.<\/span><\/p>\n<p class=\"p1\"><span class=\"s1\">#9 Prad\u0117kite egzoti\u0161k\u0105 kelion\u0119 su \u201e<\/span><span class=\"s2\">OUD Wood<\/span><span class=\"s1\">\u201c \u2013 kvapu, \u012fkv\u0117ptu d\u016bminiais, smilkalais u\u017epildytomis \u0161ventyklomis ir aistra retoms med\u017eiagoms. \u0160i pionieri\u0161ka kompozicija sujungia gil\u0173, med\u017eio sodrum\u0105 su \u012fvairi\u0173 prieskoni\u0173 mi\u0161iniu, sukuriant dr\u0105s\u0173 ir kerint\u012f aromat\u0105. Puikiai tinka tiems, kurie vertina ret\u0173 ingredient\u0173 mistik\u0105, \u201eOUD Wood\u201c apgaubia j\u016bs\u0173 erdv\u0119 rafinuota ir egzoti\u0161ka atmosfera. Pasinerkite \u012f jo \u012ftaigi\u0105 esm\u0119 ir m\u0117gaukit\u0117s prabangiais, a\u0161triais niuansais, kurie apib\u016bdina \u0161\u012f i\u0161skirtin\u012f kvap\u0105.<\/span><\/p>\n<p class=\"p1\"><span class=\"s1\">#10 Pasinerkite \u012f viso k\u016bno \u201e<\/span><span class=\"s2\">Lost Cherry<\/span><span class=\"s1\">\u201c trauk\u0105 \u2013 viliojant\u012f aromat\u0105, kuriame turtingos juodos vy\u0161nios ir likeris skland\u017eiai susilieja su \u017eaismingais migdol\u0173 ir subtilios g\u0117li\u0173 baz\u0117s akordais. \u0160is saldus, sultingas kvapas si\u016blo malon\u0173 saldainio prisilietim\u0105, sukuriant aromat\u0105, kuris yra ir gyvas, ir nenugalimas. Puikiai tinka prid\u0117ti \u017eaismingo rafinuotumo bet kuriai erdvei, \u201eLost Cherry\u201c yra kvapas, kur\u012f verta m\u0117gautis ir d\u017eiaugtis.<\/span><\/p>\n<p class=\"p1\"><span class=\"s1\">#11 M\u0117gaukit\u0117s \u201c<\/span><span class=\"s2\">Sweet Oranges &amp; Raspberries<\/span><span class=\"s1\">\u201d gyvumu \u2013 vaisi\u0173 ir citrus\u0173 aromatu, kuris u\u017eburia poj\u016b\u010dius. Prasideda nuo sulting\u0173 apelsin\u0173, citrin\u0173, avie\u010di\u0173 ir cukraus nat\u0173, \u0161is kvapas vilioja savo gaiviu ir pakiliu aromatu. \u0160irdis atskleid\u017eia neatspar\u0173 apelsin\u0173, rabarbar\u0173 ir bra\u0161ki\u0173 mi\u0161in\u012f, sustiprint\u0105 subtiliomis jazmino, violetini\u0173 ir \u0161vie\u017ei\u0173 eukalipt\u0173 u\u017euominomis. \u0160iltos vanil\u0117s ir gintaro bazin\u0117s natos u\u017ebaigia aromato profil\u012f, suteikdamos gylumo ir sodrumo. Puikiai tinka tiems, kurie trok\u0161ta vaisi\u0173 gaivumo ir \u0161iek tiek saldumo, \u201eSweet Oranges &amp; Raspberries\u201c paver\u010dia bet kuri\u0105 erdv\u0119 maloniu kvap\u0173 oaze.<\/span><\/p>\n<p class=\"p1\"><span class=\"s1\">#12 Pasinerkite \u012f \u201e<\/span><span class=\"s2\">Cuban Tobacco \u2013 Like a Sexy Man<\/span><span class=\"s1\">\u201c trauk\u0105 \u2013 kvap\u0105, kuris \u012fk\u016bnija Havanos nakt\u0173 rafinuotum\u0105 ir \u017eaves\u012f. \u0160is d\u016bminis ir medinis aromatas prasideda nuo gaivi\u0173 citrinos, laimo, m\u0117tos ir konjako nat\u0173, kurios suteikia energijos ir gyvybingumo. Turtingos vidurin\u0117s jazmino, iriso medienos, gvazdik\u0117li\u0173 ir vetiverio natos prideda sud\u0117tingumo ir aromatinio gylumo, sukurian\u010dio prabangos ir malonumo poj\u016bt\u012f. \u0104\u017euolo, smilkal\u0173, tabako ir muskuso bazin\u0117s natos u\u017etikrina d\u016bmin\u012f ir muskuso u\u017ebaigim\u0105, palikdamos ilgalaik\u012f \u012fsp\u016bd\u012f, kuris yra ir \u012ftraukiantis, ir vyri\u0161kas. Tobulas pasirinkimas atsipalaidavusioms ir malonioms nuotaikoms, \u201eCuban Tobacco \u2013 Like a Sexy Man\u201c \u017eada rafinuot\u0105 kvap\u0173 patirt\u012f, kuri skleid\u017eia pasitik\u0117jim\u0105 ir viliojim\u0105.<\/span><\/p>\n<p class=\"p1\"><span class=\"s1\">#13 Patirkite u\u017eburiant\u012f \u201e<\/span><span class=\"s2\">Frankincense<\/span><span class=\"s1\">\u201c \u017eaves\u012f \u2013 medin\u012f ir rafinuot\u0105 kvap\u0105, kuris sukelia elegancijos ir \u0161venti\u0161kumo jausm\u0105. \u0160is kvap\u0173 aliejus sujungia laiko patikrintus Frankincenso ir Miros aromatus, sukuriant nuostab\u0173 ir pakili\u0105 atmosfer\u0105, puikiai tinkan\u010di\u0105 i\u0161kilmingoms, \u0161ventin\u0117ms nuotaikoms. Jis perteikia \u0161ven\u010di\u0173 susib\u016brim\u0173 jaudul\u012f ir prabang\u0105 su ilgai i\u0161liekan\u010diu sald\u017eiu aromatu. Kvapas prasideda ry\u0161kiomis bergamot\u0117s natomis, pereina \u012f vidurines pakalnu\u010di\u0173 ir vaisi\u0173 u\u017euominas, suteikian\u010dias gaivumo ir sud\u0117tingumo. Bazin\u0117s natos apima med\u017eio, saldumo ir muskuso derin\u012f, u\u017etikrinant\u012f turting\u0105 ir \u012fsimintin\u0105 u\u017ebaigim\u0105. \u201eFrankincense\u201c yra idealus pasirinkimas \u0161ilumos ir rafinuotumo atmosferai sukurti, puikiai tinkantis ypatingoms progoms ir \u0161ventiniams renginiams.<\/span><\/p>\n<p class=\"p1\"><span class=\"s1\">#14 Pasinerkite \u012f \u0161var\u0173 ir gaiv\u0173 \u201e<\/span><span class=\"s2\">Fresh Cotton<\/span><span class=\"s1\">\u201c kvap\u0105 \u2013 aromat\u0105, kuris perteikia tyrumo ir komforto esm\u0119. \u0160is malonus mi\u0161inys prasideda nuo oro baltosios muskuso ir eukalipto nat\u0173, kurios sukuria tra\u0161ki\u0105 ir gaivinan\u010di\u0105 atmosfer\u0105. J\u016bros kop\u016bstai prideda j\u016brin\u0117s esencijos u\u017euomin\u0105, o jazminas ir mimoza prideda g\u0117li\u0173 saldumo, subalansuojan\u010dio bendr\u0105 aromat\u0105 subtiliu, bet pakiliu buketu. Puikiai tinka tiems, kurie m\u0117gsta \u0161vari\u0105 ir rami\u0105 \u0161vie\u017eiai i\u0161skalbt\u0173 linini\u0173 atmosfer\u0105, \u201eFresh Cotton\u201c apgaubia j\u016bs\u0173 erdv\u0119 raminan\u010diu ir jaukiu gl\u0117biu.<\/span><\/p>\n<p class=\"p1\"><span class=\"s1\">#15 Patirkite magnetin\u0119 \u201e<\/span><span class=\"s2\">Suavage MEN\u2019S<\/span><span class=\"s1\">\u201c trauk\u0105 \u2013 kvap\u0173 aliej\u0173, sukurt\u0105 i\u0161rankiam d\u017eentelmenui. Prasideda nuo sultingo Kalabrijos bergamot\u0117s \u0161vie\u017eumo sprogimo, \u0161is aromatas vystosi su unikaliais, \u0161iek tiek pipiriniais ir \u017eaismingais aspektais. \u0160irdis atskleid\u017eia harmoning\u0105 pelargonij\u0173, pipir\u0173 ir levand\u0173 mi\u0161in\u012f, sukuriant\u012f gaivinant\u012f ir subalansuot\u0105 aromat\u0105. Bazin\u0117s natos i\u0161 vetiverio, pa\u010diulio ir ambroksano u\u017etikrina gil\u0173, derving\u0105 ir muskuso u\u017ebaigim\u0105, kuris skleid\u017eia pasitik\u0117jim\u0105 ir rafinuotum\u0105. \u201eSuavage MEN\u2019S\u201c yra duokl\u0117 vyri\u0161kumui, si\u016blantis \u012ftraukiant\u012f mi\u0161in\u012f, kuris yra ir dr\u0105sus, ir rafinuotas.<\/span><\/p>\n<p>&nbsp;<\/p>\n<p>&nbsp;<\/p>\n<p>&nbsp;<\/p>\n","protected":false},"excerpt":{"rendered":"<p class=\"p1\"><span class=\"s1\">Nam\u0173 kvapas \u201eBohemian Queen\u201c yra pagamintas i\u0161 ekologi\u0161ko nat\u016bralaus augalinio aliejaus, kuris yra vegani\u0161kas, be GMO ir alergen\u0173. Jo ilgalaik\u0117 formul\u0117 i\u0161laiko kvap\u0105 j\u016bs\u0173 namuose nuo 5 iki 10 m\u0117nesi\u0173. 250 ml bohemi\u0161ko stiliaus stiklinis indelis suteiks j\u016bs\u0173 namams autenti\u0161ko dekoro. Nat\u016bralios bambuko lazdel\u0117s padeda intensyviau skleisti kvap\u0105, o j\u016bs galite reguliuoti intensyvum\u0105, prid\u0117dami ma\u017eiau arba daugiau lazdeli\u0173. Visi prabang\u016bs kvapai yra sukurti Australijoje naudojant auk\u0161tos kokyb\u0117s koncentratus, kad j\u016bs\u0173 \u017evak\u0117 ar nam\u0173 kvapas b\u016bt\u0173 pa\u010dios auk\u0161\u010diausios kokyb\u0117s.<\/span><\/p>\n","protected":false},"featured_media":1050,"comment_status":"open","ping_status":"closed","template":"","meta":[],"product_brand":[],"product_cat":[68,65],"product_tag":[],"class_list":{"0":"post-7243","1":"product","2":"type-product","3":"status-publish","4":"has-post-thumbnail","6":"product_cat-bohemian-queen-kolecija-250ml","7":"product_cat-namu-kvapai","9":"first","10":"instock","11":"sale","12":"taxable","13":"shipping-taxable","14":"purchasable","15":"product-type-variable"},"_links":{"self":[{"href":"https:\/\/thequeenhouse.co.uk\/lt\/wp-json\/wp\/v2\/product\/7243","targetHints":{"allow":["GET"]}}],"collection":[{"href":"https:\/\/thequeenhouse.co.uk\/lt\/wp-json\/wp\/v2\/product"}],"about":[{"href":"https:\/\/thequeenhouse.co.uk\/lt\/wp-json\/wp\/v2\/types\/product"}],"replies":[{"embeddable":true,"href":"https:\/\/thequeenhouse.co.uk\/lt\/wp-json\/wp\/v2\/comments?post=7243"}],"wp:featuredmedia":[{"embeddable":true,"href":"https:\/\/thequeenhouse.co.uk\/lt\/wp-json\/wp\/v2\/media\/1050"}],"wp:attachment":[{"href":"https:\/\/thequeenhouse.co.uk\/lt\/wp-json\/wp\/v2\/media?parent=7243"}],"wp:term":[{"taxonomy":"product_brand","embeddable":true,"href":"https:\/\/thequeenhouse.co.uk\/lt\/wp-json\/wp\/v2\/product_brand?post=7243"},{"taxonomy":"product_cat","embeddable":true,"href":"https:\/\/thequeenhouse.co.uk\/lt\/wp-json\/wp\/v2\/product_cat?post=7243"},{"taxonomy":"product_tag","embeddable":true,"href":"https:\/\/thequeenhouse.co.uk\/lt\/wp-json\/wp\/v2\/product_tag?post=7243"}],"curies":[{"name":"wp","href":"https:\/\/api.w.org\/{rel}","templated":true}]}}