{"id":7637,"date":"2024-07-01T12:25:37","date_gmt":"2024-07-09T11:39:50","guid":{"rendered":"https:\/\/thequeenhouse.co.uk\/dovanu-kuponas-75\/"},"modified":"2024-07-09T12:39:50","modified_gmt":"2024-07-09T11:39:50","slug":"dovanu-kuponas-75","status":"publish","type":"product","link":"https:\/\/thequeenhouse.co.uk\/lt\/produktas\/dovanu-kuponas-75\/","title":{"rendered":"Dovan\u0173 kuponas \u00a375"},"content":{"rendered":"<p>Taip pat si\u016blome galimyb\u0119 atsi\u0173sti mums \u017einut\u0119 savo mylimam \u017emogui ir mes atsi\u0173sime j\u0105 tiesiai su kuponu.<\/p>\n","protected":false},"excerpt":{"rendered":"<p>Taip pat si\u016blome galimyb\u0119 atsi\u0173sti mums \u017einut\u0119 savo mylimam \u017emogui ir mes atsi\u0173sime j\u0105 tiesiai su kuponu.<\/p>\n","protected":false},"featured_media":6201,"comment_status":"open","ping_status":"closed","template":"","meta":[],"product_brand":[],"product_cat":[175],"product_tag":[],"class_list":{"0":"post-7637","1":"product","2":"type-product","3":"status-publish","4":"has-post-thumbnail","6":"product_cat-coupons-lt","8":"first","9":"instock","10":"taxable","11":"shipping-taxable","12":"purchasable","13":"product-type-variable"},"_links":{"self":[{"href":"https:\/\/thequeenhouse.co.uk\/lt\/wp-json\/wp\/v2\/product\/7637","targetHints":{"allow":["GET"]}}],"collection":[{"href":"https:\/\/thequeenhouse.co.uk\/lt\/wp-json\/wp\/v2\/product"}],"about":[{"href":"https:\/\/thequeenhouse.co.uk\/lt\/wp-json\/wp\/v2\/types\/product"}],"replies":[{"embeddable":true,"href":"https:\/\/thequeenhouse.co.uk\/lt\/wp-json\/wp\/v2\/comments?post=7637"}],"wp:featuredmedia":[{"embeddable":true,"href":"https:\/\/thequeenhouse.co.uk\/lt\/wp-json\/wp\/v2\/media\/6201"}],"wp:attachment":[{"href":"https:\/\/thequeenhouse.co.uk\/lt\/wp-json\/wp\/v2\/media?parent=7637"}],"wp:term":[{"taxonomy":"product_brand","embeddable":true,"href":"https:\/\/thequeenhouse.co.uk\/lt\/wp-json\/wp\/v2\/product_brand?post=7637"},{"taxonomy":"product_cat","embeddable":true,"href":"https:\/\/thequeenhouse.co.uk\/lt\/wp-json\/wp\/v2\/product_cat?post=7637"},{"taxonomy":"product_tag","embeddable":true,"href":"https:\/\/thequeenhouse.co.uk\/lt\/wp-json\/wp\/v2\/product_tag?post=7637"}],"curies":[{"name":"wp","href":"https:\/\/api.w.org\/{rel}","templated":true}]}}