{"id":7781,"date":"2024-07-12T09:29:09","date_gmt":"2024-07-12T08:30:38","guid":{"rendered":"https:\/\/thequeenhouse.co.uk\/?post_type=product&#038;p=7781"},"modified":"2024-10-14T11:09:22","modified_gmt":"2024-10-14T10:09:22","slug":"sadoer-hyaluronic-acid-ampoule-serum-mask","status":"publish","type":"product","link":"https:\/\/thequeenhouse.co.uk\/lt\/produktas\/sadoer-hyaluronic-acid-ampoule-serum-mask\/","title":{"rendered":"\u201cSadoer\u201d hialurono r\u016bg\u0161ties ampuoli\u0173 serumo veido kauk\u0117"},"content":{"rendered":"<p>HIALURONO R\u016aG\u0160TIES AMPUOLI\u0172 SERUMO KAUK\u0116<\/p>\n<p>Hialurono r\u016bg\u0161ties ampuli\u0173 esencijos dr\u0117kinanti ir dr\u0117kinanti kauk\u0117 i\u0161 SADOER skirta giliai dr\u0117kinti ir dr\u0117kinti od\u0105. Su 25 ml talpa ir trij\u0173 met\u0173 galiojimo laikotarpiu \u0161i kauk\u0117 tinka bendram naudojimui. \u0160i kauk\u0117 pasi\u017eymi auk\u0161tu adsorbcijos lygiu, leid\u017eian\u010diu daugiafunkcinei esencijai prasiskverbti \u012f odos sluoksnius. Jos skaidri tekst\u016bra yra nelipni ir lengvai valoma, paliekant od\u0105 gaivi\u0105 ir neriebi\u0105. Auk\u0161tos kokyb\u0117s pl\u0117vel\u0117s audinys glaud\u017eiai apgaubia od\u0105, u\u017etikrindamas patog\u0173 prigludim\u0105 be deformacij\u0173 ar tvankumo. Be dr\u0117kinimo ir dr\u0117kinimo savybi\u0173, \u0161i kauk\u0117 taip pat padeda subalansuoti odos vandens ir aliejaus lygius. Formul\u0117je esanti hialurono r\u016bg\u0161ties esencija pagerina bendr\u0105 odos b\u016bkl\u0119 ir suteikia \u0161velni\u0105 prie\u017ei\u016br\u0105. Rezultatas &#8211; labiau sudr\u0117kinta, \u0161viesesn\u0117 ir elastingesn\u0117 oda.<\/p>\n<p>NAUDOJIMAS:<\/p>\n<p>1. Nuvalykite veido od\u0105;<br \/>\n2. Atidarykite pakuot\u0119 ir i\u0161imkite veido kauk\u0119;<br \/>\n3. I\u0161skleiskite veido kauk\u0119, u\u017ed\u0117kite j\u0105 ant veido ir \u0161velniai patap\u0161nokite ranka, kad ji priglust\u0173 prie veido;<br \/>\n4. Atsipalaiduokite ir m\u0117gaukit\u0117s 15-20 minu\u010di\u0173, kad visi\u0161kai \u012fsigert\u0173 kauk\u0117s esencija;<br \/>\n5. Nuimkite veido kauk\u0119 ir patap\u0161nokite likus\u012f skyst\u012f, kol jis \u012fsigers.<\/p>\n<p>D\u0116MESIO:<\/p>\n<p>Pastaba: D\u0117l skirting\u0173 odos savybi\u0173 kiekvienam \u017emogui, j\u0173 pritaikymas skirtingoms odos prie\u017ei\u016bros priemon\u0117ms taip pat skiriasi; prie\u0161 naudodami bet kok\u012f nauj\u0105 produkt\u0105, rekomenduojama i\u0161bandyti j\u012f ant odos u\u017e ausies. Jei jau\u010diate kok\u012f nors diskomfort\u0105 ar pastebite nenormalias odos reakcijas, pra\u0161ome nutraukti naudojim\u0105; naudoti atsargiai jautriai odai; netinka vaikams iki trij\u0173 met\u0173 am\u017eiaus; hialurono r\u016bg\u0161tis rei\u0161kia natrio hialuronat\u0105 ingredient\u0173 s\u0105ra\u0161e.<\/p>\n<p>Sud\u0117tis: vanduo, glicerolis, karbomeras, trietanolaminas, propilenglikolis, metilparabenas, hidroksietilceliulioz\u0117, bis(hidroksimetil), imidazolidinilkarbamidas, alantoinas, p-hidroksiacetofenonas, dinatrio EDTA, PEG-40 hidrogenuotas ricinos aliejus, natrio hialuronatas, jodopropilbutilkarbamatas, esencija.<\/p>\n","protected":false},"excerpt":{"rendered":"<p>HIALURONO R\u016aG\u0160TIES AMPUOLI\u0172 SERUMO KAUK\u0116<\/p>\n<p>Hialurono r\u016bg\u0161ties ampuli\u0173 esencijos dr\u0117kinanti ir dr\u0117kinanti kauk\u0117 i\u0161 SADOER skirta giliai dr\u0117kinti ir dr\u0117kinti od\u0105. Su 25 ml talpa ir trij\u0173 met\u0173 galiojimo laikotarpiu \u0161i kauk\u0117 tinka bendram naudojimui. \u0160i kauk\u0117 pasi\u017eymi auk\u0161tu adsorbcijos lygiu, leid\u017eian\u010diu daugiafunkcinei esencijai prasiskverbti \u012f odos sluoksnius. Jos skaidri tekst\u016bra yra nelipni ir lengvai valoma, paliekant od\u0105 gaivi\u0105 ir neriebi\u0105. Auk\u0161tos kokyb\u0117s pl\u0117vel\u0117s audinys glaud\u017eiai apgaubia od\u0105, u\u017etikrindamas patog\u0173 prigludim\u0105 be deformacij\u0173 ar tvankumo. Be dr\u0117kinimo ir dr\u0117kinimo savybi\u0173, \u0161i kauk\u0117 taip pat padeda subalansuoti odos vandens ir aliejaus lygius. Formul\u0117je esanti hialurono r\u016bg\u0161ties esencija pagerina bendr\u0105 odos b\u016bkl\u0119 ir suteikia \u0161velni\u0105 prie\u017ei\u016br\u0105. Rezultatas &#8211; labiau sudr\u0117kinta, \u0161viesesn\u0117 ir elastingesn\u0117 oda.<\/p>\n","protected":false},"featured_media":7778,"comment_status":"open","ping_status":"closed","template":"","meta":[],"product_brand":[],"product_cat":[43,212],"product_tag":[],"class_list":{"0":"post-7781","1":"product","2":"type-product","3":"status-publish","4":"has-post-thumbnail","6":"product_cat-grozis","7":"product_cat-veido-prieziuros-priemones","9":"first","10":"outofstock","11":"taxable","12":"shipping-taxable","13":"purchasable","14":"product-type-variable"},"_links":{"self":[{"href":"https:\/\/thequeenhouse.co.uk\/lt\/wp-json\/wp\/v2\/product\/7781","targetHints":{"allow":["GET"]}}],"collection":[{"href":"https:\/\/thequeenhouse.co.uk\/lt\/wp-json\/wp\/v2\/product"}],"about":[{"href":"https:\/\/thequeenhouse.co.uk\/lt\/wp-json\/wp\/v2\/types\/product"}],"replies":[{"embeddable":true,"href":"https:\/\/thequeenhouse.co.uk\/lt\/wp-json\/wp\/v2\/comments?post=7781"}],"wp:featuredmedia":[{"embeddable":true,"href":"https:\/\/thequeenhouse.co.uk\/lt\/wp-json\/wp\/v2\/media\/7778"}],"wp:attachment":[{"href":"https:\/\/thequeenhouse.co.uk\/lt\/wp-json\/wp\/v2\/media?parent=7781"}],"wp:term":[{"taxonomy":"product_brand","embeddable":true,"href":"https:\/\/thequeenhouse.co.uk\/lt\/wp-json\/wp\/v2\/product_brand?post=7781"},{"taxonomy":"product_cat","embeddable":true,"href":"https:\/\/thequeenhouse.co.uk\/lt\/wp-json\/wp\/v2\/product_cat?post=7781"},{"taxonomy":"product_tag","embeddable":true,"href":"https:\/\/thequeenhouse.co.uk\/lt\/wp-json\/wp\/v2\/product_tag?post=7781"}],"curies":[{"name":"wp","href":"https:\/\/api.w.org\/{rel}","templated":true}]}}