{"id":7787,"date":"2024-07-12T09:33:24","date_gmt":"2024-07-12T08:33:24","guid":{"rendered":"https:\/\/thequeenhouse.co.uk\/?post_type=product&#038;p=7787"},"modified":"2024-10-14T11:09:22","modified_gmt":"2024-10-14T10:09:22","slug":"oedo-peeling-tender-foot-mask","status":"publish","type":"product","link":"https:\/\/thequeenhouse.co.uk\/lt\/produktas\/oedo-peeling-tender-foot-mask\/","title":{"rendered":"\u201cOEDO\u201d Peeling Tender Foot Mask"},"content":{"rendered":"<p>GINSENG PEELING TENDER FOOT MASK<\/p>\n<p>POVEIKIS<br \/>\n\u0160velnios r\u016bg\u0161ties formul\u0117 gali efektyviai sumink\u0161tinti nuospaudas, pa\u0161alinti sen\u0105 odos sluoksn\u012f nuo p\u0117d\u0173 odos, praturtinta \u017een\u0161enio esencija, kondensuojasi \u012f maitinant\u012f lipidin\u012f sluoksn\u012f ant pavir\u0161iaus, giliai dr\u0117kina ir maitina od\u0105, bei daro p\u0117das mink\u0161tas ir lygias. Odai draugi\u0161kas kv\u0117puojantis membranos audinys yra pritaikytas p\u0117dos formai.<\/p>\n<p>NAUDOJIMO METODAS<br \/>\n1. \u0160variai nuplaukite ir i\u0161d\u017eiovinkite p\u0117das, atpl\u0117\u0161kite pakuot\u0119 ir u\u017ed\u0117kite p\u0117d\u0173 membran\u0105.<br \/>\n2. Atpl\u0117\u0161kite fiksavimo lipduk\u0105, kad pritvirtintum\u0117te p\u0117d\u0173 pl\u0117vel\u0117s rankov\u0119.<br \/>\n3. Palaukite 15-20 minu\u010di\u0173, nuimkite membranos rankov\u0119 (storai odai galima prat\u0119sti iki 30 minu\u010di\u0173).<br \/>\n4. Pabelskite ir masa\u017euokite, kol esencija \u012fsigers, tada galite nuplauti \u0161variu vandeniu.<\/p>\n<p>SUD\u0116TIN\u0116S DALYS<br \/>\nVanduo, karbamidas, pieno r\u016bg\u0161tis, glicerinas, propilenglikolis, betainas, natrio lauret sulfatas, glikolio r\u016bg\u0161tis, kvapioji med\u017eiaga, ksantano guma, trietanoloaminas, \u017een\u0161enio ekstraktas, arklio riebalai, tokoferilo acetatas, niacinamidas, natrio hialuronatas.<\/p>\n<p>ATSARGUMO PRIEMON\u0116S<br \/>\nJei atsiranda diskomfortas, nedelsiant nutraukite naudojim\u0105.<\/p>\n","protected":false},"excerpt":{"rendered":"<p>GINSENG PEELING TENDER FOOT MASK<\/p>\n<p>\u0160velnios r\u016bg\u0161ties formul\u0117 gali efektyviai sumink\u0161tinti nuospaudas, pa\u0161alinti sen\u0105 odos sluoksn\u012f nuo p\u0117d\u0173 odos, praturtinta \u017een\u0161enio esencija, kondensuojasi \u012f maitinant\u012f lipidin\u012f sluoksn\u012f ant pavir\u0161iaus, giliai dr\u0117kina ir maitina od\u0105, bei daro p\u0117das mink\u0161tas ir lygias. Odai draugi\u0161kas kv\u0117puojantis membranos audinys yra pritaikytas p\u0117dos formai.<\/p>\n","protected":false},"featured_media":7795,"comment_status":"open","ping_status":"closed","template":"","meta":[],"product_brand":[],"product_cat":[43,214],"product_tag":[],"class_list":{"0":"post-7787","1":"product","2":"type-product","3":"status-publish","4":"has-post-thumbnail","6":"product_cat-grozis","7":"product_cat-pedu-prieziuros-priemones","9":"first","10":"instock","11":"taxable","12":"shipping-taxable","13":"purchasable","14":"product-type-variable"},"_links":{"self":[{"href":"https:\/\/thequeenhouse.co.uk\/lt\/wp-json\/wp\/v2\/product\/7787","targetHints":{"allow":["GET"]}}],"collection":[{"href":"https:\/\/thequeenhouse.co.uk\/lt\/wp-json\/wp\/v2\/product"}],"about":[{"href":"https:\/\/thequeenhouse.co.uk\/lt\/wp-json\/wp\/v2\/types\/product"}],"replies":[{"embeddable":true,"href":"https:\/\/thequeenhouse.co.uk\/lt\/wp-json\/wp\/v2\/comments?post=7787"}],"wp:featuredmedia":[{"embeddable":true,"href":"https:\/\/thequeenhouse.co.uk\/lt\/wp-json\/wp\/v2\/media\/7795"}],"wp:attachment":[{"href":"https:\/\/thequeenhouse.co.uk\/lt\/wp-json\/wp\/v2\/media?parent=7787"}],"wp:term":[{"taxonomy":"product_brand","embeddable":true,"href":"https:\/\/thequeenhouse.co.uk\/lt\/wp-json\/wp\/v2\/product_brand?post=7787"},{"taxonomy":"product_cat","embeddable":true,"href":"https:\/\/thequeenhouse.co.uk\/lt\/wp-json\/wp\/v2\/product_cat?post=7787"},{"taxonomy":"product_tag","embeddable":true,"href":"https:\/\/thequeenhouse.co.uk\/lt\/wp-json\/wp\/v2\/product_tag?post=7787"}],"curies":[{"name":"wp","href":"https:\/\/api.w.org\/{rel}","templated":true}]}}