{"id":780,"date":"2024-06-17T12:08:09","date_gmt":"2024-06-17T12:08:38","guid":{"rendered":"https:\/\/thequeenhouse.co.uk\/?post_type=product&#038;p=780"},"modified":"2024-10-14T11:28:42","modified_gmt":"2024-10-14T10:28:42","slug":"elegance-touch","status":"publish","type":"product","link":"https:\/\/thequeenhouse.co.uk\/lt\/produktas\/elegance-touch\/","title":{"rendered":"Elegance Touch"},"content":{"rendered":"<p>Pripildykite savo namus prabanga ir elegancija su m\u016bs\u0173 rank\u0173 darbo epoksidin\u0117s dervos pad\u0117klu, kuriame susijungia unikalumas ir nesenstanti gro\u017eio estetika.<\/p>\n<p>\u0160is unikalus pad\u0117klas yra sukurtas tam, kad papuo\u0161tu j\u016bs\u0173 nam\u0173 interjer\u0105, suteikdamas funkcionalum\u0105, bei stili\u0173. \u00a0Pad\u0117klas su\u017eav\u0117s nuo pirmo prisilietimo, taigi gali tapti nuostabi dovana j\u016bs\u0173 artimam draugui.<\/p>\n<p>Ilgaam\u017eis, bei atsparus kar\u0161\u010diui.<\/p>\n","protected":false},"excerpt":{"rendered":"<p>Pripildykite savo namus prabanga ir elegancija su m\u016bs\u0173 rank\u0173 darbo epoksidin\u0117s dervos pad\u0117klu, kuriame susijungia unikalumas ir nesenstanti gro\u017eio estetika.<\/p>\n<p>\u0160is unikalus pad\u0117klas yra sukurtas tam, kad papuo\u0161tu j\u016bs\u0173 nam\u0173 interjer\u0105, suteikdamas funkcionalum\u0105, bei stili\u0173. \u00a0Pad\u0117klas su\u017eav\u0117s nuo pirmo prisilietimo, taigi gali tapti nuostabi dovana j\u016bs\u0173 artimam draugui.<\/p>\n<p>Ilgaam\u017eis, bei atsparus kar\u0161\u010diui.<\/p>\n<p>Ine\u0161kite \u012f savo namus dar daugiau jaukumo, paslaptingumo bei unikalumo.<\/p>\n<p>Ilgalaikiai, atspar\u016bs kar\u0161\u010diui.<\/p>\n<p>W30cm x 30cm<\/p>\n<p>H7.5CM<\/p>\n","protected":false},"featured_media":779,"comment_status":"open","ping_status":"closed","template":"","meta":[],"product_brand":[],"product_cat":[49,44,48],"product_tag":[],"class_list":{"0":"post-780","1":"product","2":"type-product","3":"status-publish","4":"has-post-thumbnail","6":"product_cat-padeklai-su-kojelemis","7":"product_cat-namams","8":"product_cat-padeklai","10":"first","11":"outofstock","12":"taxable","13":"shipping-taxable","14":"purchasable","15":"product-type-simple"},"_links":{"self":[{"href":"https:\/\/thequeenhouse.co.uk\/lt\/wp-json\/wp\/v2\/product\/780","targetHints":{"allow":["GET"]}}],"collection":[{"href":"https:\/\/thequeenhouse.co.uk\/lt\/wp-json\/wp\/v2\/product"}],"about":[{"href":"https:\/\/thequeenhouse.co.uk\/lt\/wp-json\/wp\/v2\/types\/product"}],"replies":[{"embeddable":true,"href":"https:\/\/thequeenhouse.co.uk\/lt\/wp-json\/wp\/v2\/comments?post=780"}],"wp:featuredmedia":[{"embeddable":true,"href":"https:\/\/thequeenhouse.co.uk\/lt\/wp-json\/wp\/v2\/media\/779"}],"wp:attachment":[{"href":"https:\/\/thequeenhouse.co.uk\/lt\/wp-json\/wp\/v2\/media?parent=780"}],"wp:term":[{"taxonomy":"product_brand","embeddable":true,"href":"https:\/\/thequeenhouse.co.uk\/lt\/wp-json\/wp\/v2\/product_brand?post=780"},{"taxonomy":"product_cat","embeddable":true,"href":"https:\/\/thequeenhouse.co.uk\/lt\/wp-json\/wp\/v2\/product_cat?post=780"},{"taxonomy":"product_tag","embeddable":true,"href":"https:\/\/thequeenhouse.co.uk\/lt\/wp-json\/wp\/v2\/product_tag?post=780"}],"curies":[{"name":"wp","href":"https:\/\/api.w.org\/{rel}","templated":true}]}}