{"id":8171,"date":"2024-08-01T19:04:53","date_gmt":"2024-08-01T18:26:53","guid":{"rendered":"https:\/\/thequeenhouse.co.uk\/?post_type=product&#038;p=8171"},"modified":"2024-10-14T11:09:21","modified_gmt":"2024-10-14T10:09:21","slug":"caramel-power","status":"publish","type":"product","link":"https:\/\/thequeenhouse.co.uk\/lt\/produktas\/caramel-power\/","title":{"rendered":"Caramel Power 300ml"},"content":{"rendered":"<p><strong>Pagilinkite savo nam\u0173 atmosfer\u0105 naudodami &#8222;Caramel Power Home&#8221; kvepal\u0173 pur\u0161kikl\u012f<\/strong><\/p>\n<p>Pasinerkite \u012f kvap\u0173 kelion\u0119 su &#8222;The Q House&#8221; kvepal\u0173 pur\u0161kikliu &#8222;Karamel\u0117s J\u0117ga&#8221;. \u0160is i\u0161skirtinis nam\u0173 aromatas, sukurtas bei kruop\u0161\u010diai rinktas Anglijos \u0161irdyje, yra daugiau nei tik kvapas \u2013 tai patirtis, kuri j\u016bs\u0173 gyvenam\u0105j\u0105 erdv\u0119 paver\u010dia prabangos ir \u0161ilumos \u0161ventove. Unikali parfumuot\u0173 kvap\u0173 formul\u0117 tarnaus ilgiau nei \u012fprasti pur\u0161kalai.<\/p>\n<p>&nbsp;<\/p>\n<p><strong>&#8222;Caramel Power&#8221; nam\u0173 kvepal\u0173 pur\u0161kiklis<\/strong> \u2013 ten, kur prabanga susitinka su komfortu, ir jos dvasia te paver\u010dia j\u016bs\u0173 namus elegancijos ir \u0161ilumos oaze. Priimkite sald\u017ei\u0105 kvap\u0173 simfonij\u0105 ir padarykite kiekvien\u0105 akimirk\u0105 \u012fsimintin\u0105.<\/p>\n<p>&nbsp;<\/p>\n<p><strong>I\u0161skirtinio kvapo simfonija:<\/strong> &#8222;Caramel Power&#8221; pa\u010dioje gyliausioje kvapo \u0161erdyje vyrauja \u012fmantrios tir\u0161tos karamel\u0117s, aksomin\u0117s vanil\u0117s ir prabangaus ka\u0161myro mi\u0161inys. \u0160i harmoninga sintez\u0117 sukuria kvap\u0105, kuris\u00a0 kvie\u010dia, ir apgaubia.<\/p>\n<p>&nbsp;<\/p>\n<ul>\n<li><strong>Karamel\u0117:<\/strong> sodrios, sviestin\u0117s karamel\u0117s natos sukelia paslaptingumo ir jaukumo jausm\u0105, primena sald\u017eius prisiminimus ir jaukias akimirkas.<\/li>\n<li><strong>Vanil\u0117:<\/strong> Lygus, kreminis Madagaskaro vanil\u0117s atspalvis suteikia rafinuotumo ir ramyb\u0117s, sustiprindamas bendr\u0105 j\u016bs\u0173 nam\u0173 atmosfer\u0105.<\/li>\n<li><strong>Ka\u0161myras:<\/strong> mink\u0161tas ir prabangus, ka\u0161myro jausmas suteikia rafinuotumo ir elegancijos sluoksn\u012f, sukurdamas rami\u0105 ir raminan\u010di\u0105 atmosfer\u0105.<\/li>\n<\/ul>\n<p>&nbsp;<\/p>\n<p><strong>Auk\u0161\u010diausios kokyb\u0117s, nat\u016bral\u016bs ingredientai:<\/strong> M\u016bs\u0173 \u012fsipareigojimas kokybei akivaizdus renkantis ingredientus. Karamel\u0117s galia yra praturtinta geriausia Madagaskaro vanile, sviestiniu balzamiku, Himalaj\u0173 druska, karamel\u0117s ekstraktu, sandalmed\u017eiu ir tonka pupel\u0117mis. Nat\u016bralaus aliejaus pagrindas kartu su etanoliu u\u017etikrina ilgalaik\u012f ir pastov\u0173 aromat\u0105, kuris ilgai i\u0161lieka j\u016bs\u0173 erdv\u0117je.<\/p>\n<p>&nbsp;<\/p>\n<p><strong>Lengvai naudojimas:<\/strong> &#8222;Caramel Power&#8221; nam\u0173 kvepal\u0173 pur\u0161kimo naudojimas yra greitas b\u016bdas praturtinti savo namus jums norimu aromatu. Tiesiog gerai suplakite buteliuk\u0105, gausiai i\u0161purk\u0161kite ir leiskite \u017eaviam kvapui u\u017elieti j\u016bs\u0173 aplink\u0105. Nesvarbu, ar tai ypatingas susib\u016brimas, ar kasdienis malonumas, &#8222;Caramel Power&#8221; kiekvienai akimirkai suteikia prabangos element\u0105.<\/p>\n","protected":false},"excerpt":{"rendered":"<p><strong>Pagilinkite savo nam\u0173 atmosfer\u0105 naudodami &#8222;Caramel Power Home&#8221; kvepal\u0173 pur\u0161kikl\u012f<\/strong><\/p>\n<p>Pasinerkite \u012f kvap\u0173 kelion\u0119 su &#8222;The Q House&#8221; kvepal\u0173 pur\u0161kikliu &#8222;Karamel\u0117s J\u0117ga&#8221;. \u0160is i\u0161skirtinis nam\u0173 aromatas, sukurtas bei kruop\u0161\u010diai rinktas Anglijos \u0161irdyje, yra daugiau nei tik kvapas \u2013 tai patirtis, kuri j\u016bs\u0173 gyvenam\u0105j\u0105 erdv\u0119 paver\u010dia prabangos ir \u0161ilumos \u0161ventove. Unikali parfumuot\u0173 kvap\u0173 formul\u0117 tarnaus ilgiau nei \u012fprasti pur\u0161kalai.<\/p>\n","protected":false},"featured_media":8128,"comment_status":"open","ping_status":"closed","template":"","meta":[],"product_brand":[],"product_cat":[44,224],"product_tag":[],"class_list":{"0":"post-8171","1":"product","2":"type-product","3":"status-publish","4":"has-post-thumbnail","6":"product_cat-namams","7":"product_cat-namu-kvepalai","9":"first","10":"instock","11":"taxable","12":"shipping-taxable","13":"purchasable","14":"product-type-simple"},"_links":{"self":[{"href":"https:\/\/thequeenhouse.co.uk\/lt\/wp-json\/wp\/v2\/product\/8171","targetHints":{"allow":["GET"]}}],"collection":[{"href":"https:\/\/thequeenhouse.co.uk\/lt\/wp-json\/wp\/v2\/product"}],"about":[{"href":"https:\/\/thequeenhouse.co.uk\/lt\/wp-json\/wp\/v2\/types\/product"}],"replies":[{"embeddable":true,"href":"https:\/\/thequeenhouse.co.uk\/lt\/wp-json\/wp\/v2\/comments?post=8171"}],"wp:featuredmedia":[{"embeddable":true,"href":"https:\/\/thequeenhouse.co.uk\/lt\/wp-json\/wp\/v2\/media\/8128"}],"wp:attachment":[{"href":"https:\/\/thequeenhouse.co.uk\/lt\/wp-json\/wp\/v2\/media?parent=8171"}],"wp:term":[{"taxonomy":"product_brand","embeddable":true,"href":"https:\/\/thequeenhouse.co.uk\/lt\/wp-json\/wp\/v2\/product_brand?post=8171"},{"taxonomy":"product_cat","embeddable":true,"href":"https:\/\/thequeenhouse.co.uk\/lt\/wp-json\/wp\/v2\/product_cat?post=8171"},{"taxonomy":"product_tag","embeddable":true,"href":"https:\/\/thequeenhouse.co.uk\/lt\/wp-json\/wp\/v2\/product_tag?post=8171"}],"curies":[{"name":"wp","href":"https:\/\/api.w.org\/{rel}","templated":true}]}}