{"id":8173,"date":"2024-08-01T19:07:36","date_gmt":"2024-08-01T18:07:36","guid":{"rendered":"https:\/\/thequeenhouse.co.uk\/?post_type=product&#038;p=8173"},"modified":"2024-10-14T11:09:21","modified_gmt":"2024-10-14T10:09:21","slug":"cuban-tabbaco-havana-nights","status":"publish","type":"product","link":"https:\/\/thequeenhouse.co.uk\/lt\/produktas\/cuban-tabbaco-havana-nights\/","title":{"rendered":"Cuban Tabbaco &#8211; Havana Nights 300ml"},"content":{"rendered":"<p><strong>Pasinerkite \u012f nesenstan\u010di\u0105 Havanos Nakt\u0173 Elegancij\u0105 su Kubos Tabako nam\u0173 kvepal\u0173 pur\u0161kikliu<\/strong><\/p>\n<p>\u017dingsnis \u012f kerint\u012f Havanos nesenstan\u010di\u0173 nakt\u0173 pasaul\u012f su Kubos Tabako Naktimi Havanoje nam\u0173 kvepal\u0173 pur\u0161kikliu i\u0161 &#8222;The Q House&#8221;. \u0160is prabangus nam\u0173 aromatas u\u017efiksuoja Kubos siel\u0105, sumai\u0161ydamas turtingus ir provokuojan\u010dius saldaus tabako, medienos, jazmino ir muskuso kvapus. Dvasinga kvapo kelion\u0117 per \u0161urmuliuojan\u010dias Havanos gatves ir energing\u0105 naktin\u012f gyvenim\u0105, kur susipina istorija ir aistra. Ilgai i\u0161liekan\u010dio kvapo formul\u0117 leis ilgiau m\u0117gautis Kubos naktimis.<\/p>\n<p>&nbsp;<\/p>\n<p><strong>Kubos Tabako Naktis Havanoje Nam\u0173 kvepal\u0173 pur\u0161kiklis<\/strong> \u2013 duokl\u0117 nepamir\u0161tam\u0173 Havanos nakt\u0173 elegancijai, aistrai ir istorijai. Paverskite savo namus prabangos ir rafinuotumo oaze, kur kiekviena akimirka yra poj\u016b\u010di\u0173 \u0161vent\u0117.<\/p>\n<p>&nbsp;<\/p>\n<p><strong>I\u0161skirtinio kvapo simfonija:<\/strong><\/p>\n<ul>\n<li>Saldus tabakas: \u0161io kvapo kertinis akcentas saldus tabakas, u\u017eburia Havanos praeities vaizdais. Tai \u0161iltas, \u017eemi\u0161kas aromatas, giliai nostalgi\u0161kas, apgaubiantis j\u016bs\u0173 namus rafinuoto atsipalaidavimo aura.<\/li>\n<li>Iris-wood: pridedantis rafinuoto sud\u0117tingumo sluoksn\u012f, mediena suteikia subtil\u0173 kvap\u0105, bei ry\u0161k\u0173 atspalv\u012f, kuris dera su tabaku, sukeldamas nat\u016brali\u0105 Havanos architekt\u016bros elegancij\u0105.<\/li>\n<li>Jazminas: \u0160i g\u0117li\u0173 nata suteikia jausmingo mink\u0161tumo, romanti\u0161ko kvapo, sklindan\u010dio per kvap\u0105 kaip naktinis v\u0117jelis per miesto aik\u0161tes.<\/li>\n<li>Muskusas: Muskas praturtina mi\u0161in\u012f \u0161iltu, viliojan\u010diu pagrindu, palikdamas u\u017esit\u0119sus\u012f tak\u0105, kuris yra ir kvie\u010diantis, ir intriguojantis.<\/li>\n<\/ul>\n<p>&nbsp;<\/p>\n<p><strong>Puik\u016bs ingredientai prabangiai patir\u010diai:<\/strong> M\u016bs\u0173 \u012fsipareigojimas kokybei ir prabangai akivaizdus renkantis ingredientus. Kubos tabako naktis Havanos nam\u0173 kvepal\u0173 pur\u0161kiklyje yra geriausia jazmin\u0173 esencija, sandalmedis, vanil\u0117 ir muskusas. \u0160ie auk\u0161\u010diausios kokyb\u0117s komponentai yra jungiami nat\u016braliame aliejaus pagrinde su etanoliu, u\u017etikrinant kvap\u0105, kad but\u0173 ne tik \u017eavus, bet ir ilgalaikis.<\/p>\n<p>&nbsp;<\/p>\n<p><strong>Lengvas naudojimas: <\/strong>dar niekada nebuvo taip paprasta pagerinti savo nam\u0173 atmosfer\u0105. Tiesiog gerai suplakite buteliuk\u0105, gausiai keliais spaudimais i\u0161purk\u0161kite ir leiskite svaiginan\u010diam aromatui nune\u0161ti jus \u012f Havanos \u0161ird\u012f. Puikiai tinka norint sukurti eleganti\u0161k\u0105 nuotaik\u0105 ypatingoms progoms ar suteikti prabangos savo kasdienei aplinkai.<\/p>\n<p>&nbsp;<\/p>\n<p><strong>Saugumas:<\/strong> Sukurtas atsi\u017evelgiant \u012f j\u016bs\u0173 saugum\u0105, \u0161\u012f pur\u0161kikl\u012f reikia naudoti atsargiai. Venkite tiesioginio s\u0105ly\u010dio su subtiliais audiniais, pavir\u0161iais, akimis, veidu ir oda. Laikyti vaikams ir naminiams gyv\u016bn\u0117liams nepasiekiamoje vietoje. Atsitiktinio s\u0105ly\u010dio atveju kruop\u0161\u010diai nuplaukite vandeniu ir i\u0161imkite kontaktinius l\u0119\u0161ius, jei j\u0173 yra.<\/p>\n","protected":false},"excerpt":{"rendered":"<p><strong>Pasinerkite \u012f nesenstan\u010di\u0105 Havanos Nakt\u0173 Elegancij\u0105 su Kubos Tabako nam\u0173 kvepal\u0173 pur\u0161kikliu<\/strong><\/p>\n<p>\u017dingsnis \u012f kerint\u012f Havanos nesenstan\u010di\u0173 nakt\u0173 pasaul\u012f su Kubos Tabako Naktimi Havanoje nam\u0173 kvepal\u0173 pur\u0161kikliu i\u0161 &#8222;The Q House&#8221;. \u0160is prabangus nam\u0173 aromatas u\u017efiksuoja Kubos siel\u0105, sumai\u0161ydamas turtingus ir provokuojan\u010dius saldaus tabako, medienos, jazmino ir muskuso kvapus. Dvasinga kvapo kelion\u0117 per \u0161urmuliuojan\u010dias Havanos gatves ir energing\u0105 naktin\u012f gyvenim\u0105, kur susipina istorija ir aistra. Ilgai i\u0161liekan\u010dio kvapo formul\u0117 leis ilgiau m\u0117gautis Kubos naktimis.<\/p>\n","protected":false},"featured_media":8133,"comment_status":"open","ping_status":"closed","template":"","meta":[],"product_brand":[],"product_cat":[44,224],"product_tag":[],"class_list":{"0":"post-8173","1":"product","2":"type-product","3":"status-publish","4":"has-post-thumbnail","6":"product_cat-namams","7":"product_cat-namu-kvepalai","9":"first","10":"instock","11":"taxable","12":"shipping-taxable","13":"purchasable","14":"product-type-simple"},"_links":{"self":[{"href":"https:\/\/thequeenhouse.co.uk\/lt\/wp-json\/wp\/v2\/product\/8173","targetHints":{"allow":["GET"]}}],"collection":[{"href":"https:\/\/thequeenhouse.co.uk\/lt\/wp-json\/wp\/v2\/product"}],"about":[{"href":"https:\/\/thequeenhouse.co.uk\/lt\/wp-json\/wp\/v2\/types\/product"}],"replies":[{"embeddable":true,"href":"https:\/\/thequeenhouse.co.uk\/lt\/wp-json\/wp\/v2\/comments?post=8173"}],"wp:featuredmedia":[{"embeddable":true,"href":"https:\/\/thequeenhouse.co.uk\/lt\/wp-json\/wp\/v2\/media\/8133"}],"wp:attachment":[{"href":"https:\/\/thequeenhouse.co.uk\/lt\/wp-json\/wp\/v2\/media?parent=8173"}],"wp:term":[{"taxonomy":"product_brand","embeddable":true,"href":"https:\/\/thequeenhouse.co.uk\/lt\/wp-json\/wp\/v2\/product_brand?post=8173"},{"taxonomy":"product_cat","embeddable":true,"href":"https:\/\/thequeenhouse.co.uk\/lt\/wp-json\/wp\/v2\/product_cat?post=8173"},{"taxonomy":"product_tag","embeddable":true,"href":"https:\/\/thequeenhouse.co.uk\/lt\/wp-json\/wp\/v2\/product_tag?post=8173"}],"curies":[{"name":"wp","href":"https:\/\/api.w.org\/{rel}","templated":true}]}}