{"id":8174,"date":"2024-08-01T19:09:20","date_gmt":"2024-08-01T18:30:10","guid":{"rendered":"https:\/\/thequeenhouse.co.uk\/?post_type=product&#038;p=8174"},"modified":"2024-10-14T11:09:21","modified_gmt":"2024-10-14T10:09:21","slug":"french-rose-luxury-touch","status":"publish","type":"product","link":"https:\/\/thequeenhouse.co.uk\/lt\/produktas\/french-rose-luxury-touch\/","title":{"rendered":"French Rose &#8211; Luxury Touch 300ml"},"content":{"rendered":"<p><strong>Atskleiskite elegancijos esm\u0119 su Pranc\u016bzi\u0161ku &#8222;Rose Luxury Touch&#8221; nam\u0173 kvepal\u0173 pur\u0161kikliu<\/strong><\/p>\n<p>Pasinerkite \u012f rafinuot\u0105 gaivos, Pranc\u016bzijos vienkemio vilion\u0119 su pranc\u016bzi\u0161ku &#8222;Rose Luxury Touch&#8221; nam\u0173 kvepal\u0173 pur\u0161kikliu i\u0161 &#8222;The Q House&#8221;. \u0160is i\u0161skirtinis aromatas apgaubia nesenstant\u012f \u017eydin\u010di\u0173 ro\u017ei\u0173 sod\u0173 gro\u017e\u012f, kur\u012f sustiprina subtilus saldaus muskuso ir gaivios medviln\u0117s \u017eied\u0173 apkabinima, sukurdamas rafinuotos elegancijos ir ramyb\u0117s atmosfer\u0105 j\u016bs\u0173 namuose. Unikali gaivi kvapo formul\u0117 i\u0161liks ilgiau nei \u012fprast\u0173 pur\u0161kikli\u0173.<\/p>\n<p>&nbsp;<\/p>\n<p><strong>&#8222;French Rose Luxury Touch&#8221; nam\u0173 kvepal\u0173 pur\u0161kiklis<\/strong> \u2013 Pranc\u016bzi\u0161ko ro\u017ei\u0173 sodo elegancija j\u016bs\u0173 nam\u0173 komfortui. Priimkite prabang\u0105, m\u0117gaukit\u0117s rafinuotumu ir tegul kiekviena akimirka b\u016bna rafinuotos elegancijos \u0161vent\u0117.<\/p>\n<p><strong>Rafinuot\u0173 kvap\u0173 simfonija:<\/strong><\/p>\n<ul>\n<li><strong>Ro\u017e\u0117:<\/strong> \u0160io prabangaus aromato \u0161irdis yra Pranc\u016bzijos ro\u017e\u0117, simbolizuojanti nesenstant\u012f gro\u017e\u012f ir romantik\u0105. J\u0173 turtingos natos sukelia ramyb\u0117s ir rafinuotumo jausm\u0105, primenant\u012f pasivaik\u0161\u010diojim\u0105 po \u017eydint\u012f pranc\u016bzi\u0161k\u0105 sod\u0105.<\/li>\n<li><strong>Saldus muskusas:<\/strong> Prid\u0117damas gylio ir \u0161ilumos, saldus muskusas susipyn\u0117 per kvap\u0105 savo jausmingu ir jaukiu aromatu, sustiprindamas bendr\u0105 kvapo elegancijos pojut\u012f.<\/li>\n<li><strong>Medviln\u0117s \u017eiedai:<\/strong> Mink\u0161tos, \u0161varios medviln\u0117s \u017eied\u0173 natos suteikia lengv\u0105, gil\u0173 gaivum\u0105, puikiai subalansuodamas ro\u017ei\u0173 ir muskuso turtingum\u0105 ir sukurdamas harmoning\u0105 ir kvie\u010dian\u010di\u0105 atmosfer\u0105.<\/li>\n<\/ul>\n<p>&nbsp;<\/p>\n<p><strong>Lengva naudoti:<\/strong> Pagerinti savo nam\u0173 atmosfer\u0105 yra paprasta ir lengva. Gerai suplakite buteliuk\u0105, gausiai pur\u0161kite ir leiskite \u017eaviam kvapui pakeisti j\u016bs\u0173 aplink\u0105. Idealiai tinka sukurti prabangi\u0105 atmosfer\u0105 ypatingoms progoms arba suteikti elegancijos j\u016bs\u0173 kasdienei aplinkai.<\/p>\n<p>&nbsp;<\/p>\n<p><strong>S\u0105moningas saugumas:<\/strong> M\u016bs\u0173 formul\u0117 kurta atsi\u017evelgiant \u012f j\u016bs\u0173 saugum\u0105. Venkite tiesioginio s\u0105ly\u010dio su subtiliais audiniais, pavir\u0161iais, akimis, veidu ir oda. Laikyti vaikams ir naminiams gyv\u016bn\u0117liams nepasiekiamoje vietoje. Atsitiktinio s\u0105ly\u010dio atveju kruop\u0161\u010diai nuplaukite vandeniu ir i\u0161imkite kontaktinius l\u0119\u0161ius, jei j\u0173 yra.<\/p>\n","protected":false},"excerpt":{"rendered":"<p><strong>Atskleiskite elegancijos esm\u0119 su Pranc\u016bzi\u0161ku &#8222;Rose Luxury Touch&#8221; nam\u0173 kvepal\u0173 pur\u0161kikliu<\/strong><\/p>\n<p>Pasinerkite \u012f rafinuot\u0105 gaivos, Pranc\u016bzijos vienkemio vilion\u0119 su pranc\u016bzi\u0161ku &#8222;Rose Luxury Touch&#8221; nam\u0173 kvepal\u0173 pur\u0161kikliu i\u0161 &#8222;The Q House&#8221;. \u0160is i\u0161skirtinis aromatas apgaubia nesenstant\u012f \u017eydin\u010di\u0173 ro\u017ei\u0173 sod\u0173 gro\u017e\u012f, kur\u012f sustiprina subtilus saldaus muskuso ir gaivios medviln\u0117s \u017eied\u0173 apkabinima, sukurdamas rafinuotos elegancijos ir ramyb\u0117s atmosfer\u0105 j\u016bs\u0173 namuose. Unikali gaivi kvapo formul\u0117 i\u0161liks ilgiau nei \u012fprast\u0173 pur\u0161kikli\u0173.<\/p>\n","protected":false},"featured_media":8140,"comment_status":"open","ping_status":"closed","template":"","meta":[],"product_brand":[],"product_cat":[44,224],"product_tag":[],"class_list":{"0":"post-8174","1":"product","2":"type-product","3":"status-publish","4":"has-post-thumbnail","6":"product_cat-namams","7":"product_cat-namu-kvepalai","9":"first","10":"instock","11":"taxable","12":"shipping-taxable","13":"purchasable","14":"product-type-simple"},"_links":{"self":[{"href":"https:\/\/thequeenhouse.co.uk\/lt\/wp-json\/wp\/v2\/product\/8174","targetHints":{"allow":["GET"]}}],"collection":[{"href":"https:\/\/thequeenhouse.co.uk\/lt\/wp-json\/wp\/v2\/product"}],"about":[{"href":"https:\/\/thequeenhouse.co.uk\/lt\/wp-json\/wp\/v2\/types\/product"}],"replies":[{"embeddable":true,"href":"https:\/\/thequeenhouse.co.uk\/lt\/wp-json\/wp\/v2\/comments?post=8174"}],"wp:featuredmedia":[{"embeddable":true,"href":"https:\/\/thequeenhouse.co.uk\/lt\/wp-json\/wp\/v2\/media\/8140"}],"wp:attachment":[{"href":"https:\/\/thequeenhouse.co.uk\/lt\/wp-json\/wp\/v2\/media?parent=8174"}],"wp:term":[{"taxonomy":"product_brand","embeddable":true,"href":"https:\/\/thequeenhouse.co.uk\/lt\/wp-json\/wp\/v2\/product_brand?post=8174"},{"taxonomy":"product_cat","embeddable":true,"href":"https:\/\/thequeenhouse.co.uk\/lt\/wp-json\/wp\/v2\/product_cat?post=8174"},{"taxonomy":"product_tag","embeddable":true,"href":"https:\/\/thequeenhouse.co.uk\/lt\/wp-json\/wp\/v2\/product_tag?post=8174"}],"curies":[{"name":"wp","href":"https:\/\/api.w.org\/{rel}","templated":true}]}}