{"id":8176,"date":"2024-08-01T19:11:13","date_gmt":"2024-08-01T18:34:33","guid":{"rendered":"https:\/\/thequeenhouse.co.uk\/?post_type=product&#038;p=8176"},"modified":"2024-10-14T11:09:21","modified_gmt":"2024-10-14T10:09:21","slug":"lemongrass-feelings-of-haven","status":"publish","type":"product","link":"https:\/\/thequeenhouse.co.uk\/lt\/produktas\/lemongrass-feelings-of-haven\/","title":{"rendered":"LemonGrass &#8211; Feelings of Haven 300ml"},"content":{"rendered":"<p><strong>Paverskite savo nam\u0173 erdv\u0119 ramyb\u0117s oaze kartu su Citrin\u0173 Kokteilio ekstraktais &#8222;Haven Home&#8221; kvepal\u0173 pur\u0161kikliu<\/strong><\/p>\n<p>Patirkite did\u017eiausi\u0105 nam\u0173 kvap\u0173 rafinuotum\u0105 naudodami &#8222;The Q House&#8221; citrin\u0173 \u017ealumos kokteili &#8222;Haven&#8221; nam\u0173 kvepal\u0173 pur\u0161kikl\u012f. Sukurtas Anglijos \u0161irdyje, \u0161is i\u0161skirtinis nam\u0173 kvepal\u0173 pur\u0161kiklis u\u017efiksuoja ramyb\u0117s esm\u0119, sumai\u0161ydamas gaivinan\u010dias laimo natas, kerint\u012f jazmin\u0173 aromat\u0105 ir sodri\u0105 raudonmed\u017eio \u0161ilum\u0105. Gaivos dvasia apgaubia j\u016bs\u0173 aplink\u0105 atjaun\u0117jimo, elegancijos ir ramyb\u0117s atmosfera. Unikali parfumuot\u0173 kvap\u0173 formul\u0117s kvapai i\u0161liks ilgiau nei \u012fprast\u0173 pur\u0161kikli\u0173.<\/p>\n<p>&nbsp;<\/p>\n<p><strong>&#8222;Lemon Grass Feelings of Haven Home Perfume Spray&#8221;<\/strong> \u2013 kur gaivinanti liep\u0173 \u017eievel\u0117 susitinka su raminan\u010dia jazmin\u0173 elegancija ir \u012f\u017eeminan\u010dia raudonmed\u017eio \u0161iluma. Priimkite prabangos ir ramyb\u0117s \u012fsik\u016bnijim\u0105 ir kiekvien\u0105 akimirk\u0105 paverskite rafinuotos elegancijos \u0161vente.<\/p>\n<p>&nbsp;<\/p>\n<p><strong>I\u0161skirtin\u0117 aromat\u0173 simfonija:<\/strong><\/p>\n<ul>\n<li><strong>Laimas:<\/strong> vir\u0161utin\u0117 laim\u0173 nata suteikia ry\u0161k\u0173 citrusini\u0173 vaisi\u0173 gaivumo pli\u016bpsn\u012f, akimirksniu pakyl\u0117ja j\u016bs\u0173 erdv\u0119 ir pagyvina poj\u016b\u010dius savo ver\u017elumu ir atgaivinan\u010diu charakteriu.<\/li>\n<li><strong>Jazminas:<\/strong> \u0160io prabangaus aromato centre yra jazminas, grak\u0161tumo ir elegancijos simbolis. Jo subtilus g\u0117li\u0173 kvapas suteikia romanti\u0161ko viliojimo sluoksn\u012f, skatindamas ramyb\u0117s jausm\u0105.<\/li>\n<li><strong>Raudonmedis:<\/strong> pagrindin\u0117 raudonmed\u017eio nata suteikia gil\u0173, stipr\u0173 jausm\u0105, \u012f\u017eemindama kvap\u0105 \u0161iltais ir rafinuotais atspalviais, puikiai subalansuodama ry\u0161kias laimo natas ir mink\u0161t\u0105 jazmin\u0105.<\/li>\n<\/ul>\n<p><strong>\u00a0<\/strong><\/p>\n<p><strong>Pagaminta i\u0161 auk\u0161\u010diausios kokyb\u0117s nat\u016brali\u0173 ingredient\u0173:<\/strong> M\u016bs\u0173 \u012fsipareigojimas siekti profesionalumo atsispindi kruop\u0161\u010diai atrinktuose &#8222;Lemon Grass Feelings of Haven&#8221; ingredientuose. Su jazminais, citrin\u0173 ekstraktu, laimo \u017eievele, citrusini\u0173 vaisi\u0173 ekstraktu ir raudonmed\u017eio ekstraktu, kiekvienas komponentas pasirenkamas d\u0117l auk\u0161\u010diausios kokyb\u0117s ir aromatini\u0173 savybi\u0173. Nat\u016bralaus aliejaus pagrindas kartu su etanoliu u\u017etikrina ilgalaik\u012f ir pastov\u0173 kvap\u0105, kuris j\u016bs\u0173 namus paver\u010dia ramia \u0161ventove.<\/p>\n<p><strong>Lengva naudoti:<\/strong> dar niekada nebuvo taip lengva pagerinti savo gyvenam\u0105j\u0105 erdv\u0119. Tiesiog gerai suplakite buteliuk\u0105, gausiai i\u0161purk\u0161kite ir leiskite \u017eaviam kvapui u\u017elieti j\u016bs\u0173 aplink\u0105. Nesvarbu, ar ruo\u0161iat\u0117s ypatingam susitikimui su draugais, ar siekiate praturtinti savo kasdien\u0119 aplink\u0105, &#8222;Lemon Grass Feelings of Haven&#8221; suteiks prabangos ir rafinuotumo bet kokiai jusu aplinkai.<\/p>\n<p><strong>Saugi prie\u017ei\u016bra:<\/strong> Sukurta atsi\u017evelgiant \u012f j\u016bs\u0173 saugum\u0105, m\u016bs\u0173 formul\u0117 kiek \u012fmanoma yra \u0161velni, ta\u010diau veiksminga. Venkite tiesioginio s\u0105ly\u010dio su subtiliais audiniais, pavir\u0161iais, akimis, veidu ir oda. Laikyti vaikams ir naminiams gyv\u016bn\u0117liams nepasiekiamoje vietoje. Atsitiktinio s\u0105ly\u010dio atveju kruop\u0161\u010diai nuplaukite vandeniu ir i\u0161imkite kontaktinius l\u0119\u0161ius, jei j\u0173 yra.<\/p>\n","protected":false},"excerpt":{"rendered":"<p><strong>Paverskite savo nam\u0173 erdv\u0119 ramyb\u0117s oaze kartu su Citrin\u0173 Kokteilio ekstraktais &#8222;Haven Home&#8221; kvepal\u0173 pur\u0161kikliu<\/strong><\/p>\n<p>Patirkite did\u017eiausi\u0105 nam\u0173 kvap\u0173 rafinuotum\u0105 naudodami &#8222;The Q House&#8221; citrin\u0173 \u017ealumos kokteili &#8222;Haven&#8221; nam\u0173 kvepal\u0173 pur\u0161kikl\u012f. Sukurtas Anglijos \u0161irdyje, \u0161is i\u0161skirtinis nam\u0173 kvepal\u0173 pur\u0161kiklis u\u017efiksuoja ramyb\u0117s esm\u0119, sumai\u0161ydamas gaivinan\u010dias laimo natas, kerint\u012f jazmin\u0173 aromat\u0105 ir sodri\u0105 raudonmed\u017eio \u0161ilum\u0105. Gaivos dvasia apgaubia j\u016bs\u0173 aplink\u0105 atjaun\u0117jimo, elegancijos ir ramyb\u0117s atmosfera. Unikali parfumuot\u0173 kvap\u0173 formul\u0117s kvapai i\u0161liks ilgiau nei \u012fprast\u0173 pur\u0161kikli\u0173.<\/p>\n","protected":false},"featured_media":8147,"comment_status":"open","ping_status":"closed","template":"","meta":[],"product_brand":[],"product_cat":[44,224],"product_tag":[],"class_list":{"0":"post-8176","1":"product","2":"type-product","3":"status-publish","4":"has-post-thumbnail","6":"product_cat-namams","7":"product_cat-namu-kvepalai","9":"first","10":"instock","11":"taxable","12":"shipping-taxable","13":"purchasable","14":"product-type-simple"},"_links":{"self":[{"href":"https:\/\/thequeenhouse.co.uk\/lt\/wp-json\/wp\/v2\/product\/8176","targetHints":{"allow":["GET"]}}],"collection":[{"href":"https:\/\/thequeenhouse.co.uk\/lt\/wp-json\/wp\/v2\/product"}],"about":[{"href":"https:\/\/thequeenhouse.co.uk\/lt\/wp-json\/wp\/v2\/types\/product"}],"replies":[{"embeddable":true,"href":"https:\/\/thequeenhouse.co.uk\/lt\/wp-json\/wp\/v2\/comments?post=8176"}],"wp:featuredmedia":[{"embeddable":true,"href":"https:\/\/thequeenhouse.co.uk\/lt\/wp-json\/wp\/v2\/media\/8147"}],"wp:attachment":[{"href":"https:\/\/thequeenhouse.co.uk\/lt\/wp-json\/wp\/v2\/media?parent=8176"}],"wp:term":[{"taxonomy":"product_brand","embeddable":true,"href":"https:\/\/thequeenhouse.co.uk\/lt\/wp-json\/wp\/v2\/product_brand?post=8176"},{"taxonomy":"product_cat","embeddable":true,"href":"https:\/\/thequeenhouse.co.uk\/lt\/wp-json\/wp\/v2\/product_cat?post=8176"},{"taxonomy":"product_tag","embeddable":true,"href":"https:\/\/thequeenhouse.co.uk\/lt\/wp-json\/wp\/v2\/product_tag?post=8176"}],"curies":[{"name":"wp","href":"https:\/\/api.w.org\/{rel}","templated":true}]}}