{"id":8178,"date":"2024-08-01T19:15:02","date_gmt":"2024-08-01T18:15:02","guid":{"rendered":"https:\/\/thequeenhouse.co.uk\/?post_type=product&#038;p=8178"},"modified":"2025-12-08T14:58:58","modified_gmt":"2025-12-08T13:58:58","slug":"night-out-by-opium","status":"publish","type":"product","link":"https:\/\/thequeenhouse.co.uk\/lt\/produktas\/night-out-by-opium\/","title":{"rendered":"Night Out &#8211; By Opium 300ml"},"content":{"rendered":"<p><strong>Su\u017eav\u0117kite savo vakarus &#8222;Night Out by Opium&#8221; nam\u0173 kvepal\u0173 pur\u0161kikliu<\/strong><\/p>\n<p>Pasinerkite \u012f romantikos ir viliojimo pasaul\u012f su &#8222;Night Out by Opium Home&#8221; kvepal\u0173 pur\u0161kikliu i\u0161 &#8222;The Q House&#8221;. \u0160is prabangus nam\u0173 aromatas, sukurtas su aistra Anglijoje, u\u017efiksuoja nepamir\u0161tamo vakaro esm\u0119, sumai\u0161ydamas gundan\u010dias kavos natas, kremin\u012f vanil\u0117s saldum\u0105 ir egzoti\u0161k\u0105 pa\u010diulio \u0161ilum\u0105. Lai \u0161i dvasia paver\u010dia j\u016bs\u0173 erdv\u0119 elegancijos ir viliojimo prieglobs\u010diu, puikiai tinkan\u010diu aistringoms akimirkoms ir puosel\u0117jamiems prisiminimams. Unikali parfumuot\u0173 kvap\u0173 formul\u0117 i\u0161liks ilgiau nei bet kuris kitas pur\u0161kiklis.<\/p>\n<p><strong>&#8222;Night Out by Opium Home Perfume Spray&#8221;<\/strong> \u2013 kur gundantis kavos aromatas susitinka su sald\u017eiu vanil\u0117s viliojimu ir egzoti\u0161ka pa\u010diuli\u0173 \u0161iluma. Priimkite romantik\u0105, m\u0117gaukit\u0117s elegancija ir tegul kiekviena akimirka b\u016bna meil\u0117s ir gundymo \u0161vent\u0117.<\/p>\n<p><strong>I\u0161skirtin\u0117 aromat\u0173 simfonija:<\/strong><\/p>\n<ul>\n<li><strong>Kava:<\/strong> sodrios, aromatingos kavos natos \u017eadina j\u016bs\u0173 poj\u016b\u010dius, \u017eadindamos nakties jaudul\u012f ir rafinuotum\u0105, kupin\u0105 begalini\u0173 galimybi\u0173.<\/li>\n<li><strong>Vanil\u0117:<\/strong> Saldi, aksomin\u0117 vanil\u0117s esencija suteikia seksualios romantikos, apgaubian\u010dios j\u016bs\u0173 namus jaukiu gl\u0117biu, kuris \u0161nab\u017eda meil\u0119 ir \u0161velnum\u0105.<\/li>\n<li><strong>Pa\u010diulis:<\/strong> egzoti\u0161kas, \u017eemi\u0161kas pa\u010diulio atspalvis suteikia gylumos ir paslapties, sukurdamas i\u0161liekant\u012f aromat\u0105, kuris \u017eavi ir u\u017eburia, palikdamas susi\u017eav\u0117jimo p\u0117dsak\u0105 p\u0117dsak\u0105.<\/li>\n<\/ul>\n<p><strong>I\u0161skirtiniai ingredientai romanti\u0161kai patir\u010diai:<\/strong> &#8222;Night Out by Opium&#8221; yra kvap\u0173 \u0161edevras, sukurtas i\u0161 geriausi\u0173 ingredient\u0173, \u012fskaitant apelsin\u0173 \u017eiedus, jazminus, kavos pupeli\u0173 ekstrakt\u0105, vanil\u0117s esencij\u0105, pa\u010diulius, kedr\u0105 ir tonka pupeles. Nat\u016bralaus aliejaus pagrindas kartu su etanoliu u\u017etikrina ilgalaik\u012f ir nuosekl\u0173 kvap\u0105, kuris j\u016bs\u0173 namams suteikia romantikos ir elegancijos.<\/p>\n<p><strong>Lengva elegancija kiekviename pur\u0161kime:<\/strong> sukurti romantikos ir viliojimo atmosfer\u0105 yra be joki\u0173 pastang\u0173. Tiesiog gerai suplakite buteliuk\u0105, gausiai pur\u0161kite ir leiskite \u017eaviam kvapui skleistis per j\u016bs\u0173 aplink\u0105. Puikiai tinka romanti\u0161ko vakaro, susib\u016brimo nuotaikai ar kasdien\u0117ms akimirkoms suteikti prabangos.<\/p>\n<p><strong>Saugumas ir prie\u017ei\u016bra:<\/strong> Sukurta atsi\u017evelgiant \u012f j\u016bs\u0173 saugum\u0105, m\u016bs\u0173 formul\u0117 yra \u0161velni, ta\u010diau veiksminga. Venkite tiesioginio s\u0105ly\u010dio su subtiliais audiniais, pavir\u0161iais, akimis, veidu ir oda. Laikyti vaikams ir naminiams gyv\u016bn\u0117liams nepasiekiamoje vietoje. Atsitiktinio s\u0105ly\u010dio atveju kruop\u0161\u010diai nuplaukite vandeniu ir i\u0161imkite kontaktinius l\u0119\u0161ius, jei j\u0173 yra.<\/p>\n","protected":false},"excerpt":{"rendered":"<p><strong>Su\u017eav\u0117kite savo vakarus &#8222;Night Out by Opium&#8221; nam\u0173 kvepal\u0173 pur\u0161kikliu<\/strong><\/p>\n<p>Pasinerkite \u012f romantikos ir viliojimo pasaul\u012f su &#8222;Night Out by Opium Home&#8221; kvepal\u0173 pur\u0161kikliu i\u0161 &#8222;The Q House&#8221;. \u0160is prabangus nam\u0173 aromatas, sukurtas su aistra Anglijoje, u\u017efiksuoja nepamir\u0161tamo vakaro esm\u0119, sumai\u0161ydamas gundan\u010dias kavos natas, kremin\u012f vanil\u0117s saldum\u0105 ir egzoti\u0161k\u0105 pa\u010diulio \u0161ilum\u0105. Lai \u0161i dvasia paver\u010dia j\u016bs\u0173 erdv\u0119 elegancijos ir viliojimo prieglobs\u010diu, puikiai tinkan\u010diu aistringoms akimirkoms ir puosel\u0117jamiems prisiminimams. Unikali parfumuot\u0173 kvap\u0173 formul\u0117 i\u0161liks ilgiau nei bet kuris kitas pur\u0161kiklis.<\/p>\n","protected":false},"featured_media":8157,"comment_status":"open","ping_status":"closed","template":"","meta":[],"product_brand":[],"product_cat":[44,224],"product_tag":[],"class_list":{"0":"post-8178","1":"product","2":"type-product","3":"status-publish","4":"has-post-thumbnail","6":"product_cat-namams","7":"product_cat-namu-kvepalai","9":"first","10":"instock","11":"taxable","12":"shipping-taxable","13":"purchasable","14":"product-type-simple"},"_links":{"self":[{"href":"https:\/\/thequeenhouse.co.uk\/lt\/wp-json\/wp\/v2\/product\/8178","targetHints":{"allow":["GET"]}}],"collection":[{"href":"https:\/\/thequeenhouse.co.uk\/lt\/wp-json\/wp\/v2\/product"}],"about":[{"href":"https:\/\/thequeenhouse.co.uk\/lt\/wp-json\/wp\/v2\/types\/product"}],"replies":[{"embeddable":true,"href":"https:\/\/thequeenhouse.co.uk\/lt\/wp-json\/wp\/v2\/comments?post=8178"}],"wp:featuredmedia":[{"embeddable":true,"href":"https:\/\/thequeenhouse.co.uk\/lt\/wp-json\/wp\/v2\/media\/8157"}],"wp:attachment":[{"href":"https:\/\/thequeenhouse.co.uk\/lt\/wp-json\/wp\/v2\/media?parent=8178"}],"wp:term":[{"taxonomy":"product_brand","embeddable":true,"href":"https:\/\/thequeenhouse.co.uk\/lt\/wp-json\/wp\/v2\/product_brand?post=8178"},{"taxonomy":"product_cat","embeddable":true,"href":"https:\/\/thequeenhouse.co.uk\/lt\/wp-json\/wp\/v2\/product_cat?post=8178"},{"taxonomy":"product_tag","embeddable":true,"href":"https:\/\/thequeenhouse.co.uk\/lt\/wp-json\/wp\/v2\/product_tag?post=8178"}],"curies":[{"name":"wp","href":"https:\/\/api.w.org\/{rel}","templated":true}]}}