{"id":8272,"date":"2024-08-08T09:16:17","date_gmt":"2024-08-08T08:16:16","guid":{"rendered":"https:\/\/thequeenhouse.co.uk\/?post_type=product&#038;p=8272"},"modified":"2024-10-14T11:09:21","modified_gmt":"2024-10-14T10:09:21","slug":"luxury-golden-oasis","status":"publish","type":"product","link":"https:\/\/thequeenhouse.co.uk\/lt\/produktas\/luxury-golden-oasis\/","title":{"rendered":"Luxury Golden Oasis"},"content":{"rendered":"<p>Paverskite savo gyvenam\u0105j\u0105 erdv\u0119 ramyb\u0117s oaze su m\u016bs\u0173 i\u0161skirtiniu &#8222;Golden Oasis&#8221; setu. \u0160iame nuostabiame pad\u0117kle yra sodrus tikrovi\u0161k\u0173 sukulent\u0173 derinys su \u012fvairiais raminan\u010diais pasteliniais atspalviais, kur\u012f puikiai papildo prabangus auksin\u0117s epoxidines dervos pagrindas. \u012emantrus marmuro efektas suteikia elegancijos ir modernumo, tod\u0117l jis puikiai tinka bet kuriam namu interijerui.<\/p>\n<p>Pripildykite savo erdv\u0119 su m\u016bs\u0173 prabangios \u017evak\u0117s smaragdo \u017ealios \u0161viesos \u0161vyt\u0117jimu. \u0160i \u017evak\u0117, sverianti 400 gram\u0173, sujungia elegancij\u0105 ir ramyb\u0119, tod\u0117l ji puikiai tinka j\u016bs\u0173 nam\u0173 dekorui ir bus puiki nam\u0173 interijero detal\u0117 kaip unikaliame prabangiame rinkinyje.<\/p>\n<p>\u012ene\u0161kite gamtos ramyb\u0119 \u012f vid\u0173 su \u0161iuo ak\u012f traukian\u010diu k\u016briniu. Nesvarbu, ar ant kavos staliuko, stalo ar lentynos, &#8222;Golden Oasis&#8221; sultinga kompozicija tikrai bus pokalbio prad\u017eia ir nesenstantis j\u016bs\u0173 dekoro priedas.<\/p>\n","protected":false},"excerpt":{"rendered":"<p>Paverskite savo gyvenam\u0105j\u0105 erdv\u0119 ramyb\u0117s oaze su m\u016bs\u0173 i\u0161skirtiniu &#8222;Golden Oasis&#8221; setu. \u0160iame nuostabiame pad\u0117kle yra sodrus tikrovi\u0161k\u0173 sukulent\u0173 derinys su \u012fvairiais raminan\u010diais pasteliniais atspalviais, kur\u012f puikiai papildo prabangus auksin\u0117s epoxidines dervos pagrindas. \u012emantrus marmuro efektas suteikia elegancijos ir modernumo, tod\u0117l jis puikiai tinka bet kuriam namu interijerui.<\/p>\n<p>&nbsp;<\/p>\n","protected":false},"featured_media":8281,"comment_status":"open","ping_status":"closed","template":"","meta":[],"product_brand":[],"product_cat":[44,178],"product_tag":[],"class_list":{"0":"post-8272","1":"product","2":"type-product","3":"status-publish","4":"has-post-thumbnail","6":"product_cat-namams","7":"product_cat-sets-lt","9":"first","10":"outofstock","11":"taxable","12":"shipping-taxable","13":"purchasable","14":"product-type-simple"},"_links":{"self":[{"href":"https:\/\/thequeenhouse.co.uk\/lt\/wp-json\/wp\/v2\/product\/8272","targetHints":{"allow":["GET"]}}],"collection":[{"href":"https:\/\/thequeenhouse.co.uk\/lt\/wp-json\/wp\/v2\/product"}],"about":[{"href":"https:\/\/thequeenhouse.co.uk\/lt\/wp-json\/wp\/v2\/types\/product"}],"replies":[{"embeddable":true,"href":"https:\/\/thequeenhouse.co.uk\/lt\/wp-json\/wp\/v2\/comments?post=8272"}],"wp:featuredmedia":[{"embeddable":true,"href":"https:\/\/thequeenhouse.co.uk\/lt\/wp-json\/wp\/v2\/media\/8281"}],"wp:attachment":[{"href":"https:\/\/thequeenhouse.co.uk\/lt\/wp-json\/wp\/v2\/media?parent=8272"}],"wp:term":[{"taxonomy":"product_brand","embeddable":true,"href":"https:\/\/thequeenhouse.co.uk\/lt\/wp-json\/wp\/v2\/product_brand?post=8272"},{"taxonomy":"product_cat","embeddable":true,"href":"https:\/\/thequeenhouse.co.uk\/lt\/wp-json\/wp\/v2\/product_cat?post=8272"},{"taxonomy":"product_tag","embeddable":true,"href":"https:\/\/thequeenhouse.co.uk\/lt\/wp-json\/wp\/v2\/product_tag?post=8272"}],"curies":[{"name":"wp","href":"https:\/\/api.w.org\/{rel}","templated":true}]}}