{"id":8326,"date":"2024-08-09T14:06:19","date_gmt":"2024-08-09T13:06:19","guid":{"rendered":"https:\/\/thequeenhouse.co.uk\/?post_type=product&#038;p=8326"},"modified":"2026-03-15T19:53:29","modified_gmt":"2026-03-15T18:53:29","slug":"comodynes-makiazo-serveteles","status":"publish","type":"product","link":"https:\/\/thequeenhouse.co.uk\/lt\/produktas\/comodynes-makiazo-serveteles\/","title":{"rendered":"[I\u0161ankstinis u\u017esakymas] COMODYNES &#8211; Makia\u017eo valymo servet\u0117l\u0117s sausai odai"},"content":{"rendered":"<p style=\"font-weight: 400;\">Makia\u017eo valymo servet\u0117l\u0117s sausai odai sujungia aktyv\u0173 valikl\u012f ir dr\u0117kikl\u012f. Kiekvienoje servet\u0117l\u0117je yra visa micelin\u0117 valomoji priemon\u0117. Vos viena doz\u0117 prilygsta valomajam pieneliui, veido tonikui ir aki\u0173 makia\u017eo valikliui. \u201e3-in-1\u201d efektas, kad vienu \u017eingsniu visi\u0161kai i\u0161valytum\u0117te od\u0105. Itin mink\u0161tos 100 % viskoz\u0117s servet\u0117l\u0117s sudr\u0117kintos miceliniu tirpalu (miceliniu vandeniu), kurio pH prilygsta nat\u016brali\u0173 a\u0161ar\u0173 pH, puikiai toleruojamu odos ir aki\u0173, kuris pa\u0161alina ne\u0161varum\u0173 daleles ir makia\u017eo p\u0117dsakus, tod\u0117l j\u016bs\u0173 veidas tampa \u0161varus, gaivus ir gerai jau\u010diasi. D\u0117l savo tekst\u016bros ir ypatingo gamybos b\u016bdo (\u201eneaustin\u0117s\u201d) servet\u0117l\u0117s puikiai \u012fsiurbia ir i\u0161laiko i\u0161skirtin\u0119 formul\u0119, kuri puikiai pa\u0161alina makia\u017e\u0105 ir \u0161velniai \u0161vei\u010dia.<\/p>\n<p style=\"font-weight: 400;\">\u0160velniai \u012fmasa\u017euokite \u012f veid\u0105 ir akis, kad pa\u0161alintum\u0117te ne\u0161varum\u0173 daleles ir makia\u017e\u0105. Per ma\u017eiau nei 1 minut\u0119 j\u016bs\u0173 oda bus \u0161vari, \u0161velni ir sudr\u0117kinta. Nereikia nuplauti.<\/p>\n<p style=\"font-weight: 400;\">\n","protected":false},"excerpt":{"rendered":"<p><span style=\"color: #ff0000;\">[\u0160i prek\u0117 bus i\u0161si\u0173sta nuo Rugpj\u016b\u010dio 26 d.]<\/span><\/p>\n<p>Makia\u017eo valymo servet\u0117l\u0117s sausai odai sujungia aktyv\u0173 valikl\u012f ir dr\u0117kikl\u012f. Kiekvienoje servet\u0117l\u0117je yra visa micelin\u0117 valomoji priemon\u0117.<\/p>\n","protected":false},"featured_media":8330,"comment_status":"open","ping_status":"closed","template":"","meta":[],"product_brand":[],"product_cat":[43,212],"product_tag":[],"class_list":{"0":"post-8326","1":"product","2":"type-product","3":"status-publish","4":"has-post-thumbnail","6":"product_cat-grozis","7":"product_cat-veido-prieziuros-priemones","9":"first","10":"outofstock","11":"taxable","12":"shipping-taxable","13":"purchasable","14":"product-type-simple"},"_links":{"self":[{"href":"https:\/\/thequeenhouse.co.uk\/lt\/wp-json\/wp\/v2\/product\/8326","targetHints":{"allow":["GET"]}}],"collection":[{"href":"https:\/\/thequeenhouse.co.uk\/lt\/wp-json\/wp\/v2\/product"}],"about":[{"href":"https:\/\/thequeenhouse.co.uk\/lt\/wp-json\/wp\/v2\/types\/product"}],"replies":[{"embeddable":true,"href":"https:\/\/thequeenhouse.co.uk\/lt\/wp-json\/wp\/v2\/comments?post=8326"}],"wp:featuredmedia":[{"embeddable":true,"href":"https:\/\/thequeenhouse.co.uk\/lt\/wp-json\/wp\/v2\/media\/8330"}],"wp:attachment":[{"href":"https:\/\/thequeenhouse.co.uk\/lt\/wp-json\/wp\/v2\/media?parent=8326"}],"wp:term":[{"taxonomy":"product_brand","embeddable":true,"href":"https:\/\/thequeenhouse.co.uk\/lt\/wp-json\/wp\/v2\/product_brand?post=8326"},{"taxonomy":"product_cat","embeddable":true,"href":"https:\/\/thequeenhouse.co.uk\/lt\/wp-json\/wp\/v2\/product_cat?post=8326"},{"taxonomy":"product_tag","embeddable":true,"href":"https:\/\/thequeenhouse.co.uk\/lt\/wp-json\/wp\/v2\/product_tag?post=8326"}],"curies":[{"name":"wp","href":"https:\/\/api.w.org\/{rel}","templated":true}]}}