{"id":8438,"date":"2024-08-13T15:52:28","date_gmt":"2024-08-13T14:52:29","guid":{"rendered":"https:\/\/thequeenhouse.co.uk\/?post_type=product&#038;p=8438"},"modified":"2024-10-14T11:09:20","modified_gmt":"2024-10-14T10:09:20","slug":"nici-demiu-valiklis-copy","status":"publish","type":"product","link":"https:\/\/thequeenhouse.co.uk\/lt\/produktas\/nici-demiu-valiklis-copy\/","title":{"rendered":"[I\u0161ankstinis u\u017esakymas] PAESE &#8211; L\u016bp\u0173 \u0161veitiklis"},"content":{"rendered":"<p style=\"font-weight: 400;\">\u0160is nat\u016bralus l\u016bp\u0173 \u0161veitiklis i\u0161lygins j\u016bs\u0173 l\u016bp\u0173 od\u0105. Puikiai dr\u0117kina ir mink\u0161tina. Sud\u0117tyje yra abrikos\u0173 kauliuk\u0173, kurie pa\u0161alina negyvas odos l\u0105steles.<\/p>\n<p style=\"font-weight: 400;\">L\u016bp\u0173 \u0161veitimo balzamas yra 88% nat\u016bralus! Jis i\u0161lygina l\u016bpas, nes jame yra malt\u0173 abrikos\u0173 kauliuk\u0173. Jo formul\u0117, pagr\u012fsta tauriuoju sviestu ir aliejais, papildomai praturtinta vitaminu E ir juod\u0173j\u0173 serbent\u0173 s\u0117kl\u0173 aliejumi, u\u017edarytu nanostrukt\u016broje.<\/p>\n<p style=\"font-weight: 400;\">Jame numatyta: &#8211;<br \/>\n&#8211; i\u0161lyginimas;<br \/>\n&#8211; dr\u0117kinimas;<br \/>\n&#8211; \u0161velnios l\u016bpos;<br \/>\n&#8211; \u0161velnus negyvos odos \u0161veitimas;<br \/>\n\u2013 100% apklaust\u0173j\u0173 patvirtino min\u0117tus teiginius.<\/p>\n<p style=\"font-weight: 400;\">Veikliosios med\u017eiagos:<br \/>\n&#8211; juod\u0173j\u0173 serbent\u0173 s\u0117kl\u0173 aliejaus nanodalel\u0117s;<br \/>\n&#8211; Vitaminas E;<br \/>\n&#8211; malt\u0173 abrikos\u0173 kauliuk\u0173;<br \/>\n&#8211; jojobos aliejus;<br \/>\n&#8211; argano aliejus;<br \/>\n&#8211; vynuogi\u0173 kauliuk\u0173 aliejus;<br \/>\n&#8211; alyvuogi\u0173 aliejus;<br \/>\n&#8211; piev\u0173 put\u0173 aliejus;<br \/>\n&#8211; taukmed\u017eio sviestas;<br \/>\n&#8211; kakavos sviestas.<\/p>\n","protected":false},"excerpt":{"rendered":"<p><span style=\"color: #ff0000;\">[\u0160i prek\u0117 bus i\u0161si\u0173sta nuo Rugpj\u016b\u010dio 26 d.]<\/span><\/p>\n<p style=\"font-weight: 400;\">NICI d\u0117mi\u0173 valiklis su aktyviuoju deguonimi efektyviai pa\u0161alina net sunkiausiai i\u0161plaunamas ir \u012fsisen\u0117jusias d\u0117mes, tokias kaip raudonojo vyno, arbatos, kavos, \u017eol\u0117s, purvo ir kitas. Tinka valyti ne tik drabu\u017ei\u0173, bet ir bald\u0173 mink\u0161t\u0105sias dalis, automobili\u0173 salonus, \u012fvairias kilimines dangas. Jame n\u0117ra chloro, d\u0117m\u0117s valomos d\u0117ka esan\u010dio aktyviojo deguonies. \u0160velni d\u0117mi\u0173 \u0161alinimo priemon\u0117 atgaivina ir i\u0161saugo spalvas, valant daugybe kart\u0173.<\/p>\n<p style=\"font-weight: 400;\">\n","protected":false},"featured_media":8448,"comment_status":"open","ping_status":"closed","template":"","meta":[],"product_brand":[],"product_cat":[43,212],"product_tag":[],"class_list":{"0":"post-8438","1":"product","2":"type-product","3":"status-publish","4":"has-post-thumbnail","6":"product_cat-grozis","7":"product_cat-veido-prieziuros-priemones","9":"first","10":"instock","11":"purchasable","12":"product-type-simple"},"_links":{"self":[{"href":"https:\/\/thequeenhouse.co.uk\/lt\/wp-json\/wp\/v2\/product\/8438","targetHints":{"allow":["GET"]}}],"collection":[{"href":"https:\/\/thequeenhouse.co.uk\/lt\/wp-json\/wp\/v2\/product"}],"about":[{"href":"https:\/\/thequeenhouse.co.uk\/lt\/wp-json\/wp\/v2\/types\/product"}],"replies":[{"embeddable":true,"href":"https:\/\/thequeenhouse.co.uk\/lt\/wp-json\/wp\/v2\/comments?post=8438"}],"wp:featuredmedia":[{"embeddable":true,"href":"https:\/\/thequeenhouse.co.uk\/lt\/wp-json\/wp\/v2\/media\/8448"}],"wp:attachment":[{"href":"https:\/\/thequeenhouse.co.uk\/lt\/wp-json\/wp\/v2\/media?parent=8438"}],"wp:term":[{"taxonomy":"product_brand","embeddable":true,"href":"https:\/\/thequeenhouse.co.uk\/lt\/wp-json\/wp\/v2\/product_brand?post=8438"},{"taxonomy":"product_cat","embeddable":true,"href":"https:\/\/thequeenhouse.co.uk\/lt\/wp-json\/wp\/v2\/product_cat?post=8438"},{"taxonomy":"product_tag","embeddable":true,"href":"https:\/\/thequeenhouse.co.uk\/lt\/wp-json\/wp\/v2\/product_tag?post=8438"}],"curies":[{"name":"wp","href":"https:\/\/api.w.org\/{rel}","templated":true}]}}