{"id":8453,"date":"2024-08-14T10:19:23","date_gmt":"2024-08-14T09:19:24","guid":{"rendered":"https:\/\/thequeenhouse.co.uk\/?post_type=product&#038;p=8453"},"modified":"2025-11-20T22:27:33","modified_gmt":"2025-11-20T21:27:33","slug":"oedo-peeling-tender-foot-mask-copy","status":"publish","type":"product","link":"https:\/\/thequeenhouse.co.uk\/lt\/produktas\/oedo-peeling-tender-foot-mask-copy\/","title":{"rendered":"Stay Up &#8211; Peptid\u0173 dr\u0117kinamas veido serumas"},"content":{"rendered":"<p>Pagerinkite savo odos prie\u017ei\u016bros rutin\u0105 su naujos technologijos vario peptid\u0173 ampuli\u0173 serumu \u2013 auk\u0161\u010diausios kokyb\u0117s formule, skirta atgaivinti ir sugr\u0105\u017einti odai gyvybingum\u0105. \u0160is stiprus serumas, praturtintas pa\u017eangiais ingredientais, \u012fskaitant vario peptidus ir hialurono r\u016bg\u0161t\u012f, suteikia neprilygstam\u0105 dr\u0117kinim\u0105, pagerina odos spindes\u012f ir i\u0161lygina nelygi\u0105 tekst\u016br\u0105. Puikiai tinka nuolatinio odos sausumo, pilkumo ir pa\u017eeistos odos barjero problemoms spr\u0119sti, \u0161is serumas palieka od\u0105 ry\u0161kesn\u0119, stangresn\u0119 ir atsparesn\u0119.<\/p>\n<p>Pagrindin\u0117 nauda:<br \/>\n&#8211; Intensyvus dr\u0117kinimas ir dr\u0117gm\u0117s i\u0161laikymas: hialurono r\u016bg\u0161timi, \u0161is serumas giliai \u012fsiskverbia \u012f od\u0105, kad atstatyt\u0173 dr\u0117gm\u0117s lyg\u012f, veiksmingai suma\u017eint\u0173 sausum\u0105 ir i\u0161laikyt\u0173 optimali\u0105 dr\u0117gm\u0119 vis\u0105 dien\u0105.<br \/>\n&#8211; \u0160viesinimas ir atgaivinimas: Vario peptidai sinergi\u0161kai veikia, kad sustiprint\u0173 odos spindes\u012f, pagerindami kolageno sintez\u0119, suma\u017eindami odos pilkum\u0105 ir suvienodindami odos atspalv\u012f.<br \/>\n&#8211; Tekst\u016bros gerinimas: Specialiai sukurta nelygios tekst\u016bros ir pleiskanojimo problemoms spr\u0119sti, \u0161i formul\u0117 i\u0161lygina odos pavir\u0161i\u0173, suteikdama lygesn\u0119 ir \u0161velnesn\u0119 od\u0105.<\/p>\n<p>Tikslin\u0117s problemos:<br \/>\n&#8211; Didelis sausumas ir dehidratacija, pilka, pavargusi oda, nelygi tekst\u016bra ir pleiskanojanti oda<\/p>\n<p>Tinka:<br \/>\n&#8211; Visiems odos tipams, \u012fskaitant jautri\u0105 od\u0105. Ypa\u010d naudinga tiems, kurie susiduria su sausumu ar sen\u0117jimo po\u017eymiais.<\/p>\n<p>Veikliosios med\u017eiagos:<br \/>\n&#8211; Vario peptidai: Pa\u017eangus ingredientas, \u017einomas d\u0117l savo regeneracini\u0173 savybi\u0173, vario peptidai padeda pagerinti odos elastingum\u0105 ir stangrum\u0105, skatindami kolageno ir elastino gamyb\u0105.<\/p>\n<p>&#8211; Hialurono r\u016bg\u0161tis: Auk\u0161\u010diausios klas\u0117s dr\u0117kinamoji med\u017eiaga, pritraukianti dr\u0117gm\u0119 \u012f od\u0105, suteikia ilgalaik\u012f dr\u0117kinim\u0105 ir u\u017epildo od\u0105, ma\u017eindama smulki\u0173 rauk\u0161li\u0173 ir rauk\u0161leli\u0173 matomum\u0105.<\/p>\n<p>Naudojimas:<br \/>\nNorint pasiekti geriausius rezultatus, serum\u0105 naudokite du kartus per dien\u0105 \u2013 ryte ir vakare. Po valymo ir tonizavimo naudokite reikiam\u0105 kiek\u012f, naudodami prid\u0117t\u0105 \u0161virk\u0161t\u0105. \u0160velniai \u012fmasa\u017euokite serum\u0105 \u012f veido ir kaklo od\u0105, kol jis visi\u0161kai \u012fsigers, tada naudokite savo m\u0117gstam\u0105 dr\u0117kinam\u0105j\u012f krem\u0105 ar kitus odos prie\u017ei\u016bros produktus.<\/p>\n<p>Pakuot\u0117 ir pateikimas:<br \/>\nEleganti\u0161kai supakuotas \u012f 30 ml stiklin\u012f buteliuk\u0105, serumas pateikiamas kartu su precizi\u0161ku \u0161virk\u0161tu, kuris u\u017etikrina kontroliuojam\u0105 ir higieni\u0161k\u0105 naudojimo proces\u0105. Stilingas dizainas atspindi auk\u0161\u010diausios kokyb\u0117s produkt\u0105, tod\u0117l jis taps rafinuotu bet kurios odos prie\u017ei\u016bros kolekcijos priedu.<\/p>\n","protected":false},"excerpt":{"rendered":"<p>Pagerinkite savo odos prie\u017ei\u016bros rutin\u0105 su naujos technologijos vario peptid\u0173 ampuli\u0173 serumu \u2013 auk\u0161\u010diausios kokyb\u0117s formule, skirta atgaivinti ir sugr\u0105\u017einti odai gyvybingum\u0105. \u0160is stiprus serumas, praturtintas pa\u017eangiais ingredientais, \u012fskaitant vario peptidus ir hialurono r\u016bg\u0161t\u012f, suteikia neprilygstam\u0105 dr\u0117kinim\u0105, pagerina odos spindes\u012f ir i\u0161lygina nelygi\u0105 tekst\u016br\u0105. Puikiai tinka nuolatinio odos sausumo, pilkumo ir pa\u017eeistos odos barjero problemoms spr\u0119sti, \u0161is serumas palieka od\u0105 ry\u0161kesn\u0119, stangresn\u0119 ir atsparesn\u0119.<\/p>\n","protected":false},"featured_media":8465,"comment_status":"open","ping_status":"closed","template":"","meta":[],"product_brand":[],"product_cat":[43,212],"product_tag":[],"class_list":{"0":"post-8453","1":"product","2":"type-product","3":"status-publish","4":"has-post-thumbnail","6":"product_cat-grozis","7":"product_cat-veido-prieziuros-priemones","9":"first","10":"outofstock","11":"taxable","12":"shipping-taxable","13":"purchasable","14":"product-type-simple"},"_links":{"self":[{"href":"https:\/\/thequeenhouse.co.uk\/lt\/wp-json\/wp\/v2\/product\/8453","targetHints":{"allow":["GET"]}}],"collection":[{"href":"https:\/\/thequeenhouse.co.uk\/lt\/wp-json\/wp\/v2\/product"}],"about":[{"href":"https:\/\/thequeenhouse.co.uk\/lt\/wp-json\/wp\/v2\/types\/product"}],"replies":[{"embeddable":true,"href":"https:\/\/thequeenhouse.co.uk\/lt\/wp-json\/wp\/v2\/comments?post=8453"}],"wp:featuredmedia":[{"embeddable":true,"href":"https:\/\/thequeenhouse.co.uk\/lt\/wp-json\/wp\/v2\/media\/8465"}],"wp:attachment":[{"href":"https:\/\/thequeenhouse.co.uk\/lt\/wp-json\/wp\/v2\/media?parent=8453"}],"wp:term":[{"taxonomy":"product_brand","embeddable":true,"href":"https:\/\/thequeenhouse.co.uk\/lt\/wp-json\/wp\/v2\/product_brand?post=8453"},{"taxonomy":"product_cat","embeddable":true,"href":"https:\/\/thequeenhouse.co.uk\/lt\/wp-json\/wp\/v2\/product_cat?post=8453"},{"taxonomy":"product_tag","embeddable":true,"href":"https:\/\/thequeenhouse.co.uk\/lt\/wp-json\/wp\/v2\/product_tag?post=8453"}],"curies":[{"name":"wp","href":"https:\/\/api.w.org\/{rel}","templated":true}]}}