{"id":8734,"date":"2024-08-14T11:36:33","date_gmt":"2024-08-14T10:36:33","guid":{"rendered":"https:\/\/thequeenhouse.co.uk\/candle-care-kit\/"},"modified":"2025-01-26T17:44:19","modified_gmt":"2025-01-26T16:44:19","slug":"candle-care-kit","status":"publish","type":"product","link":"https:\/\/thequeenhouse.co.uk\/lt\/produktas\/candle-care-kit\/","title":{"rendered":"\u017dvaki\u0173 prie\u017ei\u016bros komplektas"},"content":{"rendered":"<p style=\"font-weight: 400;\">Tobulas rinkinys \u017evaki\u0173 myl\u0117tojams \u2013 m\u016bs\u0173 dag\u010di\u0173 \u017eirkl\u0117s ir gesintuvas yra sukurti tam, kad j\u016bs\u0173 \u017evak\u0117s tarnaut\u0173 ilgiau.<br \/>\nM\u016bs\u0173 dag\u010di\u0173 \u017eirkl\u0117s yra tobulai sukurtas tam, kad pad\u0117t\u0173 jums nukirpti \u017evak\u0117s dag\u010dius iki reikiamo ilgio. Kirpdami dag\u010dius iki 5 mm ilgio, u\u017etikrinsite tolyg\u0173 degim\u0105, i\u0161vengsite tuneliavimo ir apsaugosite stiklin\u0119 nuo pajuodavimo.<br \/>\n\u017dvak\u0117s gesintuvas yra paprastas b\u016bdas u\u017egesinti liepsn\u0105. Naudodami gesintuv\u0105, saugiai u\u017egesinsite \u017evak\u0119, suma\u017einsite d\u016bm\u0173 kiek\u012f ir i\u0161laikysite ger\u0105 \u017evak\u0117s degimo kokyb\u0119.<\/p>\n<p style=\"font-weight: 400;\">\nGalimi spalv\u0173 variantai: auksin\u0117, juoda, sidabrin\u0117 ir ro\u017einio aukso.<\/p>\n","protected":false},"excerpt":{"rendered":"<p style=\"font-weight: 400;\">Tobulas rinkinys \u017evaki\u0173 myl\u0117tojams \u2013 m\u016bs\u0173 dag\u010di\u0173 \u017eirkl\u0117s ir gesintuvas yra sukurti tam, kad j\u016bs\u0173 \u017evak\u0117s tarnaut\u0173 ilgiau.<br \/>\nM\u016bs\u0173 dag\u010di\u0173 \u017eirkl\u0117s yra tobulai sukurtas tam, kad pad\u0117t\u0173 jums nukirpti \u017evak\u0117s dag\u010dius iki reikiamo ilgio. Kirpdami dag\u010dius iki 5 mm ilgio, u\u017etikrinsite tolyg\u0173 degim\u0105, i\u0161vengsite tuneliavimo ir apsaugosite stiklin\u0119 nuo pajuodavimo.<br \/>\n\u017dvak\u0117s gesintuvas yra paprastas b\u016bdas u\u017egesinti liepsn\u0105. Naudodami gesintuv\u0105, saugiai u\u017egesinsite \u017evak\u0119, suma\u017einsite d\u016bm\u0173 kiek\u012f ir i\u0161laikysite ger\u0105 \u017evak\u0117s degimo kokyb\u0119.<\/p>\n<p style=\"font-weight: 400;\">\nGalimi spalv\u0173 variantai: auksin\u0117, juoda, sidabrin\u0117 ir ro\u017einio aukso.<\/p>\n","protected":false},"featured_media":8687,"comment_status":"open","ping_status":"closed","template":"","meta":[],"product_brand":[],"product_cat":[52,235],"product_tag":[],"class_list":{"0":"post-8734","1":"product","2":"type-product","3":"status-publish","4":"has-post-thumbnail","6":"product_cat-zvakes","7":"product_cat-zvakiu-priedai","9":"first","10":"instock","11":"taxable","12":"shipping-taxable","13":"purchasable","14":"product-type-variable"},"_links":{"self":[{"href":"https:\/\/thequeenhouse.co.uk\/lt\/wp-json\/wp\/v2\/product\/8734","targetHints":{"allow":["GET"]}}],"collection":[{"href":"https:\/\/thequeenhouse.co.uk\/lt\/wp-json\/wp\/v2\/product"}],"about":[{"href":"https:\/\/thequeenhouse.co.uk\/lt\/wp-json\/wp\/v2\/types\/product"}],"replies":[{"embeddable":true,"href":"https:\/\/thequeenhouse.co.uk\/lt\/wp-json\/wp\/v2\/comments?post=8734"}],"wp:featuredmedia":[{"embeddable":true,"href":"https:\/\/thequeenhouse.co.uk\/lt\/wp-json\/wp\/v2\/media\/8687"}],"wp:attachment":[{"href":"https:\/\/thequeenhouse.co.uk\/lt\/wp-json\/wp\/v2\/media?parent=8734"}],"wp:term":[{"taxonomy":"product_brand","embeddable":true,"href":"https:\/\/thequeenhouse.co.uk\/lt\/wp-json\/wp\/v2\/product_brand?post=8734"},{"taxonomy":"product_cat","embeddable":true,"href":"https:\/\/thequeenhouse.co.uk\/lt\/wp-json\/wp\/v2\/product_cat?post=8734"},{"taxonomy":"product_tag","embeddable":true,"href":"https:\/\/thequeenhouse.co.uk\/lt\/wp-json\/wp\/v2\/product_tag?post=8734"}],"curies":[{"name":"wp","href":"https:\/\/api.w.org\/{rel}","templated":true}]}}