{"id":8756,"date":"2024-08-14T14:10:30","date_gmt":"2024-08-14T13:10:31","guid":{"rendered":"https:\/\/thequeenhouse.co.uk\/?post_type=product&#038;p=8756"},"modified":"2024-10-14T11:09:20","modified_gmt":"2024-10-14T10:09:20","slug":"zvakiu-prieziuros-komplektas-copy","status":"publish","type":"product","link":"https:\/\/thequeenhouse.co.uk\/lt\/produktas\/zvakiu-prieziuros-komplektas-copy\/","title":{"rendered":"\u017dvaki\u0173 dagties \u017eirkl\u0117s"},"content":{"rendered":"<p style=\"font-weight: 400;\">\u017dvaki\u0173 myl\u0117tojams \u2013 m\u016bs\u0173 dag\u010di\u0173 \u017eirkl\u0117s yra sukurtos tam, kad j\u016bs\u0173 \u017evak\u0117s tarnaut\u0173 ilgiau.<\/p>\n<p style=\"font-weight: 400;\">M\u016bs\u0173 dag\u010di\u0173 \u017eirkl\u0117s yra tobulai sukurtas tam, kad pad\u0117t\u0173 jums nukirpti \u017evak\u0117s dag\u010dius iki reikiamo ilgio. Kirpdami dag\u010dius iki 5 mm ilgio, u\u017etikrinsite tolyg\u0173 degim\u0105, i\u0161vengsite tuneliavimo ir apsaugosite stiklin\u0119 nuo pajuodavimo.<\/p>\n<p style=\"font-weight: 400;\">Galimi spalv\u0173 variantai: auksin\u0117, juoda, sidabrin\u0117 ir ro\u017einio aukso.<\/p>\n","protected":false},"excerpt":{"rendered":"<p style=\"font-weight: 400;\">\u017dvaki\u0173 myl\u0117tojams \u2013 m\u016bs\u0173 dag\u010di\u0173 \u017eirkl\u0117s yra sukurtos tam, kad j\u016bs\u0173 \u017evak\u0117s tarnaut\u0173 ilgiau.<\/p>\n<p style=\"font-weight: 400;\">M\u016bs\u0173 dag\u010di\u0173 \u017eirkl\u0117s yra tobulai sukurtas tam, kad pad\u0117t\u0173 jums nukirpti \u017evak\u0117s dag\u010dius iki reikiamo ilgio. Kirpdami dag\u010dius iki 5 mm ilgio, u\u017etikrinsite tolyg\u0173 degim\u0105, i\u0161vengsite tuneliavimo ir apsaugosite stiklin\u0119 nuo pajuodavimo.<\/p>\n<p style=\"font-weight: 400;\">Galimi spalv\u0173 variantai: auksin\u0117, juoda, sidabrin\u0117 ir ro\u017einio aukso.<\/p>\n","protected":false},"featured_media":8691,"comment_status":"open","ping_status":"closed","template":"","meta":[],"product_brand":[],"product_cat":[52,235],"product_tag":[],"class_list":{"0":"post-8756","1":"product","2":"type-product","3":"status-publish","4":"has-post-thumbnail","6":"product_cat-zvakes","7":"product_cat-zvakiu-priedai","9":"first","10":"instock","11":"taxable","12":"shipping-taxable","13":"purchasable","14":"product-type-variable"},"_links":{"self":[{"href":"https:\/\/thequeenhouse.co.uk\/lt\/wp-json\/wp\/v2\/product\/8756","targetHints":{"allow":["GET"]}}],"collection":[{"href":"https:\/\/thequeenhouse.co.uk\/lt\/wp-json\/wp\/v2\/product"}],"about":[{"href":"https:\/\/thequeenhouse.co.uk\/lt\/wp-json\/wp\/v2\/types\/product"}],"replies":[{"embeddable":true,"href":"https:\/\/thequeenhouse.co.uk\/lt\/wp-json\/wp\/v2\/comments?post=8756"}],"wp:featuredmedia":[{"embeddable":true,"href":"https:\/\/thequeenhouse.co.uk\/lt\/wp-json\/wp\/v2\/media\/8691"}],"wp:attachment":[{"href":"https:\/\/thequeenhouse.co.uk\/lt\/wp-json\/wp\/v2\/media?parent=8756"}],"wp:term":[{"taxonomy":"product_brand","embeddable":true,"href":"https:\/\/thequeenhouse.co.uk\/lt\/wp-json\/wp\/v2\/product_brand?post=8756"},{"taxonomy":"product_cat","embeddable":true,"href":"https:\/\/thequeenhouse.co.uk\/lt\/wp-json\/wp\/v2\/product_cat?post=8756"},{"taxonomy":"product_tag","embeddable":true,"href":"https:\/\/thequeenhouse.co.uk\/lt\/wp-json\/wp\/v2\/product_tag?post=8756"}],"curies":[{"name":"wp","href":"https:\/\/api.w.org\/{rel}","templated":true}]}}