{"id":8772,"date":"2024-08-14T14:42:35","date_gmt":"2024-08-14T13:42:37","guid":{"rendered":"https:\/\/thequeenhouse.co.uk\/?post_type=product&#038;p=8772"},"modified":"2024-10-14T11:09:20","modified_gmt":"2024-10-14T10:09:20","slug":"zvakiu-prieziuros-komplektas-copy-2","status":"publish","type":"product","link":"https:\/\/thequeenhouse.co.uk\/lt\/produktas\/zvakiu-prieziuros-komplektas-copy-2\/","title":{"rendered":"\u017dvaki\u0173 dagties gesintuvas"},"content":{"rendered":"<p style=\"font-weight: 400;\">\u017dvaki\u0173 myl\u0117tojams \u2013 \u017evaki\u0173 dagties gesintuvas yra sukurti tam, kad j\u016bs\u0173 \u017evak\u0117s tarnaut\u0173 ilgiau.<\/p>\n<p style=\"font-weight: 400;\">\u017dvak\u0117s gesintuvas yra paprastas b\u016bdas u\u017egesinti liepsn\u0105. Naudodami gesintuv\u0105, saugiai u\u017egesinsite \u017evak\u0119, suma\u017einsite d\u016bm\u0173 kiek\u012f ir i\u0161laikysite ger\u0105 \u017evak\u0117s degimo kokyb\u0119.<\/p>\n<p style=\"font-weight: 400;\">Galimi spalv\u0173 variantai: auksin\u0117, juoda, sidabrin\u0117 ir ro\u017einio aukso.<\/p>\n","protected":false},"excerpt":{"rendered":"<p style=\"font-weight: 400;\">Tobulas rinkinys \u017evaki\u0173 myl\u0117tojams \u2013 m\u016bs\u0173 dag\u010di\u0173 gesintuvas yra sukurti tam, kad j\u016bs\u0173 \u017evak\u0117s tarnaut\u0173 ilgiau.<\/p>\n<p style=\"font-weight: 400;\">\u017dvak\u0117s gesintuvas yra paprastas b\u016bdas u\u017egesinti liepsn\u0105. Naudodami gesintuv\u0105, saugiai u\u017egesinsite \u017evak\u0119, suma\u017einsite d\u016bm\u0173 kiek\u012f ir i\u0161laikysite ger\u0105 \u017evak\u0117s degimo kokyb\u0119.<\/p>\n<p style=\"font-weight: 400;\">Galimi spalv\u0173 variantai: auksin\u0117, juoda, sidabrin\u0117 ir ro\u017einio aukso.<\/p>\n","protected":false},"featured_media":8693,"comment_status":"open","ping_status":"closed","template":"","meta":[],"product_brand":[],"product_cat":[52,235],"product_tag":[],"class_list":{"0":"post-8772","1":"product","2":"type-product","3":"status-publish","4":"has-post-thumbnail","6":"product_cat-zvakes","7":"product_cat-zvakiu-priedai","9":"first","10":"instock","11":"taxable","12":"shipping-taxable","13":"purchasable","14":"product-type-variable"},"_links":{"self":[{"href":"https:\/\/thequeenhouse.co.uk\/lt\/wp-json\/wp\/v2\/product\/8772","targetHints":{"allow":["GET"]}}],"collection":[{"href":"https:\/\/thequeenhouse.co.uk\/lt\/wp-json\/wp\/v2\/product"}],"about":[{"href":"https:\/\/thequeenhouse.co.uk\/lt\/wp-json\/wp\/v2\/types\/product"}],"replies":[{"embeddable":true,"href":"https:\/\/thequeenhouse.co.uk\/lt\/wp-json\/wp\/v2\/comments?post=8772"}],"wp:featuredmedia":[{"embeddable":true,"href":"https:\/\/thequeenhouse.co.uk\/lt\/wp-json\/wp\/v2\/media\/8693"}],"wp:attachment":[{"href":"https:\/\/thequeenhouse.co.uk\/lt\/wp-json\/wp\/v2\/media?parent=8772"}],"wp:term":[{"taxonomy":"product_brand","embeddable":true,"href":"https:\/\/thequeenhouse.co.uk\/lt\/wp-json\/wp\/v2\/product_brand?post=8772"},{"taxonomy":"product_cat","embeddable":true,"href":"https:\/\/thequeenhouse.co.uk\/lt\/wp-json\/wp\/v2\/product_cat?post=8772"},{"taxonomy":"product_tag","embeddable":true,"href":"https:\/\/thequeenhouse.co.uk\/lt\/wp-json\/wp\/v2\/product_tag?post=8772"}],"curies":[{"name":"wp","href":"https:\/\/api.w.org\/{rel}","templated":true}]}}