{"id":9236,"date":"2024-08-28T21:17:39","date_gmt":"2024-08-28T20:17:40","guid":{"rendered":"https:\/\/thequeenhouse.co.uk\/?post_type=product&#038;p=9236"},"modified":"2025-09-20T12:29:51","modified_gmt":"2025-09-20T11:29:51","slug":"zvakiu-dagties-gesintuvas-copy","status":"publish","type":"product","link":"https:\/\/thequeenhouse.co.uk\/lt\/produktas\/zvakiu-dagties-gesintuvas-copy\/","title":{"rendered":"Prabang\u016bs \u017evaki\u0173 degtukai"},"content":{"rendered":"<p style=\"font-weight: 400;\">Pristatome m\u016bs\u0173 prabang\u0173 degtuk\u0173 rinkin\u012f, eleganti\u0161kai \u012frengt\u0105 stilingame stiklo indelyje su dailiu kam\u0161\u010diu ir u\u017ebaigt\u0105 juodu satino kaspinu su aukso spalvos prek\u0117s \u017eenklo \u012fspaudu. Viduje rasite auk\u0161tos kokyb\u0117s balt\u0173 galiuk\u0173 degtukus, kurie puikiai der\u0117s su bet kuriomis prabangiomis \u017evak\u0117mis. Indelio minimalistinis dizainas su m\u016bs\u0173 i\u0161skirtiniu logotipu suteikia elegancijos ir tampa i\u0161skirtine interjero detale, o jo funkcionalumas daro j\u012f b\u016btinu pasirinkimu \u017evaki\u0173 m\u0117g\u0117jams. Patobulinkite savo \u017evaki\u0173 deginimo ritual\u0105 su \u0161iuo stulbinan\u010diu papildymu, kuris puikiai dera su m\u016bs\u0173 prabangiomis \u017evak\u0117mis ir sukuria nesenstant\u012f bei harmoning\u0105 vaizd\u0105 bet kokioje aplinkoje.<\/p>\n","protected":false},"excerpt":{"rendered":"<p style=\"font-weight: 400;\">Pristatome m\u016bs\u0173 prabang\u0173 degtuk\u0173 rinkin\u012f, eleganti\u0161kai \u012frengt\u0105 stilingame stiklo indelyje su dailiu kam\u0161\u010diu ir u\u017ebaigt\u0105 juodu satino kaspinu su aukso spalvos prek\u0117s \u017eenklo \u012fspaudu. Viduje rasite auk\u0161tos kokyb\u0117s balt\u0173 galiuk\u0173 degtukus, kurie puikiai der\u0117s su bet kuriomis prabangiomis \u017evak\u0117mis. Indelio minimalistinis dizainas su m\u016bs\u0173 i\u0161skirtiniu logotipu suteikia elegancijos ir tampa i\u0161skirtine interjero detale, o jo funkcionalumas daro j\u012f b\u016btinu pasirinkimu \u017evaki\u0173 m\u0117g\u0117jams. Patobulinkite savo \u017evaki\u0173 deginimo ritual\u0105 su \u0161iuo stulbinan\u010diu papildymu, kuris puikiai dera su m\u016bs\u0173 prabangiomis \u017evak\u0117mis ir sukuria nesenstant\u012f bei harmoning\u0105 vaizd\u0105 bet kokioje aplinkoje.<\/p>\n","protected":false},"featured_media":9244,"comment_status":"open","ping_status":"closed","template":"","meta":[],"product_brand":[],"product_cat":[173,52,235],"product_tag":[],"class_list":{"0":"post-9236","1":"product","2":"type-product","3":"status-publish","4":"has-post-thumbnail","6":"product_cat-best-sellers-lt","7":"product_cat-zvakes","8":"product_cat-zvakiu-priedai","10":"first","11":"instock","12":"taxable","13":"shipping-taxable","14":"purchasable","15":"product-type-simple"},"_links":{"self":[{"href":"https:\/\/thequeenhouse.co.uk\/lt\/wp-json\/wp\/v2\/product\/9236","targetHints":{"allow":["GET"]}}],"collection":[{"href":"https:\/\/thequeenhouse.co.uk\/lt\/wp-json\/wp\/v2\/product"}],"about":[{"href":"https:\/\/thequeenhouse.co.uk\/lt\/wp-json\/wp\/v2\/types\/product"}],"replies":[{"embeddable":true,"href":"https:\/\/thequeenhouse.co.uk\/lt\/wp-json\/wp\/v2\/comments?post=9236"}],"wp:featuredmedia":[{"embeddable":true,"href":"https:\/\/thequeenhouse.co.uk\/lt\/wp-json\/wp\/v2\/media\/9244"}],"wp:attachment":[{"href":"https:\/\/thequeenhouse.co.uk\/lt\/wp-json\/wp\/v2\/media?parent=9236"}],"wp:term":[{"taxonomy":"product_brand","embeddable":true,"href":"https:\/\/thequeenhouse.co.uk\/lt\/wp-json\/wp\/v2\/product_brand?post=9236"},{"taxonomy":"product_cat","embeddable":true,"href":"https:\/\/thequeenhouse.co.uk\/lt\/wp-json\/wp\/v2\/product_cat?post=9236"},{"taxonomy":"product_tag","embeddable":true,"href":"https:\/\/thequeenhouse.co.uk\/lt\/wp-json\/wp\/v2\/product_tag?post=9236"}],"curies":[{"name":"wp","href":"https:\/\/api.w.org\/{rel}","templated":true}]}}