{"id":9246,"date":"2024-08-29T11:43:56","date_gmt":"2024-08-29T10:43:56","guid":{"rendered":"https:\/\/thequeenhouse.co.uk\/?post_type=product&#038;p=9246"},"modified":"2025-02-28T18:56:23","modified_gmt":"2025-02-28T17:56:23","slug":"stay-up-peptidu-drekinamas-veido-serumas-copy","status":"publish","type":"product","link":"https:\/\/thequeenhouse.co.uk\/lt\/produktas\/stay-up-peptidu-drekinamas-veido-serumas-copy\/","title":{"rendered":"Daugkartinio naudojimo makia\u017eo valymo padeliai"},"content":{"rendered":"<div>\u0160ie dvipusiai, daugkartinio naudojimo audinio padeliai u\u017etikrina paprast\u0105 ir efektyv\u0173 makia\u017eo valym\u0105.<\/div>\n<div><\/div>\n<div>Naudokite \u0161viesiai pilk\u0105 pus\u0119 skys\u010diams ir kremams pa\u0161alinti, o tamsiai pilk\u0105 pus\u0119 &#8211; aliejams ir biriems aki\u0173 makia\u017eui nuvalyti. \u0160iuos padelius galima naudoti su veido prausikliu ar makia\u017eo valikliu arba be j\u0173.<\/div>\n<div><\/div>\n<div>Kaip naudoti:<\/div>\n<div><\/div>\n<div>\u2022Sudr\u0117kinkite \u0161iltu vandeniu ir \u0161velniai \u0161veiskite sukamaisiais judesiais.<\/div>\n<div>\u2022Po kiekvieno naudojimo gerai i\u0161skalaukite ir leiskite i\u0161d\u017ei\u016bti.<\/div>\n<div>\u2022Keiskite kas 1\u20133 m\u0117nesius.<\/div>\n","protected":false},"excerpt":{"rendered":"<div>\u0160ie dvipusiai, daugkartinio naudojimo audinio padeliai u\u017etikrina paprast\u0105 ir efektyv\u0173 makia\u017eo valym\u0105.<\/div>\n<div><\/div>\n<div>Naudokite \u0161viesiai pilk\u0105 pus\u0119 skys\u010diams ir kremams pa\u0161alinti, o tamsiai pilk\u0105 pus\u0119 &#8211; aliejams ir biriems aki\u0173 makia\u017eui nuvalyti. \u0160iuos padelius galima naudoti su veido prausikliu ar makia\u017eo valikliu arba be j\u0173.<\/div>\n<div><\/div>\n<div>Kaip naudoti:<\/div>\n<div><\/div>\n<div>\u2022Sudr\u0117kinkite \u0161iltu vandeniu ir \u0161velniai \u0161veiskite sukamaisiais judesiais.<\/div>\n<div>\u2022Po kiekvieno naudojimo gerai i\u0161skalaukite ir leiskite i\u0161d\u017ei\u016bti.<\/div>\n<div>\u2022Keiskite kas 1\u20133 m\u0117nesius.<\/div>\n","protected":false},"featured_media":9256,"comment_status":"open","ping_status":"closed","template":"","meta":[],"product_brand":[],"product_cat":[43,212],"product_tag":[],"class_list":{"0":"post-9246","1":"product","2":"type-product","3":"status-publish","4":"has-post-thumbnail","6":"product_cat-grozis","7":"product_cat-veido-prieziuros-priemones","9":"first","10":"instock","11":"taxable","12":"shipping-taxable","13":"purchasable","14":"product-type-variable"},"_links":{"self":[{"href":"https:\/\/thequeenhouse.co.uk\/lt\/wp-json\/wp\/v2\/product\/9246","targetHints":{"allow":["GET"]}}],"collection":[{"href":"https:\/\/thequeenhouse.co.uk\/lt\/wp-json\/wp\/v2\/product"}],"about":[{"href":"https:\/\/thequeenhouse.co.uk\/lt\/wp-json\/wp\/v2\/types\/product"}],"replies":[{"embeddable":true,"href":"https:\/\/thequeenhouse.co.uk\/lt\/wp-json\/wp\/v2\/comments?post=9246"}],"wp:featuredmedia":[{"embeddable":true,"href":"https:\/\/thequeenhouse.co.uk\/lt\/wp-json\/wp\/v2\/media\/9256"}],"wp:attachment":[{"href":"https:\/\/thequeenhouse.co.uk\/lt\/wp-json\/wp\/v2\/media?parent=9246"}],"wp:term":[{"taxonomy":"product_brand","embeddable":true,"href":"https:\/\/thequeenhouse.co.uk\/lt\/wp-json\/wp\/v2\/product_brand?post=9246"},{"taxonomy":"product_cat","embeddable":true,"href":"https:\/\/thequeenhouse.co.uk\/lt\/wp-json\/wp\/v2\/product_cat?post=9246"},{"taxonomy":"product_tag","embeddable":true,"href":"https:\/\/thequeenhouse.co.uk\/lt\/wp-json\/wp\/v2\/product_tag?post=9246"}],"curies":[{"name":"wp","href":"https:\/\/api.w.org\/{rel}","templated":true}]}}