{"id":9301,"date":"2024-09-04T06:11:39","date_gmt":"2024-09-04T05:13:44","guid":{"rendered":"https:\/\/thequeenhouse.co.uk\/?post_type=product&#038;p=9301"},"modified":"2024-10-14T11:09:19","modified_gmt":"2024-10-14T10:09:19","slug":"osom-800gr-prabangi-kokosu-vasko-zvake-zalia","status":"publish","type":"product","link":"https:\/\/thequeenhouse.co.uk\/lt\/produktas\/osom-800gr-prabangi-kokosu-vasko-zvake-zalia\/","title":{"rendered":"\u201eOSOM\u201c \u2013 800gr prabangi kokos\u0173 va\u0161ko \u017evak\u0117 (\u017ealia)"},"content":{"rendered":"<p><strong>Ekologi\u0161ka ir draugi\u0161ka veganams \u2013 2024 m. Naujausia rudens kolekcija<\/strong><\/p>\n<p><strong><u>Apra\u0161ymas:<\/u><\/strong><\/p>\n<p>Patirkite prabangos vir\u0161\u016bn\u0119 su \u201eOSOM\u201c 800gr \u017evake \u2013 m\u016bs\u0173 naujausia 2024 m. rudens kolekcijos pagrindiniu akcentu. Pagaminta i\u0161 auk\u0161\u010diausios kokyb\u0117s kokos\u0173 va\u0161ko, \u0161i \u017evak\u0117 prisotinta auk\u0161\u010diausios klas\u0117s parfumuotais aromatais, kurie u\u017epildys j\u016bs\u0173 namus neatsispiriamu kvapu. \u017dvak\u0117 yra gra\u017eiame, ry\u0161kiame stikliniame inde, ekologi\u0161ka ir tinkama veganams, skirta tiems, kurie vertina stili\u0173 ir tvarum\u0105.<\/p>\n<p><strong>Ypatyb\u0117s:<\/strong><\/p>\n<ul>\n<li>Prabangus kokos\u0173 va\u0161kas: U\u017etikrina \u0161varesn\u012f, ilgiau degant\u012f va\u0161k\u0105, kuris yra draugi\u0161kas aplinkai.<\/li>\n<li>I\u0161skirtiniai aromatai: Praturtinta auk\u0161\u010diausios kokyb\u0117s parfumuotais aromatais, sukurian\u010dius ilgalaik\u012f ir \u017eaving\u0105 kvap\u0105.<\/li>\n<li>Ekologi\u0161ka ir draugi\u0161ka veganams: Pagaminta i\u0161 nat\u016brali\u0173, tvari\u0173 ingredient\u0173, puikiai tinka veganams.<\/li>\n<li>Ry\u0161kus ir gra\u017eus indas: 105 mm x 88 mm dyd\u017eio, 120 mm auk\u0161\u010dio, pridedantis spalv\u0173 ir elegancijos bet kuriam interjerui.<\/li>\n<\/ul>\n<p>&nbsp;<\/p>\n<p><strong>Kod\u0117l verta pirkti:<\/strong><\/p>\n<p>\u201eOSOM\u201c prabangi \u017evak\u0117 yra daugiau nei tik \u017evak\u0117 \u2013 tai j\u016bs\u0173 \u012fsipareigojimo kokybei ir tvarumui i\u0161rai\u0161ka. Idealiai tinka kuriant jauki\u0105 atmosfer\u0105, tai gali b\u016bti apgalvota dovana ar prabangus malonumas sau. Su savo stulbinan\u010diu indu ir puikiais aromatais, tai puikus papildymas bet kokiam interjerui.<\/p>\n<p><strong>Gyvenimo b\u016bdo integracija:<\/strong><\/p>\n<p>\u012esivaizduokite, kaip u\u017esidegate \u201eOSOM\u201c prabangi\u0105 \u017evak\u0119 v\u0117s\u0173 rudens vakar\u0105, jos sodrus aromatas praturtina j\u016bs\u0173 erdv\u0119, o ry\u0161kus indas prideda spalv\u0173 akcent\u0105. Puikiai tinka atsipalaidavimui po ilgos dienos arba kuriant ypating\u0105 nuotaik\u0105 ypatingai progai, \u0161i \u017evak\u0117 suteikia \u0161ilumos, elegancijos ir prabangos j\u016bs\u0173 kasdieniam gyvenimui.<\/p>\n","protected":false},"excerpt":{"rendered":"<p><strong>Ekologi\u0161ka ir draugi\u0161ka veganams \u2013 2024 m. Naujausia rudens kolekcija<\/strong><\/p>\n<p><strong>\u00a0<\/strong><\/p>\n<p><strong><u>Apra\u0161ymas:<\/u><\/strong><\/p>\n<p>Patirkite prabangos vir\u0161\u016bn\u0119 su \u201eOSOM\u201c 800gr \u017evake \u2013 m\u016bs\u0173 naujausia 2024 m. rudens kolekcijos pagrindiniu akcentu. Pagaminta i\u0161 auk\u0161\u010diausios kokyb\u0117s kokos\u0173 va\u0161ko, \u0161i \u017evak\u0117 prisotinta auk\u0161\u010diausios klas\u0117s parfumuotais aromatais, kurie u\u017epildys j\u016bs\u0173 namus neatsispiriamu kvapu. \u017dvak\u0117 yra gra\u017eiame, ry\u0161kiame stikliniame inde, ekologi\u0161ka ir tinkama veganams, skirta tiems, kurie vertina stili\u0173 ir tvarum\u0105.<\/p>\n","protected":false},"featured_media":9295,"comment_status":"open","ping_status":"closed","template":"","meta":[],"product_brand":[],"product_cat":[243,52],"product_tag":[],"class_list":{"0":"post-9301","1":"product","2":"type-product","3":"status-publish","4":"has-post-thumbnail","6":"product_cat-osom-kolekcija-800g","7":"product_cat-zvakes","9":"first","10":"instock","11":"taxable","12":"shipping-taxable","13":"purchasable","14":"product-type-variable"},"_links":{"self":[{"href":"https:\/\/thequeenhouse.co.uk\/lt\/wp-json\/wp\/v2\/product\/9301","targetHints":{"allow":["GET"]}}],"collection":[{"href":"https:\/\/thequeenhouse.co.uk\/lt\/wp-json\/wp\/v2\/product"}],"about":[{"href":"https:\/\/thequeenhouse.co.uk\/lt\/wp-json\/wp\/v2\/types\/product"}],"replies":[{"embeddable":true,"href":"https:\/\/thequeenhouse.co.uk\/lt\/wp-json\/wp\/v2\/comments?post=9301"}],"wp:featuredmedia":[{"embeddable":true,"href":"https:\/\/thequeenhouse.co.uk\/lt\/wp-json\/wp\/v2\/media\/9295"}],"wp:attachment":[{"href":"https:\/\/thequeenhouse.co.uk\/lt\/wp-json\/wp\/v2\/media?parent=9301"}],"wp:term":[{"taxonomy":"product_brand","embeddable":true,"href":"https:\/\/thequeenhouse.co.uk\/lt\/wp-json\/wp\/v2\/product_brand?post=9301"},{"taxonomy":"product_cat","embeddable":true,"href":"https:\/\/thequeenhouse.co.uk\/lt\/wp-json\/wp\/v2\/product_cat?post=9301"},{"taxonomy":"product_tag","embeddable":true,"href":"https:\/\/thequeenhouse.co.uk\/lt\/wp-json\/wp\/v2\/product_tag?post=9301"}],"curies":[{"name":"wp","href":"https:\/\/api.w.org\/{rel}","templated":true}]}}